{"id":29695,"date":"2023-01-18T18:13:41","date_gmt":"2023-01-18T10:13:41","guid":{"rendered":"https:\/\/gretasexylingerie.com\/?post_type=product&#038;p=29695"},"modified":"2024-01-17T22:05:17","modified_gmt":"2024-01-17T14:05:17","slug":"corset-a-jarretelles-en-maille-transparente-a-motif-floral","status":"publish","type":"product","link":"https:\/\/gretasexylingerie.com\/fr\/products\/transparent-mesh-floral-gartered-corset\/","title":{"rendered":"Vente en gros Corset Jarreti\u00e8re Floral En Maille Transparente"},"content":{"rendered":"<p>Caract\u00e9ristiques:<\/p>\n\n\n\n<p>1. Tissu en maille transparente, doux et d\u00e9licat, et brod\u00e9 de motifs exquis pour d\u00e9corer votre beau corps.<br>2. Les petites vagues autour du corps sont modifi\u00e9es et l&#039;abdomen est crois\u00e9 avec des bretelles r\u00e9glables, ce qui peut rendre les sous-v\u00eatements plus en ligne avec votre corps.<br>3. Les sous-v\u00eatements sont fabriqu\u00e9s dans le m\u00eame mat\u00e9riau et la ceinture est \u00e9lastique et r\u00e9glable.<\/p>\n\n\n\n<figure class=\"wp-block-table is-style-stripes\"><table><tbody><tr><td colspan=\"4\">Carte du site (CM)<\/td><\/tr><tr><td>Taille<\/td><td>Sous le buste<\/td><td>Longueur<\/td><td>Taille<\/td><\/tr><tr><td>S<\/td><td>64-74<\/td><td>40<\/td><td>62<\/td><\/tr><tr><td>M<\/td><td>68-78<\/td><td>41<\/td><td>66<\/td><\/tr><tr><td>L<\/td><td>72-82<\/td><td>42<\/td><td>70<\/td><\/tr><tr><td>XL<\/td><td>76-86<\/td><td>43<\/td><td>74<\/td><\/tr><tr><td colspan=\"4\">Carte du site (POUCES)<\/td><\/tr><tr><td>Taille<\/td><td>Sous le buste<\/td><td>Hauteur de tasse<\/td><td>Taille<\/td><\/tr><tr><td>S<\/td><td>25.6-29.6<\/td><td>16<\/td><td>24.8<\/td><\/tr><tr><td>M<\/td><td>27.2-31.2<\/td><td>16.4<\/td><td>26.4<\/td><\/tr><tr><td>L<\/td><td>28.8-32.8<\/td><td>16.8<\/td><td>28<\/td><\/tr><tr><td>XL<\/td><td>30.4-34.4<\/td><td>17.2<\/td><td>29.6<\/td><\/tr><tr><td colspan=\"4\">Remarque : 1. Il peut y avoir un \u00e9cart de 1 \u00e0 2 cm dans diff\u00e9rentes tailles, emplacements et \u00e9tirements de tissus. Le tableau des tailles est \u00e0 titre indicatif uniquement, il peut y avoir une petite diff\u00e9rence avec ce que vous obtenez. 2. Il existe 3 types d&#039;\u00e9lasticit\u00e9\u00a0: haute \u00e9lasticit\u00e9 (\u00e9tir\u00e9 des deux c\u00f4t\u00e9s), \u00e9lasticit\u00e9 moyenne (\u00e9tir\u00e9 d&#039;un c\u00f4t\u00e9) et non \u00e9lastique (ne peut pas \u00eatre \u00e9tir\u00e9). 3.La couleur peut \u00eatre plus claire ou plus fonc\u00e9e en raison de l&#039;affichage diff\u00e9rent du PC. 4. Lavez-le \u00e0 la main dans de l&#039;eau \u00e0 30 degr\u00e9s, suspendez-le pour s\u00e9cher \u00e0 l&#039;ombre, interdisez le blanchiment. 5.Il peut y avoir une l\u00e9g\u00e8re diff\u00e9rence sur les d\u00e9tails et le motif.<\/td><\/tr><\/tbody><\/table><\/figure>","protected":false},"excerpt":{"rendered":"<p>Le corset \u00e0 jarretelles floral en maille transparente super sexy gardera votre amoureux loin de vous. Fabriqu\u00e9 en maille transparente douce avec de jolis motifs brod\u00e9s, de petites vagues sur les bords, des liens crois\u00e9s au niveau du ventre, des bretelles r\u00e9glables sur les bretelles et la ceinture de la culotte.<\/p>","protected":false},"featured_media":29701,"template":"","meta":[],"product_brand":[],"product_cat":[388,389,386,367],"product_tag":[448,516,518,446,509],"class_list":{"0":"post-29695","1":"product","2":"type-product","3":"status-publish","4":"has-post-thumbnail","6":"product_cat-wholesale-gartered-corset","7":"product_cat-wholesale-lace-bustier","8":"product_cat-sexy-bustiers","9":"product_cat-sexy-lingerie","10":"product_tag-wholesale-elegant-sexy-lingerie","11":"product_tag-lace-lingerie","12":"product_tag-mesh-lingerie","13":"product_tag-wholesale-sexy-see-through-lingerie","14":"product_tag-two-pcs-set","15":"pa_color-black","16":"pa_cup-full-cup","17":"pa_size-wholesale-large-size-women-sexy-lingerie","18":"pa_size-wholesale-medium-size-women-sexy-lingerie","19":"pa_size-wholesale-small-size-sexy-lingerie","20":"pa_size-wholesale-extra-large-sexy-lingerie","22":"first","23":"instock","24":"taxable","25":"shipping-taxable","26":"purchasable","27":"product-type-variable"},"tiered_pricing_type":"fixed","tiered_pricing_fixed_rules":[],"tiered_pricing_product_settings":{"layout":"default","base_unit_name":{"singular":null,"plural":null},"default_variation":null},"tiered_pricing_minimum_quantity":null,"tiered_pricing_roles_data":{"default_wholesaler":{"product_id":29695,"role":"default_wholesaler","pricing_type":"flat","regular_price":null,"sale_price":null,"discount":null,"discount_type":"sale_price","tiered_pricing_type":"fixed","percentage_rules":[],"fixed_rules":{"2":"8.39","30":"7.19","500":"6.29"},"minimum":null},"dropshippinger":{"product_id":29695,"role":"dropshippinger","pricing_type":"flat","regular_price":null,"sale_price":null,"discount":null,"discount_type":"sale_price","tiered_pricing_type":"fixed","percentage_rules":[],"fixed_rules":{"1":"9.99","5":"8.39","20":"7.19"},"minimum":null}},"tiered_pricing_percentage_rules":[],"tiered_pricing_maximum_quantity":null,"tiered_pricing_quantity_step":null,"_links":{"self":[{"href":"https:\/\/gretasexylingerie.com\/fr\/wp-json\/wp\/v2\/product\/29695","targetHints":{"allow":["GET"]}}],"collection":[{"href":"https:\/\/gretasexylingerie.com\/fr\/wp-json\/wp\/v2\/product"}],"about":[{"href":"https:\/\/gretasexylingerie.com\/fr\/wp-json\/wp\/v2\/types\/product"}],"wp:featuredmedia":[{"embeddable":true,"href":"https:\/\/gretasexylingerie.com\/fr\/wp-json\/wp\/v2\/media\/29701"}],"wp:attachment":[{"href":"https:\/\/gretasexylingerie.com\/fr\/wp-json\/wp\/v2\/media?parent=29695"}],"wp:term":[{"taxonomy":"product_brand","embeddable":true,"href":"https:\/\/gretasexylingerie.com\/fr\/wp-json\/wp\/v2\/product_brand?post=29695"},{"taxonomy":"product_cat","embeddable":true,"href":"https:\/\/gretasexylingerie.com\/fr\/wp-json\/wp\/v2\/product_cat?post=29695"},{"taxonomy":"product_tag","embeddable":true,"href":"https:\/\/gretasexylingerie.com\/fr\/wp-json\/wp\/v2\/product_tag?post=29695"}],"curies":[{"name":"wp","href":"https:\/\/api.w.org\/{rel}","templated":true}]}}