{"id":29651,"date":"2023-01-18T15:15:49","date_gmt":"2023-01-18T07:15:49","guid":{"rendered":"https:\/\/gretasexylingerie.com\/?post_type=product&#038;p=29651"},"modified":"2023-12-09T21:04:50","modified_gmt":"2023-12-09T13:04:50","slug":"bustiers-noirs-a-chaine-en-metal-decoupe","status":"publish","type":"product","link":"https:\/\/gretasexylingerie.com\/fr\/products\/black-cutout-metal-chain-bustiers\/","title":{"rendered":"Vente en gros Bustiers Noirs \u00c0 Cha\u00eene En M\u00e9tal D\u00e9coup\u00e9"},"content":{"rendered":"<p>Paragraphe<\/p>\n\n\n\n<p>Fonctionnalit\u00e9:<\/p>\n\n\n\n<p>1. Tissu sculpt\u00e9 creux, le motif est plus tridimensionnel et sexy.<br>2. La cha\u00eene en m\u00e9tal est utilis\u00e9e comme ceinture et peut \u00eatre ajust\u00e9e.<br>3. Ceinture tiss\u00e9e \u00e9lastique, mieux adapt\u00e9e \u00e0 votre corps.<\/p>\n\n\n\n<figure class=\"wp-block-table is-style-stripes\"><table><tbody><tr><td colspan=\"4\">Carte du site (CM)<\/td><\/tr><tr><td>Taille<\/td><td>Sous le buste<\/td><td>Longueur du haut<\/td><td>Taille<\/td><\/tr><tr><td>S<\/td><td>66-88<\/td><td>28<\/td><td>64-96<\/td><\/tr><tr><td>M<\/td><td>70-92<\/td><td>28.5<\/td><td>68-100<\/td><\/tr><tr><td>L<\/td><td>74-96<\/td><td>29<\/td><td>74-104<\/td><\/tr><tr><td colspan=\"4\">Carte du site (POUCES)<\/td><\/tr><tr><td>Taille<\/td><td>Sous le buste<\/td><td>Hauteur de tasse<\/td><td>Taille<\/td><\/tr><tr><td>S<\/td><td>26.4-35.2<\/td><td>11.2<\/td><td>25.6-38.4<\/td><\/tr><tr><td>M<\/td><td>28-36.8<\/td><td>11.4<\/td><td>27.2-40<\/td><\/tr><tr><td>L<\/td><td>29.6-38.4<\/td><td>11.6<\/td><td>32.8-41.6<\/td><\/tr><tr><td colspan=\"4\">Remarque : 1. Il peut y avoir un \u00e9cart de 1 \u00e0 2 cm dans diff\u00e9rentes tailles, emplacements et \u00e9tirements de tissus. Le tableau des tailles est \u00e0 titre indicatif uniquement, il peut y avoir une petite diff\u00e9rence avec ce que vous obtenez. 2. Il existe 3 types d&#039;\u00e9lasticit\u00e9\u00a0: haute \u00e9lasticit\u00e9 (\u00e9tir\u00e9 des deux c\u00f4t\u00e9s), \u00e9lasticit\u00e9 moyenne (\u00e9tir\u00e9 d&#039;un c\u00f4t\u00e9) et non \u00e9lastique (ne peut pas \u00eatre \u00e9tir\u00e9). 3.La couleur peut \u00eatre plus claire ou plus fonc\u00e9e en raison de l&#039;affichage diff\u00e9rent du PC. 4. Lavez-le \u00e0 la main dans de l&#039;eau \u00e0 30 degr\u00e9s, suspendez-le pour s\u00e9cher \u00e0 l&#039;ombre, interdisez le blanchiment. 5.Il peut y avoir une l\u00e9g\u00e8re diff\u00e9rence sur les d\u00e9tails et le motif.<\/td><\/tr><\/tbody><\/table><\/figure>","protected":false},"excerpt":{"rendered":"<p>Profitez de votre lune de miel dans les bustiers Dreamy Black Cutout Metal Chain. Tissu d\u00e9coup\u00e9, ceinture en cha\u00eene en m\u00e9tal, ceinture et poitrine r\u00e9glables, et un string assorti. <iframe title=\"\" src=\"https:\/\/www.youtube.com\/embed\/7vPsas9ZnaU\" width=\"840\" height=\"630\" frameborder=\"0\" allowfullscreen=\"allowfullscreen\"><\/iframe><\/p>","protected":false},"featured_media":29657,"template":"","meta":[],"product_brand":[],"product_cat":[388,387,386,367],"product_tag":[524,451,446,509],"class_list":{"0":"post-29651","1":"product","2":"type-product","3":"status-publish","4":"has-post-thumbnail","6":"product_cat-wholesale-gartered-corset","7":"product_cat-wholesale-bustier-bra-set","8":"product_cat-sexy-bustiers","9":"product_cat-sexy-lingerie","10":"product_tag-metal-lingerie","11":"product_tag-wholesale-revealing-lingerie","12":"product_tag-wholesale-sexy-see-through-lingerie","13":"product_tag-two-pcs-set","14":"pa_color-black","15":"pa_cup-wholesale-half-cup-women-sexy-lingerie","16":"pa_size-wholesale-large-size-women-sexy-lingerie","17":"pa_size-wholesale-medium-size-women-sexy-lingerie","18":"pa_size-wholesale-small-size-sexy-lingerie","20":"first","21":"instock","22":"taxable","23":"shipping-taxable","24":"purchasable","25":"product-type-variable"},"tiered_pricing_type":"fixed","tiered_pricing_fixed_rules":[],"tiered_pricing_product_settings":{"layout":"default","base_unit_name":{"singular":null,"plural":null},"default_variation":{}},"tiered_pricing_minimum_quantity":null,"tiered_pricing_roles_data":{"default_wholesaler":{"product_id":29651,"role":"default_wholesaler","pricing_type":"flat","regular_price":null,"sale_price":null,"discount":null,"discount_type":"sale_price","tiered_pricing_type":"fixed","percentage_rules":[],"fixed_rules":{"2":"9.19","30":"7.89","500":"6.89"},"minimum":null},"dropshippinger":{"product_id":29651,"role":"dropshippinger","pricing_type":"flat","regular_price":10.99,"sale_price":null,"discount":null,"discount_type":"sale_price","tiered_pricing_type":"fixed","percentage_rules":[],"fixed_rules":{"1":"10.99","5":"9.19","20":"7.89"},"minimum":null}},"tiered_pricing_percentage_rules":[],"tiered_pricing_maximum_quantity":null,"tiered_pricing_quantity_step":null,"_links":{"self":[{"href":"https:\/\/gretasexylingerie.com\/fr\/wp-json\/wp\/v2\/product\/29651","targetHints":{"allow":["GET"]}}],"collection":[{"href":"https:\/\/gretasexylingerie.com\/fr\/wp-json\/wp\/v2\/product"}],"about":[{"href":"https:\/\/gretasexylingerie.com\/fr\/wp-json\/wp\/v2\/types\/product"}],"wp:featuredmedia":[{"embeddable":true,"href":"https:\/\/gretasexylingerie.com\/fr\/wp-json\/wp\/v2\/media\/29657"}],"wp:attachment":[{"href":"https:\/\/gretasexylingerie.com\/fr\/wp-json\/wp\/v2\/media?parent=29651"}],"wp:term":[{"taxonomy":"product_brand","embeddable":true,"href":"https:\/\/gretasexylingerie.com\/fr\/wp-json\/wp\/v2\/product_brand?post=29651"},{"taxonomy":"product_cat","embeddable":true,"href":"https:\/\/gretasexylingerie.com\/fr\/wp-json\/wp\/v2\/product_cat?post=29651"},{"taxonomy":"product_tag","embeddable":true,"href":"https:\/\/gretasexylingerie.com\/fr\/wp-json\/wp\/v2\/product_tag?post=29651"}],"curies":[{"name":"wp","href":"https:\/\/api.w.org\/{rel}","templated":true}]}}