{"id":29597,"date":"2023-01-18T12:48:59","date_gmt":"2023-01-18T04:48:59","guid":{"rendered":"https:\/\/gretasexylingerie.com\/?post_type=product&#038;p=29597"},"modified":"2023-12-09T16:25:35","modified_gmt":"2023-12-09T08:25:35","slug":"body-a-manches-longues-et-une-epaule-en-dentelle-noire","status":"publish","type":"product","link":"https:\/\/gretasexylingerie.com\/fr\/products\/black-lace-one-shoulder-long-sleeved-bodysuit\/","title":{"rendered":"Body noir en dentelle \u00e0 une \u00e9paule et \u00e0 manches longues"},"content":{"rendered":"<p>Caract\u00e9ristiques:<\/p>\n\n\n\n<p>1. Dentelle en maille \u00e0 haute \u00e9lasticit\u00e9, conception en r\u00e9sille et peinte avec de beaux motifs de fleurs.<br>2. Utilisez des tissus en dentelle exquis sur la poitrine pour d\u00e9corer votre belle section m\u00e9diane.<br>3. Le design en r\u00e9sille sur le dos est fabriqu\u00e9 en tissu confortable, qui est non seulement sexy mais aussi tr\u00e8s confortable.<\/p>\n\n\n\n<figure class=\"wp-block-table is-style-stripes\"><table><tbody><tr><td colspan=\"4\">Carte du site (CM)<\/td><\/tr><tr><td>Taille<\/td><td>Sous le buste<\/td><td>Longueur du haut<\/td><td>Taille<\/td><\/tr><tr><td>S<\/td><td>81<\/td><td>59<\/td><td>70<\/td><\/tr><tr><td>M<\/td><td>86<\/td><td>60<\/td><td>75<\/td><\/tr><tr><td>L<\/td><td>91<\/td><td>61<\/td><td>80<\/td><\/tr><tr><td colspan=\"4\">Carte du site (POUCES)<\/td><\/tr><tr><td>Taille<\/td><td>Sous le buste<\/td><td>Hauteur de tasse<\/td><td>Taille<\/td><\/tr><tr><td>S<\/td><td>32.4<\/td><td>23.6<\/td><td>28<\/td><\/tr><tr><td>M<\/td><td>34.4<\/td><td>24<\/td><td>30<\/td><\/tr><tr><td>L<\/td><td>36.4<\/td><td>24.4<\/td><td>32<\/td><\/tr><tr><td colspan=\"4\">Remarque : 1. Il peut y avoir un \u00e9cart de 1 \u00e0 2 cm dans diff\u00e9rentes tailles, emplacements et \u00e9tirements de tissus. Le tableau des tailles est \u00e0 titre indicatif uniquement, il peut y avoir une petite diff\u00e9rence avec ce que vous obtenez. 2. Il existe 3 types d&#039;\u00e9lasticit\u00e9\u00a0: haute \u00e9lasticit\u00e9 (\u00e9tir\u00e9 des deux c\u00f4t\u00e9s), \u00e9lasticit\u00e9 moyenne (\u00e9tir\u00e9 d&#039;un c\u00f4t\u00e9) et non \u00e9lastique (ne peut pas \u00eatre \u00e9tir\u00e9). 3.La couleur peut \u00eatre plus claire ou plus fonc\u00e9e en raison de l&#039;affichage diff\u00e9rent du PC. 4. Lavez-le \u00e0 la main dans de l&#039;eau \u00e0 30 degr\u00e9s, suspendez-le pour s\u00e9cher \u00e0 l&#039;ombre, interdisez le blanchiment. 5.Il peut y avoir une l\u00e9g\u00e8re diff\u00e9rence sur les d\u00e9tails et le motif.<\/td><\/tr><\/tbody><\/table><\/figure>","protected":false},"excerpt":{"rendered":"<p>Laissez le body \u00e0 manches longues en dentelle noire orner votre silhouette sexy. Fait de filets de p\u00eache souples de haute qualit\u00e9, tricot\u00e9s avec des motifs d\u00e9licats, des cils sur la poitrine et un design transparent en une seule pi\u00e8ce sur le dos.<\/p>","protected":false},"featured_media":29602,"template":"","meta":[],"product_brand":[],"product_cat":[372,370,367],"product_tag":[448,516,518,973],"class_list":{"0":"post-29597","1":"product","2":"type-product","3":"status-publish","4":"has-post-thumbnail","6":"product_cat-wholesale-sexy-long-sleeve-bodysuit","7":"product_cat-bodysuit","8":"product_cat-sexy-lingerie","9":"product_tag-wholesale-elegant-sexy-lingerie","10":"product_tag-lace-lingerie","11":"product_tag-mesh-lingerie","12":"product_tag-oem","13":"pa_color-black","14":"pa_cup-wholesale-half-cup-women-sexy-lingerie","15":"pa_size-wholesale-large-size-women-sexy-lingerie","16":"pa_size-wholesale-medium-size-women-sexy-lingerie","17":"pa_size-wholesale-small-size-sexy-lingerie","19":"first","20":"outofstock","21":"taxable","22":"shipping-taxable","23":"purchasable","24":"product-type-variable"},"tiered_pricing_type":"fixed","tiered_pricing_fixed_rules":[],"tiered_pricing_product_settings":{"layout":"default","base_unit_name":{"singular":null,"plural":null},"default_variation":{}},"tiered_pricing_minimum_quantity":null,"tiered_pricing_roles_data":{"default_wholesaler":{"product_id":29597,"role":"default_wholesaler","pricing_type":"flat","regular_price":null,"sale_price":null,"discount":null,"discount_type":"sale_price","tiered_pricing_type":"fixed","percentage_rules":[],"fixed_rules":{"2":"8.39","30":"7.19","500":"6.29"},"minimum":null},"dropshippinger":{"product_id":29597,"role":"dropshippinger","pricing_type":"flat","regular_price":null,"sale_price":null,"discount":null,"discount_type":"sale_price","tiered_pricing_type":"fixed","percentage_rules":[],"fixed_rules":{"1":"9.99","5":"8.39","20":"7.19"},"minimum":null}},"tiered_pricing_percentage_rules":[],"tiered_pricing_maximum_quantity":null,"tiered_pricing_quantity_step":null,"_links":{"self":[{"href":"https:\/\/gretasexylingerie.com\/fr\/wp-json\/wp\/v2\/product\/29597","targetHints":{"allow":["GET"]}}],"collection":[{"href":"https:\/\/gretasexylingerie.com\/fr\/wp-json\/wp\/v2\/product"}],"about":[{"href":"https:\/\/gretasexylingerie.com\/fr\/wp-json\/wp\/v2\/types\/product"}],"wp:featuredmedia":[{"embeddable":true,"href":"https:\/\/gretasexylingerie.com\/fr\/wp-json\/wp\/v2\/media\/29602"}],"wp:attachment":[{"href":"https:\/\/gretasexylingerie.com\/fr\/wp-json\/wp\/v2\/media?parent=29597"}],"wp:term":[{"taxonomy":"product_brand","embeddable":true,"href":"https:\/\/gretasexylingerie.com\/fr\/wp-json\/wp\/v2\/product_brand?post=29597"},{"taxonomy":"product_cat","embeddable":true,"href":"https:\/\/gretasexylingerie.com\/fr\/wp-json\/wp\/v2\/product_cat?post=29597"},{"taxonomy":"product_tag","embeddable":true,"href":"https:\/\/gretasexylingerie.com\/fr\/wp-json\/wp\/v2\/product_tag?post=29597"}],"curies":[{"name":"wp","href":"https:\/\/api.w.org\/{rel}","templated":true}]}}