{"id":29580,"date":"2023-01-17T19:19:26","date_gmt":"2023-01-17T11:19:26","guid":{"rendered":"https:\/\/gretasexylingerie.com\/?post_type=product&#038;p=29580"},"modified":"2023-12-09T16:22:31","modified_gmt":"2023-12-09T08:22:31","slug":"body-en-dentelle-creuse-pour-fille-pure-desire","status":"publish","type":"product","link":"https:\/\/gretasexylingerie.com\/fr\/products\/pure-desire-girl-hollow-lace-bodysuit\/","title":{"rendered":"Pure Desire Girl Body en dentelle creuse"},"content":{"rendered":"<p>Caract\u00e9ristiques:<\/p>\n\n\n\n<p>1. Le tissu en dentelle rose de haute qualit\u00e9 est utilis\u00e9 pour d\u00e9corer le devant du corps, et le m\u00eame mat\u00e9riau est utilis\u00e9 comme d\u00e9coration sur la sangle de poitrine et le dos de la culotte.<br>2. Les bretelles fines et \u00e9lastiques sont utilis\u00e9es comme d\u00e9coration pour am\u00e9liorer la stabilit\u00e9 de la lingerie et rendre le corps plus sexy.<br>3. Bretelles \u00e9troites r\u00e9glables et dos ouvert. Meilleur toilettage.<\/p>\n\n\n\n<figure class=\"wp-block-table is-style-stripes\"><table><tbody><tr><td colspan=\"4\">Carte du site (CM)<\/td><\/tr><tr><td>Taille<\/td><td>Sous le buste<\/td><td>Longueur du haut<\/td><td>Taille<\/td><\/tr><tr><td>S<\/td><td>68-86<\/td><td>59<\/td><td>62-94<\/td><\/tr><tr><td>M<\/td><td>72-90<\/td><td>61<\/td><td>66-98<\/td><\/tr><tr><td>L<\/td><td>76-94<\/td><td>63<\/td><td>70-102<\/td><\/tr><tr><td colspan=\"4\">Carte du site (POUCES)<\/td><\/tr><tr><td>Taille<\/td><td>Sous le buste<\/td><td>Hauteur de tasse<\/td><td>Taille<\/td><\/tr><tr><td>S<\/td><td>27.2-34.4<\/td><td>23.6<\/td><td>24.8-37.6<\/td><\/tr><tr><td>M<\/td><td>28.8-36<\/td><td>24.4<\/td><td>28-39.2<\/td><\/tr><tr><td>L<\/td><td>30.4-37.6<\/td><td>25.2<\/td><td>32.8-40.8<\/td><\/tr><tr><td colspan=\"4\">Remarque : 1. Il peut y avoir un \u00e9cart de 1 \u00e0 2 cm dans diff\u00e9rentes tailles, emplacements et \u00e9tirements de tissus. Le tableau des tailles est \u00e0 titre indicatif uniquement, il peut y avoir une petite diff\u00e9rence avec ce que vous obtenez. 2. Il existe 3 types d&#039;\u00e9lasticit\u00e9\u00a0: haute \u00e9lasticit\u00e9 (\u00e9tir\u00e9 des deux c\u00f4t\u00e9s), \u00e9lasticit\u00e9 moyenne (\u00e9tir\u00e9 d&#039;un c\u00f4t\u00e9) et non \u00e9lastique (ne peut pas \u00eatre \u00e9tir\u00e9). 3.La couleur peut \u00eatre plus claire ou plus fonc\u00e9e en raison de l&#039;affichage diff\u00e9rent du PC. 4. Lavez-le \u00e0 la main dans de l&#039;eau \u00e0 30 degr\u00e9s, suspendez-le pour s\u00e9cher \u00e0 l&#039;ombre, interdisez le blanchiment. 5.Il peut y avoir une l\u00e9g\u00e8re diff\u00e9rence sur les d\u00e9tails et le motif.<\/td><\/tr><\/tbody><\/table><\/figure>","protected":false},"excerpt":{"rendered":"<p>La combinaison en dentelle creuse Pure Desire Girl rend chaque nuit amusante. Fabriqu\u00e9 en dentelle rose transparente de haute qualit\u00e9, les bretelles sont d\u00e9cor\u00e9es avec la m\u00eame dentelle, les bretelles tress\u00e9es tr\u00e8s extensibles sont utilis\u00e9es pour le soutien, la conception \u00e0 dos ouvert et le dos de la culotte est d\u00e9cor\u00e9 de petits morceaux de dentelle \u00e0 d\u00e9corer. Le lieu secret.<\/p>","protected":false},"featured_media":29586,"template":"","meta":[],"product_brand":[],"product_cat":[371,370,367],"product_tag":[452,516,973,446,447,504],"class_list":{"0":"post-29580","1":"product","2":"type-product","3":"status-publish","4":"has-post-thumbnail","6":"product_cat-wholesale-sexy-lace-bodysuit","7":"product_cat-bodysuit","8":"product_cat-sexy-lingerie","9":"product_tag-wholesale-boudoir-lingerie","10":"product_tag-lace-lingerie","11":"product_tag-oem","12":"product_tag-wholesale-sexy-see-through-lingerie","13":"product_tag-wholesale-strappy-sexy-lingerie","14":"product_tag-ultra-sexy","15":"pa_color-pink-women-sexy-lingerie","16":"pa_cup-full-cup","17":"pa_size-wholesale-large-size-women-sexy-lingerie","18":"pa_size-wholesale-medium-size-women-sexy-lingerie","19":"pa_size-wholesale-small-size-sexy-lingerie","21":"first","22":"outofstock","23":"taxable","24":"shipping-taxable","25":"purchasable","26":"product-type-variable"},"tiered_pricing_type":"fixed","tiered_pricing_fixed_rules":[],"tiered_pricing_product_settings":{"layout":"default","base_unit_name":{"singular":null,"plural":null},"default_variation":{}},"tiered_pricing_minimum_quantity":null,"tiered_pricing_roles_data":{"default_wholesaler":{"product_id":29580,"role":"default_wholesaler","pricing_type":"flat","regular_price":null,"sale_price":null,"discount":null,"discount_type":"sale_price","tiered_pricing_type":"fixed","percentage_rules":[],"fixed_rules":{"2":"6.79","30":"5.89","500":"5.09"},"minimum":200},"dropshippinger":{"product_id":29580,"role":"dropshippinger","pricing_type":"flat","regular_price":null,"sale_price":null,"discount":null,"discount_type":"sale_price","tiered_pricing_type":"fixed","percentage_rules":[],"fixed_rules":{"1":"8.19","5":"6.79","30":"5.89"},"minimum":200}},"tiered_pricing_percentage_rules":[],"tiered_pricing_maximum_quantity":null,"tiered_pricing_quantity_step":null,"_links":{"self":[{"href":"https:\/\/gretasexylingerie.com\/fr\/wp-json\/wp\/v2\/product\/29580","targetHints":{"allow":["GET"]}}],"collection":[{"href":"https:\/\/gretasexylingerie.com\/fr\/wp-json\/wp\/v2\/product"}],"about":[{"href":"https:\/\/gretasexylingerie.com\/fr\/wp-json\/wp\/v2\/types\/product"}],"wp:featuredmedia":[{"embeddable":true,"href":"https:\/\/gretasexylingerie.com\/fr\/wp-json\/wp\/v2\/media\/29586"}],"wp:attachment":[{"href":"https:\/\/gretasexylingerie.com\/fr\/wp-json\/wp\/v2\/media?parent=29580"}],"wp:term":[{"taxonomy":"product_brand","embeddable":true,"href":"https:\/\/gretasexylingerie.com\/fr\/wp-json\/wp\/v2\/product_brand?post=29580"},{"taxonomy":"product_cat","embeddable":true,"href":"https:\/\/gretasexylingerie.com\/fr\/wp-json\/wp\/v2\/product_cat?post=29580"},{"taxonomy":"product_tag","embeddable":true,"href":"https:\/\/gretasexylingerie.com\/fr\/wp-json\/wp\/v2\/product_tag?post=29580"}],"curies":[{"name":"wp","href":"https:\/\/api.w.org\/{rel}","templated":true}]}}