{"id":29561,"date":"2023-01-17T18:57:28","date_gmt":"2023-01-17T10:57:28","guid":{"rendered":"https:\/\/gretasexylingerie.com\/?post_type=product&#038;p=29561"},"modified":"2023-12-09T16:21:50","modified_gmt":"2023-12-09T08:21:50","slug":"body-en-dentelle-transparente-contrastee","status":"publish","type":"product","link":"https:\/\/gretasexylingerie.com\/fr\/products\/sheer-contrast-lace-bodysuit\/","title":{"rendered":"Vente en gros Body en dentelle contrast\u00e9e transparente"},"content":{"rendered":"<p>Caract\u00e9ristiques:<\/p>\n\n\n\n<p>1. Tissu en dentelle florale extensible de haute qualit\u00e9. Le motif contrastant en blanc sur la poitrine am\u00e9liore l&#039;embellissement de la poitrine.<br>2. Tissu transparent, motif floral, peut am\u00e9liorer l&#039;\u00e9lasticit\u00e9 du tissu et rendre le corps plus sexy.<br>3. Dos en forme de I avec fines bretelles r\u00e9glables pour am\u00e9liorer le confort de la lingerie.<\/p>\n\n\n\n<figure class=\"wp-block-table is-style-stripes\"><table><tbody><tr><td colspan=\"4\">Carte du site (CM)<\/td><\/tr><tr><td>Taille<\/td><td>Sous le buste<\/td><td>Longueur du haut<\/td><td>Taille<\/td><\/tr><tr><td>S<\/td><td>62-86<\/td><td>49<\/td><td>60-94<\/td><\/tr><tr><td>M<\/td><td>66-90<\/td><td>50<\/td><td>64-98<\/td><\/tr><tr><td>L<\/td><td>70-94<\/td><td>51<\/td><td>68-102<\/td><\/tr><tr><td colspan=\"4\">Carte du site (POUCES)<\/td><\/tr><tr><td>Taille<\/td><td>Sous le buste<\/td><td>Hauteur de tasse<\/td><td>Taille<\/td><\/tr><tr><td>S<\/td><td>24.8-34.4<\/td><td>19.6<\/td><td>24-37.6<\/td><\/tr><tr><td>M<\/td><td>26.4-36<\/td><td>20<\/td><td>25.6-39.2<\/td><\/tr><tr><td>L<\/td><td>32.8-37.6<\/td><td>20.4<\/td><td>32.8-40.8<\/td><\/tr><tr><td colspan=\"4\">Remarque : 1. Il peut y avoir un \u00e9cart de 1 \u00e0 2 cm dans diff\u00e9rentes tailles, emplacements et \u00e9tirements de tissus. Le tableau des tailles est \u00e0 titre indicatif uniquement, il peut y avoir une petite diff\u00e9rence avec ce que vous obtenez. 2. Il existe 3 types d&#039;\u00e9lasticit\u00e9\u00a0: haute \u00e9lasticit\u00e9 (\u00e9tir\u00e9 des deux c\u00f4t\u00e9s), \u00e9lasticit\u00e9 moyenne (\u00e9tir\u00e9 d&#039;un c\u00f4t\u00e9) et non \u00e9lastique (ne peut pas \u00eatre \u00e9tir\u00e9). 3.La couleur peut \u00eatre plus claire ou plus fonc\u00e9e en raison de l&#039;affichage diff\u00e9rent du PC. 4. Lavez-le \u00e0 la main dans de l&#039;eau \u00e0 30 degr\u00e9s, suspendez-le pour s\u00e9cher \u00e0 l&#039;ombre, interdisez le blanchiment. 5.Il peut y avoir une l\u00e9g\u00e8re diff\u00e9rence sur les d\u00e9tails et le motif.<\/td><\/tr><\/tbody><\/table><\/figure>","protected":false},"excerpt":{"rendered":"<p>Notre body en dentelle transparente bien con\u00e7u est con\u00e7u avec de la dentelle tr\u00e8s extensible, la dentelle bien con\u00e7ue peut non seulement am\u00e9liorer l&#039;\u00e9lasticit\u00e9 des v\u00eatements mais aussi rendre le corps plus sexy, la poitrine est con\u00e7ue avec de la dentelle blanche contrastante pour augmenter la beaut\u00e9 De La Poitrine, Le Dos En Forme De Racer, Bretelles \u00c9troites R\u00e9glables.<\/p>","protected":false},"featured_media":29567,"template":"","meta":[],"product_brand":[],"product_cat":[371,370,367],"product_tag":[448,454,516,973,451,446],"class_list":{"0":"post-29561","1":"product","2":"type-product","3":"status-publish","4":"has-post-thumbnail","6":"product_cat-wholesale-sexy-lace-bodysuit","7":"product_cat-bodysuit","8":"product_cat-sexy-lingerie","9":"product_tag-wholesale-elegant-sexy-lingerie","10":"product_tag-wholesale-sexy-embroidered-lingerie","11":"product_tag-lace-lingerie","12":"product_tag-oem","13":"product_tag-wholesale-revealing-lingerie","14":"product_tag-wholesale-sexy-see-through-lingerie","15":"pa_color-black","16":"pa_cup-full-cup","17":"pa_size-wholesale-large-size-women-sexy-lingerie","18":"pa_size-wholesale-medium-size-women-sexy-lingerie","19":"pa_size-wholesale-small-size-sexy-lingerie","21":"first","22":"outofstock","23":"taxable","24":"shipping-taxable","25":"purchasable","26":"product-type-variable"},"tiered_pricing_type":"fixed","tiered_pricing_fixed_rules":[],"tiered_pricing_product_settings":{"layout":"default","base_unit_name":{"singular":null,"plural":null},"default_variation":{}},"tiered_pricing_minimum_quantity":null,"tiered_pricing_roles_data":{"default_wholesaler":{"product_id":29561,"role":"default_wholesaler","pricing_type":"flat","regular_price":null,"sale_price":null,"discount":null,"discount_type":"sale_price","tiered_pricing_type":"fixed","percentage_rules":[],"fixed_rules":{"2":"6.59","30":"5.59","500":"4.89"},"minimum":null},"dropshippinger":{"product_id":29561,"role":"dropshippinger","pricing_type":"flat","regular_price":null,"sale_price":null,"discount":null,"discount_type":"sale_price","tiered_pricing_type":"fixed","percentage_rules":[],"fixed_rules":{"1":"7.89","5":"6.59","20":"5.59"},"minimum":null}},"tiered_pricing_percentage_rules":[],"tiered_pricing_maximum_quantity":null,"tiered_pricing_quantity_step":null,"_links":{"self":[{"href":"https:\/\/gretasexylingerie.com\/fr\/wp-json\/wp\/v2\/product\/29561","targetHints":{"allow":["GET"]}}],"collection":[{"href":"https:\/\/gretasexylingerie.com\/fr\/wp-json\/wp\/v2\/product"}],"about":[{"href":"https:\/\/gretasexylingerie.com\/fr\/wp-json\/wp\/v2\/types\/product"}],"wp:featuredmedia":[{"embeddable":true,"href":"https:\/\/gretasexylingerie.com\/fr\/wp-json\/wp\/v2\/media\/29567"}],"wp:attachment":[{"href":"https:\/\/gretasexylingerie.com\/fr\/wp-json\/wp\/v2\/media?parent=29561"}],"wp:term":[{"taxonomy":"product_brand","embeddable":true,"href":"https:\/\/gretasexylingerie.com\/fr\/wp-json\/wp\/v2\/product_brand?post=29561"},{"taxonomy":"product_cat","embeddable":true,"href":"https:\/\/gretasexylingerie.com\/fr\/wp-json\/wp\/v2\/product_cat?post=29561"},{"taxonomy":"product_tag","embeddable":true,"href":"https:\/\/gretasexylingerie.com\/fr\/wp-json\/wp\/v2\/product_tag?post=29561"}],"curies":[{"name":"wp","href":"https:\/\/api.w.org\/{rel}","templated":true}]}}