{"id":29542,"date":"2023-01-17T18:19:33","date_gmt":"2023-01-17T10:19:33","guid":{"rendered":"https:\/\/gretasexylingerie.com\/?post_type=product&#038;p=29542"},"modified":"2023-09-05T20:49:38","modified_gmt":"2023-09-05T12:49:38","slug":"body-en-dentelle-a-cils-avec-decollete-en-v","status":"publish","type":"product","link":"https:\/\/gretasexylingerie.com\/fr\/products\/eyelash-lace-deep-v-bodysuit\/","title":{"rendered":"Body en V Profond en Dentelle Cils"},"content":{"rendered":"<p>Caract\u00e9ristiques:<\/p>\n\n\n\n<p>1. Utilisez de la dentelle transparente de haute qualit\u00e9 et utilisez des lignes noires comme d\u00e9coration pour mettre en valeur la silhouette.<br>2. Le dos utilise un design crois\u00e9, une large bandouli\u00e8re, confortable et sexy.<br>3. Conception de ceinture r\u00e9glable, utilisant une sangle \u00e9troite \u00e0 haute \u00e9lasticit\u00e9.<\/p>\n\n\n\n<figure class=\"wp-block-table is-style-stripes\"><table><tbody><tr><td colspan=\"4\">Carte du site (CM)<\/td><\/tr><tr><td>Taille<\/td><td>Sous le buste<\/td><td>Longueur du haut<\/td><td>Taille<\/td><\/tr><tr><td>S<\/td><td>64-74<\/td><td>72<\/td><td>70-80<\/td><\/tr><tr><td>M<\/td><td>68-78<\/td><td>73<\/td><td>74-84<\/td><\/tr><tr><td>L<\/td><td>72-82<\/td><td>74<\/td><td>78-88<\/td><\/tr><tr><td>XL<\/td><td>76-86<\/td><td>75<\/td><td>82-92<\/td><\/tr><tr><td colspan=\"4\">Carte du site (POUCES)<\/td><\/tr><tr><td>Taille<\/td><td>Sous le buste<\/td><td>Hauteur de tasse<\/td><td>Taille<\/td><\/tr><tr><td>S<\/td><td>64-74<\/td><td>28.8<\/td><td>28-32<\/td><\/tr><tr><td>M<\/td><td>68-78<\/td><td>29.2<\/td><td>29.6-33.6<\/td><\/tr><tr><td>L<\/td><td>72-82<\/td><td>29.6<\/td><td>31.2-35.2<\/td><\/tr><tr><td>XL<\/td><td>76-86<\/td><td>30<\/td><td>32.8-36.8<\/td><\/tr><tr><td colspan=\"4\">Remarque : 1. Il peut y avoir un \u00e9cart de 1 \u00e0 2 cm dans diff\u00e9rentes tailles, emplacements et \u00e9tirements de tissus. Le tableau des tailles est \u00e0 titre indicatif uniquement, il peut y avoir une petite diff\u00e9rence avec ce que vous obtenez. 2. Il existe 3 types d&#039;\u00e9lasticit\u00e9\u00a0: haute \u00e9lasticit\u00e9 (\u00e9tir\u00e9 des deux c\u00f4t\u00e9s), \u00e9lasticit\u00e9 moyenne (\u00e9tir\u00e9 d&#039;un c\u00f4t\u00e9) et non \u00e9lastique (ne peut pas \u00eatre \u00e9tir\u00e9). 3.La couleur peut \u00eatre plus claire ou plus fonc\u00e9e en raison de l&#039;affichage diff\u00e9rent du PC. 4. Lavez-le \u00e0 la main dans de l&#039;eau \u00e0 30 degr\u00e9s, suspendez-le pour s\u00e9cher \u00e0 l&#039;ombre, interdisez le blanchiment. 5.Il peut y avoir une l\u00e9g\u00e8re diff\u00e9rence sur les d\u00e9tails et le motif.<\/td><\/tr><\/tbody><\/table><\/figure>","protected":false},"excerpt":{"rendered":"<p>Body en V profond en dentelle de cils magnifiquement con\u00e7u pour suinter votre glamour. Fait de dentelle transparente de haute qualit\u00e9, d\u00e9cor\u00e9 de cils, de rayures noires repr\u00e9sentant votre silhouette gracieuse, d&#039;une ceinture ajustable, d&#039;un design en V profond, d&#039;un dos entrecrois\u00e9.<\/p>","protected":false},"featured_media":29549,"template":"","meta":[],"product_brand":[],"product_cat":[371,370,367],"product_tag":[521,448,522,516,451,446],"class_list":{"0":"post-29542","1":"product","2":"type-product","3":"status-publish","4":"has-post-thumbnail","6":"product_cat-wholesale-sexy-lace-bodysuit","7":"product_cat-bodysuit","8":"product_cat-sexy-lingerie","9":"product_tag-deep-v-lingerie","10":"product_tag-wholesale-elegant-sexy-lingerie","11":"product_tag-eyelash-lingerie","12":"product_tag-lace-lingerie","13":"product_tag-wholesale-revealing-lingerie","14":"product_tag-wholesale-sexy-see-through-lingerie","15":"pa_color-black","16":"pa_cup-full-cup","17":"pa_size-wholesale-large-size-women-sexy-lingerie","18":"pa_size-wholesale-medium-size-women-sexy-lingerie","19":"pa_size-wholesale-small-size-sexy-lingerie","20":"pa_size-wholesale-extra-large-sexy-lingerie","22":"first","23":"instock","24":"taxable","25":"shipping-taxable","26":"purchasable","27":"product-type-variable"},"tiered_pricing_type":"fixed","tiered_pricing_fixed_rules":[],"tiered_pricing_product_settings":{"layout":"default","base_unit_name":{"singular":null,"plural":null},"default_variation":null},"tiered_pricing_minimum_quantity":null,"tiered_pricing_roles_data":{"default_wholesaler":{"product_id":29542,"role":"default_wholesaler","pricing_type":"flat","regular_price":null,"sale_price":null,"discount":null,"discount_type":"sale_price","tiered_pricing_type":"fixed","percentage_rules":[],"fixed_rules":{"2":"7.59","30":"6.49","500":"5.69"},"minimum":null},"dropshippinger":{"product_id":29542,"role":"dropshippinger","pricing_type":"flat","regular_price":null,"sale_price":null,"discount":null,"discount_type":"sale_price","tiered_pricing_type":"fixed","percentage_rules":[],"fixed_rules":{"1":"9.09","5":"7.59","20":"6.49"},"minimum":null}},"tiered_pricing_percentage_rules":[],"tiered_pricing_maximum_quantity":null,"tiered_pricing_quantity_step":null,"_links":{"self":[{"href":"https:\/\/gretasexylingerie.com\/fr\/wp-json\/wp\/v2\/product\/29542","targetHints":{"allow":["GET"]}}],"collection":[{"href":"https:\/\/gretasexylingerie.com\/fr\/wp-json\/wp\/v2\/product"}],"about":[{"href":"https:\/\/gretasexylingerie.com\/fr\/wp-json\/wp\/v2\/types\/product"}],"wp:featuredmedia":[{"embeddable":true,"href":"https:\/\/gretasexylingerie.com\/fr\/wp-json\/wp\/v2\/media\/29549"}],"wp:attachment":[{"href":"https:\/\/gretasexylingerie.com\/fr\/wp-json\/wp\/v2\/media?parent=29542"}],"wp:term":[{"taxonomy":"product_brand","embeddable":true,"href":"https:\/\/gretasexylingerie.com\/fr\/wp-json\/wp\/v2\/product_brand?post=29542"},{"taxonomy":"product_cat","embeddable":true,"href":"https:\/\/gretasexylingerie.com\/fr\/wp-json\/wp\/v2\/product_cat?post=29542"},{"taxonomy":"product_tag","embeddable":true,"href":"https:\/\/gretasexylingerie.com\/fr\/wp-json\/wp\/v2\/product_tag?post=29542"}],"curies":[{"name":"wp","href":"https:\/\/api.w.org\/{rel}","templated":true}]}}