{"id":29505,"date":"2023-01-17T16:28:22","date_gmt":"2023-01-17T08:28:22","guid":{"rendered":"https:\/\/gretasexylingerie.com\/?post_type=product&#038;p=29505"},"modified":"2023-12-09T16:17:26","modified_gmt":"2023-12-09T08:17:26","slug":"body-en-maille-a-bretelles-noires","status":"publish","type":"product","link":"https:\/\/gretasexylingerie.com\/fr\/products\/black-strappy-mesh-bodysuit\/","title":{"rendered":"Vente en gros Body en maille \u00e0 bretelles noir"},"content":{"rendered":"<p>Fonctionnalit\u00e9:<\/p>\n\n\n\n<ol class=\"wp-block-list\">\n<li>Le tissu en maille douce noire augmente la respirabilit\u00e9 et le sex-appeal.<\/li>\n\n\n\n<li>La ceinture r\u00e9glable peut \u00eatre ajust\u00e9e librement en fonction de votre morphologie.<\/li>\n\n\n\n<li>Conception de sangle large, lib\u00e9rez votre beaut\u00e9.<\/li>\n<\/ol>\n\n\n\n<figure class=\"wp-block-table is-style-stripes\"><table><tbody><tr><td colspan=\"4\">Carte du site (CM)<\/td><\/tr><tr><td>Taille<\/td><td>Sous le buste<\/td><td>Hauteur de tasse<\/td><td>Taille<\/td><\/tr><tr><td>S<\/td><td>64-74<\/td><td>14<\/td><td>62-72<\/td><\/tr><tr><td>M<\/td><td>68-78<\/td><td>15<\/td><td>66-76<\/td><\/tr><tr><td>L<\/td><td>72-82<\/td><td>16<\/td><td>70-80<\/td><\/tr><tr><td>XL<\/td><td>76-86<\/td><td>17<\/td><td>74-84<\/td><\/tr><tr><td colspan=\"4\">Carte du site (POUCES)<\/td><\/tr><tr><td>Taille<\/td><td>Sous le buste<\/td><td>Hauteur de tasse<\/td><td>Taille<\/td><\/tr><tr><td>S<\/td><td>64-74<\/td><td>5.6<\/td><td>24.8-28.8<\/td><\/tr><tr><td>M<\/td><td>68-78<\/td><td>6<\/td><td>26.4-30.4<\/td><\/tr><tr><td>L<\/td><td>72-82<\/td><td>6.4<\/td><td>28-32<\/td><\/tr><tr><td>XL<\/td><td>76-86<\/td><td>6.8<\/td><td>29.6-33.6<\/td><\/tr><tr><td colspan=\"4\">Remarque : 1. Il peut y avoir un \u00e9cart de 1 \u00e0 2 cm dans diff\u00e9rentes tailles, emplacements et \u00e9tirements de tissus. Le tableau des tailles est \u00e0 titre indicatif uniquement, il peut y avoir une petite diff\u00e9rence avec ce que vous obtenez. 2. Il existe 3 types d&#039;\u00e9lasticit\u00e9\u00a0: haute \u00e9lasticit\u00e9 (\u00e9tir\u00e9 des deux c\u00f4t\u00e9s), \u00e9lasticit\u00e9 moyenne (\u00e9tir\u00e9 d&#039;un c\u00f4t\u00e9) et non \u00e9lastique (ne peut pas \u00eatre \u00e9tir\u00e9). 3.La couleur peut \u00eatre plus claire ou plus fonc\u00e9e en raison de l&#039;affichage diff\u00e9rent du PC. 4. Lavez-le \u00e0 la main dans de l&#039;eau \u00e0 30 degr\u00e9s, suspendez-le pour s\u00e9cher \u00e0 l&#039;ombre, interdisez le blanchiment. 5.Il peut y avoir une l\u00e9g\u00e8re diff\u00e9rence sur les d\u00e9tails et le motif.<\/td><\/tr><\/tbody><\/table><\/figure>","protected":false},"excerpt":{"rendered":"<p>Un body en maille \u00e0 bretelles noires si sexy\u00a0! C&#039;est un excellent choix pour aller \u00e0 un rendez-vous. Utilisez une large sangle comme d\u00e9coration pour mieux refl\u00e9ter la forme de votre corps. Ceinture r\u00e9glable qui vous permet de l&#039;ajuster \u00e0 votre situation. La maille douce transparente vous ajoute une couche de myst\u00e8re. Venez explorer avec vos proches !<\/p>","protected":false},"featured_media":29515,"template":"","meta":[],"product_brand":[],"product_cat":[373,370,367],"product_tag":[452,448,518,973,451,446,504],"class_list":{"0":"post-29505","1":"product","2":"type-product","3":"status-publish","4":"has-post-thumbnail","6":"product_cat-wholesale-sexy-mesh-bodysuit","7":"product_cat-bodysuit","8":"product_cat-sexy-lingerie","9":"product_tag-wholesale-boudoir-lingerie","10":"product_tag-wholesale-elegant-sexy-lingerie","11":"product_tag-mesh-lingerie","12":"product_tag-oem","13":"product_tag-wholesale-revealing-lingerie","14":"product_tag-wholesale-sexy-see-through-lingerie","15":"product_tag-ultra-sexy","16":"pa_color-black","17":"pa_cup-wholesale-half-cup-women-sexy-lingerie","18":"pa_size-wholesale-large-size-women-sexy-lingerie","19":"pa_size-wholesale-medium-size-women-sexy-lingerie","20":"pa_size-wholesale-small-size-sexy-lingerie","21":"pa_size-wholesale-extra-large-sexy-lingerie","23":"first","24":"outofstock","25":"taxable","26":"shipping-taxable","27":"purchasable","28":"product-type-variable"},"tiered_pricing_type":"fixed","tiered_pricing_fixed_rules":[],"tiered_pricing_product_settings":{"layout":"default","base_unit_name":{"singular":null,"plural":null},"default_variation":{}},"tiered_pricing_minimum_quantity":null,"tiered_pricing_roles_data":{"default_wholesaler":{"product_id":29505,"role":"default_wholesaler","pricing_type":"flat","regular_price":null,"sale_price":null,"discount":null,"discount_type":"sale_price","tiered_pricing_type":"fixed","percentage_rules":[],"fixed_rules":{"2":"7.59","30":"6.49","500":"5.69"},"minimum":null},"dropshippinger":{"product_id":29505,"role":"dropshippinger","pricing_type":"flat","regular_price":null,"sale_price":null,"discount":null,"discount_type":"sale_price","tiered_pricing_type":"fixed","percentage_rules":[],"fixed_rules":{"1":"9.09","5":"7.59","20":"6.49"},"minimum":null}},"tiered_pricing_percentage_rules":[],"tiered_pricing_maximum_quantity":null,"tiered_pricing_quantity_step":null,"_links":{"self":[{"href":"https:\/\/gretasexylingerie.com\/fr\/wp-json\/wp\/v2\/product\/29505","targetHints":{"allow":["GET"]}}],"collection":[{"href":"https:\/\/gretasexylingerie.com\/fr\/wp-json\/wp\/v2\/product"}],"about":[{"href":"https:\/\/gretasexylingerie.com\/fr\/wp-json\/wp\/v2\/types\/product"}],"wp:featuredmedia":[{"embeddable":true,"href":"https:\/\/gretasexylingerie.com\/fr\/wp-json\/wp\/v2\/media\/29515"}],"wp:attachment":[{"href":"https:\/\/gretasexylingerie.com\/fr\/wp-json\/wp\/v2\/media?parent=29505"}],"wp:term":[{"taxonomy":"product_brand","embeddable":true,"href":"https:\/\/gretasexylingerie.com\/fr\/wp-json\/wp\/v2\/product_brand?post=29505"},{"taxonomy":"product_cat","embeddable":true,"href":"https:\/\/gretasexylingerie.com\/fr\/wp-json\/wp\/v2\/product_cat?post=29505"},{"taxonomy":"product_tag","embeddable":true,"href":"https:\/\/gretasexylingerie.com\/fr\/wp-json\/wp\/v2\/product_tag?post=29505"}],"curies":[{"name":"wp","href":"https:\/\/api.w.org\/{rel}","templated":true}]}}