{"id":29427,"date":"2023-01-17T12:05:03","date_gmt":"2023-01-17T04:05:03","guid":{"rendered":"https:\/\/gretasexylingerie.com\/?post_type=product&#038;p=29427"},"modified":"2023-09-05T20:49:35","modified_gmt":"2023-09-05T12:49:35","slug":"ensemble-soutien-gorge-brode-en-maille-de-dentelle","status":"publish","type":"product","link":"https:\/\/gretasexylingerie.com\/fr\/products\/lace-mesh-embroidered-bra-set\/","title":{"rendered":"Ensemble de soutien-gorge brod\u00e9 en maille de dentelle"},"content":{"rendered":"<p>Caract\u00e9ristiques:<\/p>\n\n\n\n<p>1. La gaze fine transparente, brod\u00e9e de fleurs r\u00e9alistes, orne les parties les plus importantes du corps.<br>2. La Culotte Est D\u00e9cor\u00e9e De Fleurs Aux Couleurs Vives, Confortable Et Tr\u00e8s Sexy.<br>3. La conception de la coupe ouverte, entour\u00e9e d&#039;une fine ceinture tiss\u00e9e et d&#039;un anneau en acier, rend la poitrine plus dodue.<\/p>\n\n\n\n<figure class=\"wp-block-table is-style-stripes\"><table><tbody><tr><td colspan=\"4\">Carte du site (CM)<\/td><\/tr><tr><td>Taille<\/td><td>Sous le buste<\/td><td>Hauteur de tasse<\/td><td>Taille<\/td><\/tr><tr><td>S<\/td><td>68-72<\/td><td>15<\/td><td>70-96<\/td><\/tr><tr><td>M<\/td><td>72-86<\/td><td>16<\/td><td>74-100<\/td><\/tr><tr><td>L<\/td><td>76-90<\/td><td>17<\/td><td>78-104<\/td><\/tr><tr><td colspan=\"4\">Carte du site (POUCES)<\/td><\/tr><tr><td>Taille<\/td><td>Sous le buste<\/td><td>Hauteur de tasse<\/td><td>Taille<\/td><\/tr><tr><td>S<\/td><td>27.2-32.8<\/td><td>6<\/td><td>28-38.4<\/td><\/tr><tr><td>M<\/td><td>28.8-34.4<\/td><td>6.4<\/td><td>29.6-40<\/td><\/tr><tr><td>L<\/td><td>32-37.6<\/td><td>6.8<\/td><td>31.2-41.6<\/td><\/tr><tr><td colspan=\"4\">Remarque : 1. Il peut y avoir un \u00e9cart de 1 \u00e0 2 cm dans diff\u00e9rentes tailles, emplacements et \u00e9tirements de tissus. Le tableau des tailles est \u00e0 titre indicatif uniquement, il peut y avoir une petite diff\u00e9rence avec ce que vous obtenez. 2. Il existe 3 types d&#039;\u00e9lasticit\u00e9\u00a0: haute \u00e9lasticit\u00e9 (\u00e9tir\u00e9 des deux c\u00f4t\u00e9s), \u00e9lasticit\u00e9 moyenne (\u00e9tir\u00e9 d&#039;un c\u00f4t\u00e9) et non \u00e9lastique (ne peut pas \u00eatre \u00e9tir\u00e9). 3.La couleur peut \u00eatre plus claire ou plus fonc\u00e9e en raison de l&#039;affichage diff\u00e9rent du PC. 4. Lavez-le \u00e0 la main dans de l&#039;eau \u00e0 30 degr\u00e9s, suspendez-le pour s\u00e9cher \u00e0 l&#039;ombre, interdisez le blanchiment. 5.Il peut y avoir une l\u00e9g\u00e8re diff\u00e9rence sur les d\u00e9tails et le motif.<\/td><\/tr><\/tbody><\/table><\/figure>","protected":false},"excerpt":{"rendered":"<p>Profitez de votre doux moment parmi les fleurs avec l&#039;ensemble de soutien-gorge brod\u00e9 en maille de dentelle. Maille douce et fine avec des fleurs vives brod\u00e9es dessus, coupe ouverte, tr\u00e8s sexy, culotte en gaze transparente, fines bretelles r\u00e9glables.<\/p>","protected":false},"featured_media":29428,"template":"","meta":[],"product_brand":[],"product_cat":[376,368,380,367,375],"product_tag":[454,451,446,509,504],"class_list":{"0":"post-29427","1":"product","2":"type-product","3":"status-publish","4":"has-post-thumbnail","6":"product_cat-wholesale-ultra-sexy-bra-panty-set","7":"product_cat-bra-panty-set","8":"product_cat-wholesale-harness-bra-and-panty-set","9":"product_cat-sexy-lingerie","10":"product_cat-whoelsale-sheer-bra-and-panty-sets","11":"product_tag-wholesale-sexy-embroidered-lingerie","12":"product_tag-wholesale-revealing-lingerie","13":"product_tag-wholesale-sexy-see-through-lingerie","14":"product_tag-two-pcs-set","15":"product_tag-ultra-sexy","16":"pa_color-white","17":"pa_cup-wholesale-cupness-women-sexy-lingerie","18":"pa_size-wholesale-large-size-women-sexy-lingerie","19":"pa_size-wholesale-medium-size-women-sexy-lingerie","20":"pa_size-wholesale-small-size-sexy-lingerie","22":"first","23":"instock","24":"taxable","25":"shipping-taxable","26":"purchasable","27":"product-type-variable"},"tiered_pricing_type":"fixed","tiered_pricing_fixed_rules":[],"tiered_pricing_product_settings":{"layout":"default","base_unit_name":{"singular":null,"plural":null},"default_variation":null},"tiered_pricing_minimum_quantity":null,"tiered_pricing_roles_data":{"default_wholesaler":{"product_id":29427,"role":"default_wholesaler","pricing_type":"flat","regular_price":null,"sale_price":null,"discount":null,"discount_type":"sale_price","tiered_pricing_type":"fixed","percentage_rules":[],"fixed_rules":{"2":"6.59","30":"5.59","500":"4.89"},"minimum":null},"dropshippinger":{"product_id":29427,"role":"dropshippinger","pricing_type":"flat","regular_price":null,"sale_price":null,"discount":null,"discount_type":"sale_price","tiered_pricing_type":"fixed","percentage_rules":[],"fixed_rules":{"1":"7.89","5":"6.59","20":"5.59"},"minimum":null}},"tiered_pricing_percentage_rules":[],"tiered_pricing_maximum_quantity":null,"tiered_pricing_quantity_step":null,"_links":{"self":[{"href":"https:\/\/gretasexylingerie.com\/fr\/wp-json\/wp\/v2\/product\/29427","targetHints":{"allow":["GET"]}}],"collection":[{"href":"https:\/\/gretasexylingerie.com\/fr\/wp-json\/wp\/v2\/product"}],"about":[{"href":"https:\/\/gretasexylingerie.com\/fr\/wp-json\/wp\/v2\/types\/product"}],"wp:featuredmedia":[{"embeddable":true,"href":"https:\/\/gretasexylingerie.com\/fr\/wp-json\/wp\/v2\/media\/29428"}],"wp:attachment":[{"href":"https:\/\/gretasexylingerie.com\/fr\/wp-json\/wp\/v2\/media?parent=29427"}],"wp:term":[{"taxonomy":"product_brand","embeddable":true,"href":"https:\/\/gretasexylingerie.com\/fr\/wp-json\/wp\/v2\/product_brand?post=29427"},{"taxonomy":"product_cat","embeddable":true,"href":"https:\/\/gretasexylingerie.com\/fr\/wp-json\/wp\/v2\/product_cat?post=29427"},{"taxonomy":"product_tag","embeddable":true,"href":"https:\/\/gretasexylingerie.com\/fr\/wp-json\/wp\/v2\/product_tag?post=29427"}],"curies":[{"name":"wp","href":"https:\/\/api.w.org\/{rel}","templated":true}]}}