{"id":29341,"date":"2023-01-13T15:21:44","date_gmt":"2023-01-13T07:21:44","guid":{"rendered":"https:\/\/gretasexylingerie.com\/?post_type=product&#038;p=29341"},"modified":"2023-09-05T20:49:32","modified_gmt":"2023-09-05T12:49:32","slug":"page-de-titre-de-vente-en-gros-sep-nom-du-site","status":"publish","type":"product","link":"https:\/\/gretasexylingerie.com\/fr\/products\/wholesale-title-page-sep-sitename\/","title":{"rendered":"Ensemble de soutien-gorge en dentelle avec coutures \u00e0 bretelles"},"content":{"rendered":"<p>Caract\u00e9ristiques:<\/p>\n\n\n\n<p>1. Utilisez de la dentelle florale noire de haute qualit\u00e9 pour d\u00e9corer la poitrine et comme culotte.<br>2. Utilisez des sangles tress\u00e9es \u00e9troites vert citron comme jarreti\u00e8re, bandouli\u00e8re dos nu et boucles de jambe. Parmi eux, l&#039;anneau de jambe, le licou et la jarreti\u00e8re ont 3 couches.<br>3. La conception de couleurs contrast\u00e9es fortes donne aux gens un sentiment d&#039;impact visuel.<\/p>\n\n\n\n<p><\/p>\n\n\n\n<figure class=\"wp-block-table is-style-stripes\"><table><tbody><tr><td colspan=\"4\">Carte du site (CM)<\/td><\/tr><tr><td>Taille<\/td><td>Sous le buste<\/td><td>Hauteur de tasse<\/td><td>Taille<\/td><\/tr><tr><td>S<\/td><td>64-74<\/td><td>15<\/td><td>66-67<\/td><\/tr><tr><td>M<\/td><td>68-78<\/td><td>16<\/td><td>70-80<\/td><\/tr><tr><td>L<\/td><td>72-82<\/td><td>17<\/td><td>75-84<\/td><\/tr><tr><td>XL<\/td><td>76-86<\/td><td>18<\/td><td>78-88<\/td><\/tr><tr><td colspan=\"4\">Carte du site (POUCES)<\/td><\/tr><tr><td>Taille<\/td><td>Sous le buste<\/td><td>Hauteur de tasse<\/td><td>Taille<\/td><\/tr><tr><td>S<\/td><td>25.6-29.9<\/td><td>6<\/td><td>26.4-30.4<\/td><\/tr><tr><td>M<\/td><td>27.2-31.2<\/td><td>6.4<\/td><td>28-32<\/td><\/tr><tr><td>L<\/td><td>28.8-32.8<\/td><td>6.8<\/td><td>29.6-33.7<\/td><\/tr><tr><td>XL<\/td><td>30.4-34.4<\/td><td>7.2<\/td><td>31.2-35.2<\/td><\/tr><tr><td colspan=\"4\">Remarque : 1. Il peut y avoir un \u00e9cart de 1 \u00e0 2 cm dans diff\u00e9rentes tailles, emplacements et \u00e9tirements de tissus. Le tableau des tailles est \u00e0 titre indicatif uniquement, il peut y avoir une petite diff\u00e9rence avec ce que vous obtenez. 2. Il existe 3 types d&#039;\u00e9lasticit\u00e9\u00a0: haute \u00e9lasticit\u00e9 (\u00e9tir\u00e9 des deux c\u00f4t\u00e9s), \u00e9lasticit\u00e9 moyenne (\u00e9tir\u00e9 d&#039;un c\u00f4t\u00e9) et non \u00e9lastique (ne peut pas \u00eatre \u00e9tir\u00e9). 3.La couleur peut \u00eatre plus claire ou plus fonc\u00e9e en raison de l&#039;affichage diff\u00e9rent du PC. 4. Lavez-le \u00e0 la main dans de l&#039;eau \u00e0 30 degr\u00e9s, suspendez-le pour s\u00e9cher \u00e0 l&#039;ombre, interdisez le blanchiment. 5.Il peut y avoir une l\u00e9g\u00e8re diff\u00e9rence sur les d\u00e9tails et le motif.<\/td><\/tr><\/tbody><\/table><\/figure>","protected":false},"excerpt":{"rendered":"<p>Portez l&#039;ensemble de soutien-gorge artisanal lourd \u00e0 coutures contrastantes en dentelle et faites-le vous regarder. Avec de la dentelle florale noire, des cils sur la poitrine, des bretelles tress\u00e9es \u00e9troites de citron vert pour le dos nu, une jarreti\u00e8re, des tours de jambe et des bretelles spaghetti r\u00e9glables.<\/p>","protected":false},"featured_media":29345,"template":"","meta":[],"product_brand":[],"product_cat":[376,368,374,369,367],"product_tag":[507,452,448,451,446,447,504],"class_list":{"0":"post-29341","1":"product","2":"type-product","3":"status-publish","4":"has-post-thumbnail","6":"product_cat-wholesale-ultra-sexy-bra-panty-set","7":"product_cat-bra-panty-set","8":"product_cat-wholesale-garter-belt-set","9":"product_cat-wholesale-lace-bra-and-panty-sets","10":"product_cat-sexy-lingerie","11":"product_tag-three-pcs-set","12":"product_tag-wholesale-boudoir-lingerie","13":"product_tag-wholesale-elegant-sexy-lingerie","14":"product_tag-wholesale-revealing-lingerie","15":"product_tag-wholesale-sexy-see-through-lingerie","16":"product_tag-wholesale-strappy-sexy-lingerie","17":"product_tag-ultra-sexy","18":"pa_color-black","19":"pa_cup-full-cup","20":"pa_size-wholesale-large-size-women-sexy-lingerie","21":"pa_size-wholesale-medium-size-women-sexy-lingerie","22":"pa_size-wholesale-small-size-sexy-lingerie","23":"pa_size-wholesale-extra-large-sexy-lingerie","25":"first","26":"instock","27":"taxable","28":"shipping-taxable","29":"purchasable","30":"product-type-variable"},"tiered_pricing_type":"fixed","tiered_pricing_fixed_rules":[],"tiered_pricing_product_settings":{"layout":"default","base_unit_name":{"singular":null,"plural":null},"default_variation":null},"tiered_pricing_minimum_quantity":null,"tiered_pricing_roles_data":{"default_wholesaler":{"product_id":29341,"role":"default_wholesaler","pricing_type":"flat","regular_price":null,"sale_price":null,"discount":null,"discount_type":"sale_price","tiered_pricing_type":"fixed","percentage_rules":[],"fixed_rules":{"2":"10.19","30":"8.79","500":"7.69"},"minimum":null},"dropshippinger":{"product_id":29341,"role":"dropshippinger","pricing_type":"flat","regular_price":null,"sale_price":null,"discount":null,"discount_type":"sale_price","tiered_pricing_type":"fixed","percentage_rules":[],"fixed_rules":{"1":"12.19","5":"10.19","20":"8.79"},"minimum":null}},"tiered_pricing_percentage_rules":[],"tiered_pricing_maximum_quantity":null,"tiered_pricing_quantity_step":null,"_links":{"self":[{"href":"https:\/\/gretasexylingerie.com\/fr\/wp-json\/wp\/v2\/product\/29341","targetHints":{"allow":["GET"]}}],"collection":[{"href":"https:\/\/gretasexylingerie.com\/fr\/wp-json\/wp\/v2\/product"}],"about":[{"href":"https:\/\/gretasexylingerie.com\/fr\/wp-json\/wp\/v2\/types\/product"}],"wp:featuredmedia":[{"embeddable":true,"href":"https:\/\/gretasexylingerie.com\/fr\/wp-json\/wp\/v2\/media\/29345"}],"wp:attachment":[{"href":"https:\/\/gretasexylingerie.com\/fr\/wp-json\/wp\/v2\/media?parent=29341"}],"wp:term":[{"taxonomy":"product_brand","embeddable":true,"href":"https:\/\/gretasexylingerie.com\/fr\/wp-json\/wp\/v2\/product_brand?post=29341"},{"taxonomy":"product_cat","embeddable":true,"href":"https:\/\/gretasexylingerie.com\/fr\/wp-json\/wp\/v2\/product_cat?post=29341"},{"taxonomy":"product_tag","embeddable":true,"href":"https:\/\/gretasexylingerie.com\/fr\/wp-json\/wp\/v2\/product_tag?post=29341"}],"curies":[{"name":"wp","href":"https:\/\/api.w.org\/{rel}","templated":true}]}}