{"id":28998,"date":"2023-01-10T11:54:47","date_gmt":"2023-01-10T03:54:47","guid":{"rendered":"https:\/\/gretasexylingerie.com\/?post_type=product&#038;p=28998"},"modified":"2024-04-03T11:15:47","modified_gmt":"2024-04-03T03:15:47","slug":"ensemble-soutien-gorge-a-pois-en-maille-transparente","status":"publish","type":"product","link":"https:\/\/gretasexylingerie.com\/fr\/products\/sheer-mesh-polka-dot-bra-set\/","title":{"rendered":"Ensemble de soutien-gorge en maille transparente \u00e0 pois"},"content":{"rendered":"<p>Caract\u00e9ristiques:<\/p>\n\n\n\n<ol class=\"wp-block-list\">\n<li>La conception de la ceinture en maille \u00e9lastique de la poitrine peut ajuster librement la taille de la poitrine.<\/li>\n\n\n\n<li>Le tissu en maille \u00e0 pois transparent augmente le confort et met en valeur la sensualit\u00e9.<br>Acheter 3 ou 4 produits \u00e0 la fois est plus rentable.<\/li>\n<\/ol>\n\n\n\n<figure class=\"wp-block-table\"><table><tbody><tr><td colspan=\"4\">Carte du site (CM)<\/td><\/tr><tr><td>Taille<\/td><td>Sous le buste<\/td><td>Hauteur de tasse<\/td><td>Taille<\/td><\/tr><tr><td>S<\/td><td>66-67<\/td><td>14<\/td><td>64-74<\/td><\/tr><tr><td>M<\/td><td>70-80<\/td><td>15<\/td><td>68-78<\/td><\/tr><tr><td>L<\/td><td>75-84<\/td><td>16<\/td><td>72-82<\/td><\/tr><tr><td>XL<\/td><td>78-88<\/td><td>17<\/td><td>76-86<\/td><\/tr><tr><td colspan=\"4\">Carte du site (POUCES)<\/td><\/tr><tr><td>Taille<\/td><td>Sous le buste<\/td><td>Hauteur de tasse<\/td><td>Taille<\/td><\/tr><tr><td>S<\/td><td>26.4-30.4<\/td><td>5.6<\/td><td>25.6-29.9<\/td><\/tr><tr><td>M<\/td><td>28-32<\/td><td>6<\/td><td>27.2-31.2<\/td><\/tr><tr><td>L<\/td><td>29.6-33.7<\/td><td>6.4<\/td><td>28.8-32.8<\/td><\/tr><tr><td>XL<\/td><td>31.2-35.2<\/td><td>6.8<\/td><td>30.4-34.4<\/td><\/tr><\/tbody><\/table><\/figure>\n\n\n\n<p><\/p>\n\n\n\n<p>1. Tous nos produits ont un stock suffisant, bienvenue pour passer une commande \u00e0 tout moment. Nous confirmerons la commande dans les 24 heures apr\u00e8s avoir pass\u00e9 la commande.<\/p>\n\n\n\n<p>2. Il n&#039;y a pas d&#039;exigence de MOQ pour tous nos produits en stock, et nous soutenons la vente en gros mixte. Apr\u00e8s avoir s\u00e9lectionn\u00e9 un SKU complet, le syst\u00e8me affichera automatiquement les prix correspondant aux diff\u00e9rentes quantit\u00e9s.<\/p>\n\n\n\n<p>3. Apr\u00e8s confirmation de la commande, nous terminons g\u00e9n\u00e9ralement la livraison dans les 2-3 jours ouvrables (sauf les jours f\u00e9ri\u00e9s ou d&#039;autres raisons sp\u00e9ciales), vous pouvez trouver votre commande et la suivre dans le <a href=\"https:\/\/gretasexylingerie.com\/fr\/contactez-nous\/\">Mon compte<\/a>&nbsp;page.<\/p>\n\n\n\n<p>4. Notre m\u00e9thode d&#039;exp\u00e9dition par d\u00e9faut est par avion, principalement via Fedex, TNT, EMS, UPS, DHL ou d&#039;autres prestataires de services logistiques, d\u00e9pend principalement de votre commande et de votre adresse. Si vous avez besoin d&#039;une m\u00e9thode d&#039;exp\u00e9dition plus \u00e9conomique ou si vous avez des questions sur les frais d&#039;exp\u00e9dition, n&#039;h\u00e9sitez pas \u00e0 <a href=\"https:\/\/gretasexylingerie.com\/fr\/mon-compte\/\">Contactez-nous<\/a>.<\/p>\n\n\n\n<p>5. Nous ne paierons pas de taxe d&#039;importation pour votre commande par d\u00e9faut. Vous devez effectuer le paiement selon les exigences de votre pays lorsque la douane vous contacte. Cependant, si vous en avez besoin, veuillez noter dans la commande que nous pouvons vous facturer des frais suppl\u00e9mentaires.<\/p>\n\n\n\n<p>6. Nos commandes prennent en charge les retours, veuillez visiter notre <a href=\"https:\/\/gretasexylingerie.com\/fr\/politique-de-retour\/\">politique de retour<\/a>&nbsp;pour plus d&#039;informations.<\/p>\n\n\n\n<p>7. Si vous avez besoin de conna\u00eetre les questions les plus fr\u00e9quemment pos\u00e9es, veuillez visiter <a href=\"https:\/\/gretasexylingerie.com\/fr\/aide-a-la-clientele\/\">Aide client<\/a>.<\/p>","protected":false},"excerpt":{"rendered":"<p>Ensemble de soutien-gorge \u00e0 pois en maille transparente nouvellement con\u00e7u\u00a0! La poitrine a une bande \u00e9lastique complexe qui peut \u00eatre ajust\u00e9e selon les besoins pour mettre en valeur votre beaut\u00e9.<br \/>La conception en maille mouchet\u00e9e transparente ajoute une d\u00e9coration plus coquine tout en augmentant le confort.<\/p>","protected":false},"featured_media":29010,"template":"","meta":[],"product_brand":[],"product_cat":[375,368,374,367,376],"product_tag":[452,448,451,446,447,504],"class_list":{"0":"post-28998","1":"product","2":"type-product","3":"status-publish","4":"has-post-thumbnail","6":"product_cat-whoelsale-sheer-bra-and-panty-sets","7":"product_cat-bra-panty-set","8":"product_cat-wholesale-garter-belt-set","9":"product_cat-sexy-lingerie","10":"product_cat-wholesale-ultra-sexy-bra-panty-set","11":"product_tag-wholesale-boudoir-lingerie","12":"product_tag-wholesale-elegant-sexy-lingerie","13":"product_tag-wholesale-revealing-lingerie","14":"product_tag-wholesale-sexy-see-through-lingerie","15":"product_tag-wholesale-strappy-sexy-lingerie","16":"product_tag-ultra-sexy","17":"pa_color-black","18":"pa_cup-wholesale-half-cup-women-sexy-lingerie","19":"pa_size-wholesale-large-size-women-sexy-lingerie","20":"pa_size-wholesale-medium-size-women-sexy-lingerie","21":"pa_size-wholesale-small-size-sexy-lingerie","22":"pa_size-wholesale-extra-large-sexy-lingerie","24":"first","25":"instock","26":"taxable","27":"shipping-taxable","28":"purchasable","29":"product-type-variable"},"tiered_pricing_type":"fixed","tiered_pricing_fixed_rules":[],"tiered_pricing_product_settings":{"layout":"table","base_unit_name":{"singular":null,"plural":null},"default_variation":null},"tiered_pricing_minimum_quantity":null,"tiered_pricing_roles_data":{"default_wholesaler":{"product_id":28998,"role":"default_wholesaler","pricing_type":"flat","regular_price":null,"sale_price":null,"discount":null,"discount_type":"sale_price","tiered_pricing_type":"fixed","percentage_rules":[],"fixed_rules":{"2":"9.39","30":"8.09","500":"7.09"},"minimum":null},"dropshippinger":{"product_id":28998,"role":"dropshippinger","pricing_type":"flat","regular_price":null,"sale_price":null,"discount":null,"discount_type":"sale_price","tiered_pricing_type":"fixed","percentage_rules":[],"fixed_rules":{"2":"11.29","5":"9.38","20":"8.09"},"minimum":null}},"tiered_pricing_percentage_rules":[],"tiered_pricing_maximum_quantity":null,"tiered_pricing_quantity_step":null,"_links":{"self":[{"href":"https:\/\/gretasexylingerie.com\/fr\/wp-json\/wp\/v2\/product\/28998","targetHints":{"allow":["GET"]}}],"collection":[{"href":"https:\/\/gretasexylingerie.com\/fr\/wp-json\/wp\/v2\/product"}],"about":[{"href":"https:\/\/gretasexylingerie.com\/fr\/wp-json\/wp\/v2\/types\/product"}],"wp:featuredmedia":[{"embeddable":true,"href":"https:\/\/gretasexylingerie.com\/fr\/wp-json\/wp\/v2\/media\/29010"}],"wp:attachment":[{"href":"https:\/\/gretasexylingerie.com\/fr\/wp-json\/wp\/v2\/media?parent=28998"}],"wp:term":[{"taxonomy":"product_brand","embeddable":true,"href":"https:\/\/gretasexylingerie.com\/fr\/wp-json\/wp\/v2\/product_brand?post=28998"},{"taxonomy":"product_cat","embeddable":true,"href":"https:\/\/gretasexylingerie.com\/fr\/wp-json\/wp\/v2\/product_cat?post=28998"},{"taxonomy":"product_tag","embeddable":true,"href":"https:\/\/gretasexylingerie.com\/fr\/wp-json\/wp\/v2\/product_tag?post=28998"}],"curies":[{"name":"wp","href":"https:\/\/api.w.org\/{rel}","templated":true}]}}