{"id":51298,"date":"2024-07-18T11:54:51","date_gmt":"2024-07-18T03:54:51","guid":{"rendered":"https:\/\/gretasexylingerie.com\/?post_type=product&#038;p=51298"},"modified":"2024-07-18T12:07:07","modified_gmt":"2024-07-18T04:07:07","slug":"tukku-midnight-mesh-plus-koko-bodystocking","status":"publish","type":"product","link":"https:\/\/gretasexylingerie.com\/fi\/products\/wholesale-midnight-mesh-plus-size-bodystocking\/","title":{"rendered":"Tukku Midnight Mesh Plus Size Bodystocking"},"content":{"rendered":"<p><strong>Tyylik\u00e4s verkkorakenne<\/strong>: T\u00e4m\u00e4 vartalosukka muotoilee saumattomasti vartaloa, ja se on valmistettu hienosta verkkokankaasta ja tarjoaa samalla houkuttelevuutta ja hienostuneen peiton.<\/p>\n\n\n\n<p><strong>Yleinen vetoomus<\/strong>: R\u00e4\u00e4t\u00e4l\u00f6ity imartelemaan plus-koon figuuria, t\u00e4m\u00e4 kappale korostaa k\u00e4yri\u00e4 joustavalla materiaalillaan ja vartaloa my\u00f6t\u00e4ilev\u00e4ll\u00e4 siluetilla, mik\u00e4 varmistaa, ett\u00e4 jokainen k\u00e4ytt\u00e4j\u00e4 tuntee olonsa yht\u00e4 upealta kuin n\u00e4ytt\u00e4\u00e4.<\/p>\n\n\n\n<p><strong>Juhlavalmis muoti<\/strong>: Ihanteellinen rave-kulttuuriin, mutta tarpeeksi monipuolinen mihin tahansa y\u00f6el\u00e4m\u00e4n tapahtumaan <strong>musta mesh rave-asu<\/strong> k\u00e4\u00e4nt\u00e4\u00e4 varmasti p\u00e4\u00e4t ainutlaatuisella kuviollaan ja rohkealla l\u00e4pin\u00e4kyvyydell\u00e4.<\/p>\n\n\n\n<p><strong>Mukavuus ja tyyli<\/strong>: Vaikka t\u00e4m\u00e4 body on suunniteltu h\u00e4ik\u00e4isem\u00e4\u00e4n, se ei tee kompromisseja mukavuudesta. Pehme\u00e4, hengitt\u00e4v\u00e4 verkko varmistaa mukavan istuvuuden, joka liikkuu kanssasi, tanssit sitten y\u00f6n yli tai nautit illasta.<\/p>\n\n\n\n<p><strong>Saumaton v\u00e4hitt\u00e4ismyyntikokemus<\/strong>: T\u00e4m\u00e4 houkuttelee <strong>bodystocking body<\/strong> on saatavilla kauttamme <a href=\"https:\/\/gretasexylingerie.com\/fi\/droshpping-alusvaatepalvelu\/\">pudota toimituspalvelu<\/a>, joka tarjoaa helpon integroinnin varastoosi ilman v\u00e4himm\u00e4istilauksia, joten se on vaivaton lis\u00e4 myym\u00e4l\u00e4\u00e4si.<\/p>\n\n\n\n<p>Uskalla h\u00e4ik\u00e4ist\u00e4 Midnight Mesh Plus Size -vartalosukallamme. Lis\u00e4\u00e4 t\u00e4m\u00e4 upea kappale kokoelmaasi t\u00e4n\u00e4\u00e4n ja tarjoa asiakkaillesi asu, joka on yht\u00e4 varma kuin kiehtova. Tee yhteisty\u00f6t\u00e4 Greta Sexy Lingerien kanssa ja tuo tarjontaasi vertaansa vailla oleva tyyli.<\/p>","protected":false},"excerpt":{"rendered":"<p>Omaksu rohkea luottamus meid\u00e4n kanssamme <strong>plus kokoiset bodystocking alusvaatteet<\/strong>, suunniteltu upeaan vieh\u00e4tysvoimaan ja mukavuuteen. T\u00e4m\u00e4 <strong>musta mesh rave-asu<\/strong> yhdist\u00e4\u00e4 rohkean tyylin monimutkaiseen muotoiluun, joka on t\u00e4ydellinen valinta mihin tahansa tapahtumaan.<\/p>","protected":false},"featured_media":51297,"template":"","meta":[],"product_brand":[],"product_cat":[405,404,409],"product_tag":[],"class_list":{"0":"post-51298","1":"product","2":"type-product","3":"status-publish","4":"has-post-thumbnail","6":"product_cat-wholesale-bodystocking","7":"product_cat-sexy-stocking","8":"product_cat-wholesale-stocking-bodysuit","10":"first","11":"instock","12":"taxable","13":"shipping-taxable","14":"purchasable","15":"product-type-simple"},"tiered_pricing_type":"fixed","tiered_pricing_fixed_rules":[],"tiered_pricing_product_settings":{"layout":"default","base_unit_name":{"singular":null,"plural":null},"default_variation":null},"tiered_pricing_minimum_quantity":null,"tiered_pricing_roles_data":[],"tiered_pricing_percentage_rules":[],"tiered_pricing_maximum_quantity":null,"tiered_pricing_quantity_step":null,"_links":{"self":[{"href":"https:\/\/gretasexylingerie.com\/fi\/wp-json\/wp\/v2\/product\/51298","targetHints":{"allow":["GET"]}}],"collection":[{"href":"https:\/\/gretasexylingerie.com\/fi\/wp-json\/wp\/v2\/product"}],"about":[{"href":"https:\/\/gretasexylingerie.com\/fi\/wp-json\/wp\/v2\/types\/product"}],"wp:featuredmedia":[{"embeddable":true,"href":"https:\/\/gretasexylingerie.com\/fi\/wp-json\/wp\/v2\/media\/51297"}],"wp:attachment":[{"href":"https:\/\/gretasexylingerie.com\/fi\/wp-json\/wp\/v2\/media?parent=51298"}],"wp:term":[{"taxonomy":"product_brand","embeddable":true,"href":"https:\/\/gretasexylingerie.com\/fi\/wp-json\/wp\/v2\/product_brand?post=51298"},{"taxonomy":"product_cat","embeddable":true,"href":"https:\/\/gretasexylingerie.com\/fi\/wp-json\/wp\/v2\/product_cat?post=51298"},{"taxonomy":"product_tag","embeddable":true,"href":"https:\/\/gretasexylingerie.com\/fi\/wp-json\/wp\/v2\/product_tag?post=51298"}],"curies":[{"name":"wp","href":"https:\/\/api.w.org\/{rel}","templated":true}]}}