{"id":51241,"date":"2024-07-17T15:04:19","date_gmt":"2024-07-17T07:04:19","guid":{"rendered":"https:\/\/gretasexylingerie.com\/?post_type=product&#038;p=51241"},"modified":"2024-07-17T15:33:22","modified_gmt":"2024-07-17T07:33:22","slug":"tukkumyynti-punaisella-korosteella-lapinakyva-verkkobody","status":"publish","type":"product","link":"https:\/\/gretasexylingerie.com\/fi\/products\/wholesale-red-accented-transparent-fishnet-bodysuit\/","title":{"rendered":"Tukkumyynti punainen korostettu l\u00e4pin\u00e4kyv\u00e4 verkkobody"},"content":{"rendered":"<p><strong>Rohkea verkkomuotoilu<\/strong>: Valmistettu ensiluokkaisesta verkkomateriaalista, t\u00e4m\u00e4 body tarjoaa viettelev\u00e4n l\u00e4pin\u00e4kyv\u00e4n ilmeen, joka on sek\u00e4 houkutteleva ett\u00e4 kiehtova ja vahvistaa vartalon luonnollisia muotoja.<\/p>\n<p><strong>Kirkkaat punaiset aksentit<\/strong>: V\u00e4rikk\u00e4iden punaisten solmioiden ja koristeiden korostettuna t\u00e4m\u00e4 kappale erottuu kaikista alusvaatemallistoista tarjoten silmiinpist\u00e4v\u00e4n kontrastin.<\/p>\n<p><strong>Sopivat verkkok\u00e4sineet<\/strong>: T\u00e4m\u00e4 asukokonaisuus on yhdistetty yhteensovittavilla verkkok\u00e4sineill\u00e4, ja se luo alustan dramaattiselle ja yhten\u00e4iselle ulkon\u00e4\u00f6lle, joka sopii t\u00e4ydellisesti teematapahtumiin tai erikoistilaisuuksiin.<\/p>\n<p><strong>Silkkaa mukavuutta ja istuvuutta<\/strong>: T\u00e4m\u00e4 body on suunniteltu mukavuutta varten, ja siin\u00e4 on s\u00e4\u00e4dett\u00e4v\u00e4t ominaisuudet ja joustava kangas, joka istuu saumattomasti ihoa vasten ja varmistaa koko y\u00f6n mukavuuden tyylist\u00e4 tinkim\u00e4tt\u00e4.<\/p>\n<p><strong>Helppo integrointi j\u00e4lleenmyyjille<\/strong>: Tarjottu kauttamme <a href=\"https:\/\/gretasexylingerie.com\/fi\/droshpping-alusvaatepalvelu\/\">pudota toimituspalvelu<\/a>, t\u00e4m\u00e4 body on erinomainen lis\u00e4 j\u00e4lleenmyyjille, jotka haluavat pirist\u00e4\u00e4 varastoaan minimaalisella riskill\u00e4.<\/p>\n<p>Uskalla h\u00e4ik\u00e4ist\u00e4 <strong>Punainen aksentoitu l\u00e4pin\u00e4kyv\u00e4 verkkopuku<\/strong>. Ihanteellinen kuluttajille, jotka haluavat tehd\u00e4 rohkean lausunnon, t\u00e4m\u00e4 pala lupaa k\u00e4\u00e4nt\u00e4\u00e4 p\u00e4\u00e4t ja kohottaa mink\u00e4 tahansa iltapukua. Varmista, ett\u00e4 myym\u00e4l\u00e4si on vaikuttavien alusvaatteiden suosituin kohde varastoimalla t\u00e4m\u00e4 pakollinen tuote jo t\u00e4n\u00e4\u00e4n. Vieraile Greta Sexy Lingerie -sivustolla saadaksesi lis\u00e4tietoja ostosta ja lis\u00e4apua tilauksesi kanssa.<\/p>","protected":false},"excerpt":{"rendered":"<p>Tuo esiin sekoitus rohkeutta ja herkkyytt\u00e4 meid\u00e4n kanssamme <strong>verkko body, punainen<\/strong>, jossa on silmiinpist\u00e4vi\u00e4 punaisia aksentteja ja verkkok\u00e4sineit\u00e4, jotka luovat yhten\u00e4isen ja s\u00e4rm\u00e4n ilmeen. T\u00e4m\u00e4 <strong>l\u00e4pin\u00e4kyv\u00e4 body<\/strong> on suunniteltu rohkeaa, toiminnallisuutta huippumuotia yhdist\u00e4v\u00e4\u00e4n.<\/p>","protected":false},"featured_media":51236,"template":"","meta":[],"product_brand":[],"product_cat":[405,404,409],"product_tag":[],"class_list":{"0":"post-51241","1":"product","2":"type-product","3":"status-publish","4":"has-post-thumbnail","6":"product_cat-wholesale-bodystocking","7":"product_cat-sexy-stocking","8":"product_cat-wholesale-stocking-bodysuit","10":"first","11":"instock","12":"taxable","13":"shipping-taxable","14":"purchasable","15":"product-type-simple"},"tiered_pricing_type":"fixed","tiered_pricing_fixed_rules":[],"tiered_pricing_product_settings":{"layout":"default","base_unit_name":{"singular":null,"plural":null},"default_variation":null},"tiered_pricing_minimum_quantity":null,"tiered_pricing_roles_data":[],"tiered_pricing_percentage_rules":[],"tiered_pricing_maximum_quantity":null,"tiered_pricing_quantity_step":null,"_links":{"self":[{"href":"https:\/\/gretasexylingerie.com\/fi\/wp-json\/wp\/v2\/product\/51241","targetHints":{"allow":["GET"]}}],"collection":[{"href":"https:\/\/gretasexylingerie.com\/fi\/wp-json\/wp\/v2\/product"}],"about":[{"href":"https:\/\/gretasexylingerie.com\/fi\/wp-json\/wp\/v2\/types\/product"}],"wp:featuredmedia":[{"embeddable":true,"href":"https:\/\/gretasexylingerie.com\/fi\/wp-json\/wp\/v2\/media\/51236"}],"wp:attachment":[{"href":"https:\/\/gretasexylingerie.com\/fi\/wp-json\/wp\/v2\/media?parent=51241"}],"wp:term":[{"taxonomy":"product_brand","embeddable":true,"href":"https:\/\/gretasexylingerie.com\/fi\/wp-json\/wp\/v2\/product_brand?post=51241"},{"taxonomy":"product_cat","embeddable":true,"href":"https:\/\/gretasexylingerie.com\/fi\/wp-json\/wp\/v2\/product_cat?post=51241"},{"taxonomy":"product_tag","embeddable":true,"href":"https:\/\/gretasexylingerie.com\/fi\/wp-json\/wp\/v2\/product_tag?post=51241"}],"curies":[{"name":"wp","href":"https:\/\/api.w.org\/{rel}","templated":true}]}}