{"id":51234,"date":"2024-07-17T15:03:42","date_gmt":"2024-07-17T07:03:42","guid":{"rendered":"https:\/\/gretasexylingerie.com\/?post_type=product&#038;p=51234"},"modified":"2024-07-17T15:32:01","modified_gmt":"2024-07-17T07:32:01","slug":"tukkumyynti-lavender-dreams-lapinakyva-pitsibody","status":"publish","type":"product","link":"https:\/\/gretasexylingerie.com\/fi\/products\/wholesale-lavender-dreams-transparent-lace-bodysuit\/","title":{"rendered":"Tukkumyynti Lavender Dreams l\u00e4pin\u00e4kyv\u00e4 pitsinen Bodysuit"},"content":{"rendered":"<p><strong>Suloinen verkkomuotoilu<\/strong>: Klassista kauneutta ja \u00e4rtyis\u00e4\u00e4 estetiikkaa yhdist\u00e4v\u00e4 verkkokuvio tarjoaa kiehtovan kurkistuksen alla olevaan ja tarjoaa vastustamattoman vieh\u00e4tyksen.<\/p>\n\n\n\n<p><strong>Ylellinen violetti pitsi<\/strong>: Pehme\u00e4ll\u00e4 violetilla pitsireunuksella koristeltu t\u00e4m\u00e4 body tuo leikkis\u00e4n mutta elegantin tunnelman, joka on t\u00e4ydellinen niille, jotka arvostavat v\u00e4ri\u00e4 intiimivaatteessa.<\/p>\n\n\n\n<p><strong>Silkkaa pitsieleganssia<\/strong>: Puvun runko on valmistettu hienosta, l\u00e4pin\u00e4kyv\u00e4st\u00e4 pitsist\u00e4, mik\u00e4 varmistaa, ett\u00e4 jokainen yksityiskohta on korostettu mystiikkaa ja hienostuneisuutta my\u00f6ten.<\/p>\n\n\n\n<p><strong>Mukavuus kohtaa tyylin<\/strong>: T\u00e4m\u00e4 body on suunniteltu mukavuutta ajatellen, ja siin\u00e4 on s\u00e4\u00e4dett\u00e4v\u00e4t olkaimet ja pehme\u00e4, joustava kangas, joka mukautuu kauniisti vartaloon.<\/p>\n\n\n\n<p><strong>Vaivaton v\u00e4hitt\u00e4ismyynti<\/strong>: Saatavilla kauttamme <a href=\"https:\/\/gretasexylingerie.com\/fi\/droshpping-alusvaatepalvelu\/\">pudota toimituspalvelu<\/a>T\u00e4m\u00e4 body sopii t\u00e4ydellisesti j\u00e4lleenmyyjille, jotka haluavat laajentaa valikoimaansa minimaalisilla kuluilla.<\/p>\n\n\n\n<p>Kutsu asiakkaasi tutustumaan meid\u00e4n ylelliseen tunnelmaan <strong>Lavender Dreams l\u00e4pin\u00e4kyv\u00e4 pitsinen bodi<\/strong>. T\u00e4ydellinen intiimiin iltaan tai rohkeaksi alusvaatteeksi, t\u00e4m\u00e4 vaatekappale lupaa mukavuuden lis\u00e4ksi my\u00f6s upean visuaalisen vaikutelman. Varaa t\u00e4m\u00e4 upea tuote t\u00e4n\u00e4\u00e4n ja anna asiakaskuntasi tutustua eleganttiin mutta rohkeaan puoleensa. Ota yhteytt\u00e4 Greta Sexy Lingerieen saadaksesi lis\u00e4tietoja t\u00e4m\u00e4n henke\u00e4salpaavan vaatteen lis\u00e4\u00e4misest\u00e4 tarjontaasi.<\/p>","protected":false},"excerpt":{"rendered":"<p>Koe eleganssia ja vieh\u00e4tyst\u00e4 kanssamme <strong>violetti bodysukka<\/strong>, herkk\u00e4 kokonaisuus, joka yhdist\u00e4\u00e4 t\u00e4ydellisesti l\u00e4pin\u00e4kyv\u00e4n pitsin viettelev\u00e4n verkkokuvion kanssa. T\u00e4m\u00e4 <strong>verkkopitsinen body<\/strong> on suunniteltu kiehtomaan ja vieh\u00e4tt\u00e4m\u00e4\u00e4n, ja se on ihanteellinen lis\u00e4\u00e4m\u00e4\u00e4n ripauksen hienostunutta aistillisuutta mihin tahansa kokoelmaan.<\/p>","protected":false},"featured_media":51229,"template":"","meta":[],"product_brand":[],"product_cat":[405,404,409],"product_tag":[],"class_list":{"0":"post-51234","1":"product","2":"type-product","3":"status-publish","4":"has-post-thumbnail","6":"product_cat-wholesale-bodystocking","7":"product_cat-sexy-stocking","8":"product_cat-wholesale-stocking-bodysuit","10":"first","11":"instock","12":"taxable","13":"shipping-taxable","14":"purchasable","15":"product-type-simple"},"tiered_pricing_type":"fixed","tiered_pricing_fixed_rules":[],"tiered_pricing_product_settings":{"layout":"default","base_unit_name":{"singular":null,"plural":null},"default_variation":null},"tiered_pricing_minimum_quantity":null,"tiered_pricing_roles_data":[],"tiered_pricing_percentage_rules":[],"tiered_pricing_maximum_quantity":null,"tiered_pricing_quantity_step":null,"_links":{"self":[{"href":"https:\/\/gretasexylingerie.com\/fi\/wp-json\/wp\/v2\/product\/51234","targetHints":{"allow":["GET"]}}],"collection":[{"href":"https:\/\/gretasexylingerie.com\/fi\/wp-json\/wp\/v2\/product"}],"about":[{"href":"https:\/\/gretasexylingerie.com\/fi\/wp-json\/wp\/v2\/types\/product"}],"wp:featuredmedia":[{"embeddable":true,"href":"https:\/\/gretasexylingerie.com\/fi\/wp-json\/wp\/v2\/media\/51229"}],"wp:attachment":[{"href":"https:\/\/gretasexylingerie.com\/fi\/wp-json\/wp\/v2\/media?parent=51234"}],"wp:term":[{"taxonomy":"product_brand","embeddable":true,"href":"https:\/\/gretasexylingerie.com\/fi\/wp-json\/wp\/v2\/product_brand?post=51234"},{"taxonomy":"product_cat","embeddable":true,"href":"https:\/\/gretasexylingerie.com\/fi\/wp-json\/wp\/v2\/product_cat?post=51234"},{"taxonomy":"product_tag","embeddable":true,"href":"https:\/\/gretasexylingerie.com\/fi\/wp-json\/wp\/v2\/product_tag?post=51234"}],"curies":[{"name":"wp","href":"https:\/\/api.w.org\/{rel}","templated":true}]}}