{"id":51219,"date":"2024-07-16T19:50:15","date_gmt":"2024-07-16T11:50:15","guid":{"rendered":"https:\/\/gretasexylingerie.com\/?post_type=product&#038;p=51219"},"modified":"2024-07-17T15:29:39","modified_gmt":"2024-07-17T07:29:39","slug":"tukku-vaaleanpunainen-starlight-riimu-kaula-bodystocking","status":"publish","type":"product","link":"https:\/\/gretasexylingerie.com\/fi\/products\/wholesale-pink-starlight-halter-neck-bodystocking\/","title":{"rendered":"Tukku Pink Starlight Halter Neck Bodystocking"},"content":{"rendered":"<p><strong>Silmi\u00e4 hivelev\u00e4 vaaleanpunainen s\u00e4vy<\/strong>: S\u00e4teile charmia t\u00e4m\u00e4n body-sukkahousun eloisalla vaaleanpunaisella s\u00e4vyll\u00e4, joka varmistaa, ett\u00e4 erotut joukosta tai valojen alla.<\/p>\n\n\n\n<p><strong>Kimaltelevia tekojalokiviaksentteja<\/strong>: Koristeltu kimaltelevilla strassilla, jotka vangitsevat valon joka liikkeell\u00e4, t\u00e4m\u00e4 kappale lis\u00e4\u00e4 juuri oikean m\u00e4\u00e4r\u00e4n kiiltoa vaatekaappiisi.<\/p>\n\n\n\n<p><strong>Innovatiivinen riimusuunnittelu<\/strong>: Riimukaula tarjoaa mukavan istuvuuden ja korostaa olkap\u00e4it\u00e4 ja kaulaa yhdist\u00e4en mukavuuden ja houkuttelevuuden.<\/p>\n\n\n\n<p><strong>Dramaattisia leikkauksia<\/strong>: Strategiset leikkaukset vartalon ja jalkojen varrella vahvistavat vartalon luonnollisia linjoja ja lis\u00e4\u00e4v\u00e4t kokonaisuuteen kiehtovuutta ja hienostuneisuutta.<\/p>\n\n\n\n<p><strong>Vaivaton v\u00e4hitt\u00e4ismyynti<\/strong>: Saatavilla kauttamme <a href=\"https:\/\/gretasexylingerie.com\/fi\/droshpping-alusvaatepalvelu\/\">pudota toimituspalvelu<\/a>, t\u00e4m\u00e4 bodystocking on loistava lis\u00e4 jokaiseen kauppaan, ja sen avulla voit tarjota katseenvangitsijan, vaikuttavan muotikappaleen v\u00e4h\u00e4ll\u00e4 vaivalla.<\/p>\n\n\n\n<p>Valaise alusvaatemallistoasi <strong>Pinkki Starlight Halter Neck Bodystocking<\/strong>. T\u00e4ydellinen niille, jotka haluavat yhdist\u00e4\u00e4 muotia hauskanpitoon, t\u00e4m\u00e4 kappale on varmasti hitti. Lis\u00e4\u00e4 se tarjontaasi ja anna asiakkaidesi h\u00e4ik\u00e4ist\u00e4 t\u00e4ss\u00e4 ainutlaatuisen eloisassa ja viettelev\u00e4ss\u00e4 kokonaisuudessa. Ota yhteytt\u00e4 Greta Sexy Lingerieen t\u00e4n\u00e4\u00e4n ja lis\u00e4\u00e4 valikoimaasi t\u00e4ll\u00e4 kimaltelevalla mestariteoksella.<\/p>","protected":false},"excerpt":{"rendered":"<p>Astu parrasvaloihin kanssamme <strong>pinkki bodysukka<\/strong>, lumoava sekoitus hohtavia strassit ja rohkeita, viettelevi\u00e4 leikkauksia. Suunniteltu riimukauluksella ja tekojalokivill\u00e4 nastoitettuun ristikuvioon, t\u00e4m\u00e4 bodysukka sopii t\u00e4ydellisesti niille, jotka rakastavat kiiltoa ja leikkis\u00e4\u00e4 kylke\u00e4\u00e4n.<\/p>","protected":false},"featured_media":51213,"template":"","meta":[],"product_brand":[],"product_cat":[405,407,408,404],"product_tag":[],"class_list":{"0":"post-51219","1":"product","2":"type-product","3":"status-publish","4":"has-post-thumbnail","6":"product_cat-wholesale-bodystocking","7":"product_cat-wholesale-full-body-stocking","8":"product_cat-wholesale-rhinestone-bodystocking","9":"product_cat-sexy-stocking","11":"first","12":"instock","13":"taxable","14":"shipping-taxable","15":"purchasable","16":"product-type-simple"},"tiered_pricing_type":"fixed","tiered_pricing_fixed_rules":[],"tiered_pricing_product_settings":{"layout":"default","base_unit_name":{"singular":null,"plural":null},"default_variation":null},"tiered_pricing_minimum_quantity":null,"tiered_pricing_roles_data":[],"tiered_pricing_percentage_rules":[],"tiered_pricing_maximum_quantity":null,"tiered_pricing_quantity_step":null,"_links":{"self":[{"href":"https:\/\/gretasexylingerie.com\/fi\/wp-json\/wp\/v2\/product\/51219","targetHints":{"allow":["GET"]}}],"collection":[{"href":"https:\/\/gretasexylingerie.com\/fi\/wp-json\/wp\/v2\/product"}],"about":[{"href":"https:\/\/gretasexylingerie.com\/fi\/wp-json\/wp\/v2\/types\/product"}],"wp:featuredmedia":[{"embeddable":true,"href":"https:\/\/gretasexylingerie.com\/fi\/wp-json\/wp\/v2\/media\/51213"}],"wp:attachment":[{"href":"https:\/\/gretasexylingerie.com\/fi\/wp-json\/wp\/v2\/media?parent=51219"}],"wp:term":[{"taxonomy":"product_brand","embeddable":true,"href":"https:\/\/gretasexylingerie.com\/fi\/wp-json\/wp\/v2\/product_brand?post=51219"},{"taxonomy":"product_cat","embeddable":true,"href":"https:\/\/gretasexylingerie.com\/fi\/wp-json\/wp\/v2\/product_cat?post=51219"},{"taxonomy":"product_tag","embeddable":true,"href":"https:\/\/gretasexylingerie.com\/fi\/wp-json\/wp\/v2\/product_tag?post=51219"}],"curies":[{"name":"wp","href":"https:\/\/api.w.org\/{rel}","templated":true}]}}