{"id":51191,"date":"2024-07-16T18:40:41","date_gmt":"2024-07-16T10:40:41","guid":{"rendered":"https:\/\/gretasexylingerie.com\/?post_type=product&#038;p=51191"},"modified":"2024-07-16T20:14:30","modified_gmt":"2024-07-16T12:14:30","slug":"tukkumyynti-villi-viettelija-leopardivartalohousut","status":"publish","type":"product","link":"https:\/\/gretasexylingerie.com\/fi\/products\/wholesale-wild-temptress-leopard-bodystocking\/","title":{"rendered":"Tukkukauppa Wild Temptress Leopard Bodystocking"},"content":{"rendered":"<p><strong>Eksoottinen leopardikuvio<\/strong>: Bodystockingia koristaa rohkea leopardikuvio, joka tarjoaa houkuttelevan k\u00e4\u00e4nteen klassiseen printtiin, joka on sek\u00e4 katseenvangitseva ett\u00e4 muodikas.<\/p>\n<p><strong>Rohkea avoin haara<\/strong>: Suunniteltu niille, jotka uskaltavat erottua joukosta, avoimen haaran muotoilu lis\u00e4\u00e4 kerroksen juonittelua ja mukavuutta, mik\u00e4 tekee t\u00e4st\u00e4 kappaleesta yht\u00e4 provosoivan kuin k\u00e4yt\u00e4nn\u00f6llisen.<\/p>\n<p><strong>T\u00e4ysi peitto kierteell\u00e4<\/strong>: Vaikka pitk\u00e4t hihat ja t\u00e4yspitk\u00e4 muotoilu tarjoavat laajan peiton, l\u00e4pin\u00e4kyv\u00e4 verkkomateriaali varmistaa, ett\u00e4 jokainen \u00e4\u00e4riviiva on korostettu ja jokainen yksityiskohta on korostettu.<\/p>\n<p><strong>Monipuolinen muotoilu<\/strong>* T\u00e4m\u00e4 vartalosukka voidaan muotoilla iltapuvun alle teksturoitua ilmett\u00e4 varten tai k\u00e4ytt\u00e4\u00e4 yksin\u00e4\u00e4n antamaan rohkea ilmaisu intiimimmiss\u00e4 olosuhteissa.<\/p>\n<p><strong>Vaivaton v\u00e4hitt\u00e4iskauppa<\/strong>: Tarjottu kauttamme <a href=\"https:\/\/gretasexylingerie.com\/fi\/droshpping-alusvaatepalvelu\/\">pudota toimituspalvelu<\/a>, t\u00e4m\u00e4 bodystocking on t\u00e4ydellinen lis\u00e4 mihin tahansa putiikkaan, joka haluaa tarjota ainutlaatuisia ja rohkeita alusvaatteita ilman varastonhallintakustannuksia.<\/p>\n<p>P\u00e4\u00e4st\u00e4 sis\u00e4inen houkuttelija valloilleen <strong>Wild Temptress Leopard Bodystocking<\/strong>. Ihanteellinen niille, jotka omaksuvat villin puolensa itsevarmasti ja tyylill\u00e4. Lis\u00e4\u00e4 t\u00e4m\u00e4 upea tuote valikoimaasi jo t\u00e4n\u00e4\u00e4n ja anna asiakkaidesi nauttia rohkeudesta, jota se tuo heid\u00e4n alusvaatemallistoonsa. Ota yhteytt\u00e4 Greta Sexy Lingerien kanssa tutkiaksesi, kuinka n\u00e4m\u00e4 vartalohousut voivat muuttaa tarjontaasi.<\/p>\n\n\n<p><\/p>","protected":false},"excerpt":{"rendered":"<p>Ota vastaan villin kutsu kanssamme <strong>leopardivartalosukka<\/strong>, jossa on rohkea avoin haararakenne ja pitk\u00e4t hihat. T\u00e4m\u00e4 body-sukka yhdist\u00e4\u00e4 verkkojen rohkean vieh\u00e4tyksen leopardikuvioisen ajattoman vieh\u00e4tyksen kanssa luoden ilmeen, joka on vastustamattoman viettelev\u00e4.<\/p>","protected":false},"featured_media":51186,"template":"","meta":[],"product_brand":[],"product_cat":[405,407,404],"product_tag":[],"class_list":{"0":"post-51191","1":"product","2":"type-product","3":"status-publish","4":"has-post-thumbnail","6":"product_cat-wholesale-bodystocking","7":"product_cat-wholesale-full-body-stocking","8":"product_cat-sexy-stocking","10":"first","11":"instock","12":"taxable","13":"shipping-taxable","14":"purchasable","15":"product-type-simple"},"tiered_pricing_type":"fixed","tiered_pricing_fixed_rules":[],"tiered_pricing_product_settings":{"layout":"default","base_unit_name":{"singular":null,"plural":null},"default_variation":null},"tiered_pricing_minimum_quantity":null,"tiered_pricing_roles_data":[],"tiered_pricing_percentage_rules":[],"tiered_pricing_maximum_quantity":null,"tiered_pricing_quantity_step":null,"_links":{"self":[{"href":"https:\/\/gretasexylingerie.com\/fi\/wp-json\/wp\/v2\/product\/51191","targetHints":{"allow":["GET"]}}],"collection":[{"href":"https:\/\/gretasexylingerie.com\/fi\/wp-json\/wp\/v2\/product"}],"about":[{"href":"https:\/\/gretasexylingerie.com\/fi\/wp-json\/wp\/v2\/types\/product"}],"wp:featuredmedia":[{"embeddable":true,"href":"https:\/\/gretasexylingerie.com\/fi\/wp-json\/wp\/v2\/media\/51186"}],"wp:attachment":[{"href":"https:\/\/gretasexylingerie.com\/fi\/wp-json\/wp\/v2\/media?parent=51191"}],"wp:term":[{"taxonomy":"product_brand","embeddable":true,"href":"https:\/\/gretasexylingerie.com\/fi\/wp-json\/wp\/v2\/product_brand?post=51191"},{"taxonomy":"product_cat","embeddable":true,"href":"https:\/\/gretasexylingerie.com\/fi\/wp-json\/wp\/v2\/product_cat?post=51191"},{"taxonomy":"product_tag","embeddable":true,"href":"https:\/\/gretasexylingerie.com\/fi\/wp-json\/wp\/v2\/product_tag?post=51191"}],"curies":[{"name":"wp","href":"https:\/\/api.w.org\/{rel}","templated":true}]}}