{"id":51182,"date":"2024-07-15T12:38:30","date_gmt":"2024-07-15T04:38:30","guid":{"rendered":"https:\/\/gretasexylingerie.com\/?post_type=product&#038;p=51182"},"modified":"2024-07-15T13:00:00","modified_gmt":"2024-07-15T05:00:00","slug":"tukkuspektrin-hehkun-pitka-verkkomekko","status":"publish","type":"product","link":"https:\/\/gretasexylingerie.com\/fi\/products\/wholesale-spectrum-glow-long-fishnet-dress\/","title":{"rendered":"Tukkumyynti Spectrum Glow pitk\u00e4 verkkomekko"},"content":{"rendered":"<p><strong>Eloisa neonpaletti<\/strong>: T\u00e4m\u00e4 mekko on t\u00e4ynn\u00e4 neons\u00e4vyj\u00e4, ja se esittelee dynaamisen v\u00e4riyhdistelm\u00e4n, joka virtaa saumattomasti sen pituudella ja tarjoaa silmiinpist\u00e4v\u00e4n visuaalisen vaikutuksen.<\/p>\n\n\n\n<p><strong>Tyylik\u00e4s pitk\u00e4 muotoilu<\/strong>: T\u00e4m\u00e4n verkkomekon pitk\u00e4, lakaiseva tyyli lis\u00e4\u00e4 ripauksen glamouria ja hienostuneisuutta, mik\u00e4 tekee siit\u00e4 sopivan iltatapahtumiin tai rohkeisiin p\u00e4iv\u00e4pukeutumiseen.<\/p>\n\n\n\n<p><strong>Vartaloa mukautuva istuvuus<\/strong>: T\u00e4m\u00e4 verkkomuotoilu, joka on suunniteltu halaamaan kaaret hell\u00e4sti, ei vain tasoita vartaloa, vaan mahdollistaa my\u00f6s hengitt\u00e4vyyden ja mukavuuden venyv\u00e4n materiaalinsa ansiosta.<\/p>\n\n\n\n<p><strong>Dynaaminen monipuolisuus<\/strong>: T\u00e4m\u00e4 on joko yksinkertaisen alusmekon p\u00e4\u00e4ll\u00e4 tai yksin k\u00e4ytettyn\u00e4 rohkean ilmeen vuoksi <strong>verkkomekko pitk\u00e4<\/strong> tarjoaa useita muotoiluvaihtoehtoja, joten se on monipuolinen lis\u00e4ys mihin tahansa muodikkaaseen vaatekaappiin.<\/p>\n\n\n\n<p><strong>Vaivaton v\u00e4hitt\u00e4iskauppa<\/strong>: Toimitettu kauttamme <a href=\"https:\/\/gretasexylingerie.com\/fi\/droshpping-alusvaatepalvelu\/\">pudota toimituspalvelu<\/a>, t\u00e4m\u00e4 upea kappale voidaan lis\u00e4t\u00e4 kokoelmaasi ilman k\u00e4sittely- ja s\u00e4ilytysvaivaa, mik\u00e4 varmistaa, ett\u00e4 voit tarjota asiakkaillesi trendikk\u00e4it\u00e4 tyylej\u00e4 vaivattomasti.<\/p>\n\n\n\n<p>H\u00e4ik\u00e4ise asiakaskuntasi <strong>Spectrum Glow pitk\u00e4 verkkomekko<\/strong>. Ihanteellinen niille, jotka eiv\u00e4t pelk\u00e4\u00e4 erottua joukosta ja ilmaista itse\u00e4\u00e4n el\u00e4v\u00e4n, vaikuttavan muodin avulla. Lis\u00e4\u00e4 t\u00e4m\u00e4 katseenvangitsija myym\u00e4l\u00e4\u00e4si t\u00e4n\u00e4\u00e4n ja anna asiakkaidesi loistaa tyylin koko kirjossa. Ota yhteytt\u00e4 Greta Sexy Lingerieen saadaksesi saumattoman integraation ja aloita rohkea lausunto nyt.<\/p>","protected":false},"excerpt":{"rendered":"<p>Hyv\u00e4ksy eloisuutemme <strong>verkkomekko neonista<\/strong>, t\u00e4yspitk\u00e4 spektaakkeli, jossa verkkokuvion vieh\u00e4tys yhdistyy sateenkaaren v\u00e4reihin. T\u00e4m\u00e4 <strong>seksik\u00e4s koko body<\/strong> mekko on suunniteltu k\u00e4\u00e4nt\u00e4m\u00e4\u00e4n p\u00e4\u00e4t\u00e4 ja vangitsemaan huomion miss\u00e4 tahansa sosiaalisessa kokoontumisessa.<\/p>","protected":false},"featured_media":51177,"template":"","meta":[],"product_brand":[],"product_cat":[405,406,404],"product_tag":[],"class_list":{"0":"post-51182","1":"product","2":"type-product","3":"status-publish","4":"has-post-thumbnail","6":"product_cat-wholesale-bodystocking","7":"product_cat-wholesale-fishnet-dress","8":"product_cat-sexy-stocking","10":"first","11":"instock","12":"taxable","13":"shipping-taxable","14":"purchasable","15":"product-type-simple"},"tiered_pricing_type":"fixed","tiered_pricing_fixed_rules":[],"tiered_pricing_product_settings":{"layout":"default","base_unit_name":{"singular":null,"plural":null},"default_variation":null},"tiered_pricing_minimum_quantity":null,"tiered_pricing_roles_data":[],"tiered_pricing_percentage_rules":[],"tiered_pricing_maximum_quantity":null,"tiered_pricing_quantity_step":null,"_links":{"self":[{"href":"https:\/\/gretasexylingerie.com\/fi\/wp-json\/wp\/v2\/product\/51182","targetHints":{"allow":["GET"]}}],"collection":[{"href":"https:\/\/gretasexylingerie.com\/fi\/wp-json\/wp\/v2\/product"}],"about":[{"href":"https:\/\/gretasexylingerie.com\/fi\/wp-json\/wp\/v2\/types\/product"}],"wp:featuredmedia":[{"embeddable":true,"href":"https:\/\/gretasexylingerie.com\/fi\/wp-json\/wp\/v2\/media\/51177"}],"wp:attachment":[{"href":"https:\/\/gretasexylingerie.com\/fi\/wp-json\/wp\/v2\/media?parent=51182"}],"wp:term":[{"taxonomy":"product_brand","embeddable":true,"href":"https:\/\/gretasexylingerie.com\/fi\/wp-json\/wp\/v2\/product_brand?post=51182"},{"taxonomy":"product_cat","embeddable":true,"href":"https:\/\/gretasexylingerie.com\/fi\/wp-json\/wp\/v2\/product_cat?post=51182"},{"taxonomy":"product_tag","embeddable":true,"href":"https:\/\/gretasexylingerie.com\/fi\/wp-json\/wp\/v2\/product_tag?post=51182"}],"curies":[{"name":"wp","href":"https:\/\/api.w.org\/{rel}","templated":true}]}}