{"id":51154,"date":"2024-07-15T12:36:09","date_gmt":"2024-07-15T04:36:09","guid":{"rendered":"https:\/\/gretasexylingerie.com\/?post_type=product&#038;p=51154"},"modified":"2024-07-15T12:56:52","modified_gmt":"2024-07-15T04:56:52","slug":"tukku-kiiltava-verkko-kokovartaloverkkopuku","status":"publish","type":"product","link":"https:\/\/gretasexylingerie.com\/fi\/products\/wholesale-sultry-web-full-body-fishnet-suit\/","title":{"rendered":"Sultry Web kokovartaloinen verkkopuku tukkumyynti"},"content":{"rendered":"<p><strong>Houkutteleva kattavuus<\/strong>: T\u00e4m\u00e4 puku on valmistettu hienosta verkkomateriaalista, ja se ymp\u00e4r\u00f6i vartalon houkuttelevaan verkkoon, joka tarjoaa houkuttelevan kurkistamisen samalla peitt\u00e4en mutta korostaen jokaista mutkaa.<\/p>\n\n\n\n<p><strong>Tyylikk\u00e4\u00e4t pitk\u00e4t hihat<\/strong>: Pitk\u00e4hihainen muotoilu laajentaa verkkojen houkuttelevuutta olkap\u00e4\u00e4st\u00e4 ranteeseen ja lis\u00e4\u00e4 hienostuneen kosketuksen rohkeaan vartalon peittoon.<\/p>\n\n\n\n<p><strong>Strateginen suunnittelu<\/strong>: Integroitu sis\u00e4\u00e4nrakennettu rintaliivit ja alusvaatteet, t\u00e4m\u00e4 <strong>verkkovartalosukka<\/strong> takaa mukavuuden ja tuen, mik\u00e4 tekee siit\u00e4 yht\u00e4 k\u00e4yt\u00e4nn\u00f6llisen kuin provosoivan.<\/p>\n\n\n\n<p><strong>Monipuolinen vetoomus<\/strong>: Ihanteellinen kerrospukeutumiseen iltapuvun alle tai erillisen\u00e4 ilmeen\u00e4, t\u00e4m\u00e4 body mukautuu sek\u00e4 rohkeisiin iloihin ett\u00e4 intiimeihin tilaisuuksiin.<\/p>\n\n\n\n<p><strong>T\u00e4ydenn\u00e4 Look<\/strong>: Mukana tulee yhteensopivia verkkosukkahousuja, jotka yhdistyv\u00e4t tyylikk\u00e4ill\u00e4 henkselien pidikkeill\u00e4 ja t\u00e4ydent\u00e4v\u00e4t upean siluetin p\u00e4\u00e4st\u00e4 varpaisiin.<\/p>\n\n\n\n<p><strong>Saumaton ostoskokemus<\/strong>: Saatavilla v\u00e4litt\u00f6m\u00e4sti liitett\u00e4v\u00e4ksi putiikkiisi meid\u00e4n kauttamme <a href=\"https:\/\/gretasexylingerie.com\/fi\/droshpping-alusvaatepalvelu\/\">pudota toimituspalvelu<\/a>, mik\u00e4 varmistaa vaivattoman tavan tarjota t\u00e4m\u00e4 katseenvangitsija ilman varastonhallintaa.<\/p>\n\n\n\n<p>Kutsu asiakkaasi sukeltamaan rohkean puolensa syvyyksiin Sultry Web Full Body -verkkopuvun avulla. T\u00e4ydellinen niille, jotka kiinnitt\u00e4v\u00e4t huomiota ja juhlivat rohkeuttaan. Lis\u00e4\u00e4 t\u00e4m\u00e4 lumoava kappale kokoelmaasi t\u00e4n\u00e4\u00e4n ja katso, kuinka se muuttaa tavallisen ainutlaatuiseksi. Yhdist\u00e4 Greta Sexy Lingerien kanssa integroidaksesi saumattomasti hienostuneeseen valikoimaasi.<\/p>","protected":false},"excerpt":{"rendered":"<p>P\u00e4\u00e4st\u00e4 rohkea eleganssi valloilleen kokovartaloisella verkkopuvullamme, joka on kiehtova kokonaisuus, jossa yhdistyv\u00e4t rohkeat linjat ja l\u00e4pin\u00e4kyv\u00e4 peitto. T\u00e4m\u00e4 <strong>verkkorintaliivit ja alusvaatteet setti<\/strong> on suunniteltu inspiroimaan luottamusta ja houkuttelevuutta kattavalla, vartaloa ymp\u00e4r\u00f6iv\u00e4ll\u00e4 muotoilullaan.<\/p>","protected":false},"featured_media":51149,"template":"","meta":[],"product_brand":[],"product_cat":[405,404,409],"product_tag":[507,446,453],"class_list":{"0":"post-51154","1":"product","2":"type-product","3":"status-publish","4":"has-post-thumbnail","6":"product_cat-wholesale-bodystocking","7":"product_cat-sexy-stocking","8":"product_cat-wholesale-stocking-bodysuit","9":"product_tag-three-pcs-set","10":"product_tag-wholesale-sexy-see-through-lingerie","11":"product_tag-wholesale-sexy-naughty-lingerie","13":"first","14":"instock","15":"taxable","16":"shipping-taxable","17":"purchasable","18":"product-type-simple"},"tiered_pricing_type":"fixed","tiered_pricing_fixed_rules":[],"tiered_pricing_product_settings":{"layout":"default","base_unit_name":{"singular":null,"plural":null},"default_variation":null},"tiered_pricing_minimum_quantity":null,"tiered_pricing_roles_data":[],"tiered_pricing_percentage_rules":[],"tiered_pricing_maximum_quantity":null,"tiered_pricing_quantity_step":null,"_links":{"self":[{"href":"https:\/\/gretasexylingerie.com\/fi\/wp-json\/wp\/v2\/product\/51154","targetHints":{"allow":["GET"]}}],"collection":[{"href":"https:\/\/gretasexylingerie.com\/fi\/wp-json\/wp\/v2\/product"}],"about":[{"href":"https:\/\/gretasexylingerie.com\/fi\/wp-json\/wp\/v2\/types\/product"}],"wp:featuredmedia":[{"embeddable":true,"href":"https:\/\/gretasexylingerie.com\/fi\/wp-json\/wp\/v2\/media\/51149"}],"wp:attachment":[{"href":"https:\/\/gretasexylingerie.com\/fi\/wp-json\/wp\/v2\/media?parent=51154"}],"wp:term":[{"taxonomy":"product_brand","embeddable":true,"href":"https:\/\/gretasexylingerie.com\/fi\/wp-json\/wp\/v2\/product_brand?post=51154"},{"taxonomy":"product_cat","embeddable":true,"href":"https:\/\/gretasexylingerie.com\/fi\/wp-json\/wp\/v2\/product_cat?post=51154"},{"taxonomy":"product_tag","embeddable":true,"href":"https:\/\/gretasexylingerie.com\/fi\/wp-json\/wp\/v2\/product_tag?post=51154"}],"curies":[{"name":"wp","href":"https:\/\/api.w.org\/{rel}","templated":true}]}}