{"id":51050,"date":"2024-04-24T20:44:27","date_gmt":"2024-04-24T12:44:27","guid":{"rendered":"https:\/\/gretasexylingerie.com\/?post_type=product&#038;p=51050"},"modified":"2024-04-25T16:35:55","modified_gmt":"2024-04-25T08:35:55","slug":"tukkumyynti-romanttinen-silkkiturvasetti-kauluksella","status":"publish","type":"product","link":"https:\/\/gretasexylingerie.com\/fi\/products\/wholesale-romantic-silk-restraint-set-with-collar\/","title":{"rendered":"Tukkukauppa romanttinen silkkikiinnityssetti kauluksella"},"content":{"rendered":"<p><strong>Tyylik\u00e4s l\u00e4hetys<\/strong>: T\u00e4m\u00e4 on valmistettu ylellisest\u00e4 silkist\u00e4 ja koristeltu leikkisill\u00e4 r\u00f6yhel\u00f6ill\u00e4 <strong>kaunis alakaulus<\/strong> ja mansettisarja tarjoaa ihastuttavan vaihtoehdon perinteisille rajoituksille, jotka yhdist\u00e4v\u00e4t estetiikkaa nautintoon.<\/p>\n\n\n\n<p><strong>Vieh\u00e4tt\u00e4v\u00e4t yksityiskohdat<\/strong>: Jokainen kappale on koristeltu syd\u00e4menmuotoisella aksentilla, joka symboloi luottamusta ja kiintymyst\u00e4 jokaiseen yhteisymm\u00e4rrykseen. Rohkean punaisen ja mustan kontrasti lis\u00e4\u00e4 visuaalisesti silmiinpist\u00e4v\u00e4\u00e4 ulottuvuutta.<\/p>\n\n\n\n<p><strong>Mukavuus rajoituksissa<\/strong>: Silkkimateriaalin pehmeys takaa mukavan k\u00e4yt\u00f6n, kun taas turvaistuinten tukeva muotoilu takaa luotettavuuden tyylist\u00e4 tinkim\u00e4tt\u00e4, joten ne sopivat t\u00e4ydellisesti <strong>silkkiset rannetuki<\/strong>.<\/p>\n\n\n\n<p><strong>Monipuolinen Wear<\/strong>: T\u00e4m\u00e4 setti on tarpeeksi monipuolinen sopimaan erilaisiin skenaarioihin ja mieltymyksiin, k\u00e4ytettiinp\u00e4 sitten leikkis\u00e4\u00e4n iltaan tai muodin ilmeeksi.<\/p>\n\n\n\n<p><strong>Saumaton myynti<\/strong>: Saatavilla kauttamme <a href=\"https:\/\/gretasexylingerie.com\/fi\/droshpping-alusvaatepalvelu\/\">dropshipping palvelu<\/a>, t\u00e4m\u00e4 sarja on vaivaton lis\u00e4 varastoisi, ja se mahdollistaa vaivattoman tavan tyydytt\u00e4\u00e4 ne, jotka etsiv\u00e4t lempe\u00e4\u00e4 johdatusta hillittyyn leikkiin.<\/p>\n\n\n\n<p>Paranna kokoelmaasi t\u00e4ll\u00e4 lumoavalla <strong>kaulus ja k\u00e4siraudat setti<\/strong>, t\u00e4ydellinen pariskunnille, jotka tutkivat hallitsevuuden ja alistumisen pehme\u00e4mp\u00e4\u00e4 puolta. Ota yhteytt\u00e4 Greta Sexy Lingerien kanssa tarjotaksesi asiakkaillesi houkutteleva sekoitus mukavuutta ja hallintaa.<\/p>","protected":false},"excerpt":{"rendered":"<p>Tuo yhdistelm\u00e4 kauneutta ja hillint\u00e4\u00e4 t\u00e4ll\u00e4 ylellisyydell\u00e4 <strong>kaulus ja k\u00e4siraudat setti<\/strong>. Herkk\u00e4\u00e4 silkki\u00e4 ja vieh\u00e4tt\u00e4vi\u00e4 aksentteja sis\u00e4lt\u00e4v\u00e4 setti on suunniteltu niille, jotka arvostavat pehme\u00e4mp\u00e4\u00e4 ja aistillisempaa l\u00e4hestymistapaa alistumiseen.<\/p>","protected":false},"featured_media":51039,"template":"","meta":[],"product_brand":[],"product_cat":[1059,1066],"product_tag":[],"class_list":{"0":"post-51050","1":"product","2":"type-product","3":"status-publish","4":"has-post-thumbnail","6":"product_cat-wholesale-bondage-equipment","7":"product_cat-handcuffs-bondage-collars-ankle-strap","8":"pa_color-black","9":"pa_size-free","11":"first","12":"instock","13":"taxable","14":"shipping-taxable","15":"purchasable","16":"product-type-variable"},"tiered_pricing_type":"fixed","tiered_pricing_fixed_rules":[],"tiered_pricing_product_settings":{"layout":"default","base_unit_name":{"singular":null,"plural":null},"default_variation":null},"tiered_pricing_minimum_quantity":null,"tiered_pricing_roles_data":[],"tiered_pricing_percentage_rules":[],"tiered_pricing_maximum_quantity":null,"tiered_pricing_quantity_step":null,"_links":{"self":[{"href":"https:\/\/gretasexylingerie.com\/fi\/wp-json\/wp\/v2\/product\/51050","targetHints":{"allow":["GET"]}}],"collection":[{"href":"https:\/\/gretasexylingerie.com\/fi\/wp-json\/wp\/v2\/product"}],"about":[{"href":"https:\/\/gretasexylingerie.com\/fi\/wp-json\/wp\/v2\/types\/product"}],"wp:featuredmedia":[{"embeddable":true,"href":"https:\/\/gretasexylingerie.com\/fi\/wp-json\/wp\/v2\/media\/51039"}],"wp:attachment":[{"href":"https:\/\/gretasexylingerie.com\/fi\/wp-json\/wp\/v2\/media?parent=51050"}],"wp:term":[{"taxonomy":"product_brand","embeddable":true,"href":"https:\/\/gretasexylingerie.com\/fi\/wp-json\/wp\/v2\/product_brand?post=51050"},{"taxonomy":"product_cat","embeddable":true,"href":"https:\/\/gretasexylingerie.com\/fi\/wp-json\/wp\/v2\/product_cat?post=51050"},{"taxonomy":"product_tag","embeddable":true,"href":"https:\/\/gretasexylingerie.com\/fi\/wp-json\/wp\/v2\/product_tag?post=51050"}],"curies":[{"name":"wp","href":"https:\/\/api.w.org\/{rel}","templated":true}]}}