{"id":51037,"date":"2024-04-24T20:43:29","date_gmt":"2024-04-24T12:43:29","guid":{"rendered":"https:\/\/gretasexylingerie.com\/?post_type=product&#038;p=51037"},"modified":"2024-04-25T16:32:13","modified_gmt":"2024-04-25T08:32:13","slug":"tukku-luxe-pitsi-side-ja-kasiraudat-setti","status":"publish","type":"product","link":"https:\/\/gretasexylingerie.com\/fi\/products\/wholesale-luxe-lace-blindfold-and-handcuff-set\/","title":{"rendered":"Tukku Luxe Lace Side ja k\u00e4siraudat Set"},"content":{"rendered":"<p><strong>Hieno aistinvarainen leikki<\/strong>: Paranna aistinvaraista kokemusta t\u00e4ll\u00e4 setill\u00e4, joka sis\u00e4lt\u00e4\u00e4 pehme\u00e4n, pitsin yksityiskohdat <strong>nahkainen silm\u00e4side<\/strong> ja yhteensopivat k\u00e4siraudat, jotka on suunniteltu ylelliseen ja mukavaan leikkiin.<\/p>\n\n\n\n<p><strong>Ylelliset pitsiyksityiskohdat<\/strong>: Sek\u00e4 silm\u00e4n sidos ett\u00e4 k\u00e4siraudat on koristeltu monimutkaisilla pitsill\u00e4, mik\u00e4 tarjoaa visuaalisesti upean vieh\u00e4tyksen, joka ei tee kompromissia <strong>k\u00e4siraudat seksikk\u00e4it\u00e4<\/strong> pelej\u00e4.<\/p>\n\n\n\n<p><strong>Pehme\u00e4 mutta turvallinen<\/strong>: Ensiluokkaisista materiaaleista valmistetut lis\u00e4varusteet tarjoavat pehme\u00e4n kosketuksen ihoa vasten ja varmistavat samalla lujan pidon, mik\u00e4 mahdollistaa liikkumisen ja luotettavuuden k\u00e4yt\u00f6n aikana.<\/p>\n\n\n\n<p><strong>S\u00e4\u00e4dett\u00e4v\u00e4 kaikille<\/strong>: K\u00e4siraudoissa on s\u00e4\u00e4dett\u00e4v\u00e4t olkaimet, joten ne sopivat eri kokoisille ja varmistavat, ett\u00e4 kuka tahansa voi l\u00f6yt\u00e4\u00e4 t\u00e4ydellisen istuvuuden j\u00e4nnitt\u00e4v\u00e4\u00e4n y\u00f6h\u00f6n.<\/p>\n\n\n\n<p><strong>Helppo varastoida ja myyd\u00e4<\/strong>: Osana meid\u00e4n <a href=\"https:\/\/gretasexylingerie.com\/fi\/alusvaatteiden-tukkumyynti\/\">tukkupalvelu<\/a>, t\u00e4m\u00e4 sarja on saatavilla ilman v\u00e4himm\u00e4istilausm\u00e4\u00e4ri\u00e4, joten se on vaivaton lis\u00e4 putiikkiisi tai verkkokauppaasi.<\/p>\n\n\n\n<p>J\u00e4rjest\u00e4 asiakkaillesi unohtumaton seikkailu meid\u00e4n avullamme <strong>side ja k\u00e4siraudat<\/strong> aseta. Ihanteellinen niille, jotka arvostavat sek\u00e4 mukavuutta ett\u00e4 hallintaa, t\u00e4m\u00e4 kaksikko odottaa avatakseen mahdollisuuksien maailman. Ota yhteytt\u00e4 Greta Sexy Lingerieen jo t\u00e4n\u00e4\u00e4n ja tuo kokoelmaasi hienostunut kiusanteko.<\/p>","protected":false},"excerpt":{"rendered":"<p>Sukella mysteerin vieh\u00e4tykseen t\u00e4ll\u00e4 elegantilla <strong>side ja k\u00e4siraudat<\/strong> aseta. Nahan joustavan tunteen ja herk\u00e4n pitsin yhdist\u00e4v\u00e4 duo on t\u00e4ydellinen niille, jotka haluavat lis\u00e4t\u00e4 ripauksen seksik\u00e4st\u00e4 hienostuneisuutta ohjelmistoonsa.<\/p>","protected":false},"featured_media":51036,"template":"","meta":[],"product_brand":[],"product_cat":[1063,1059,1066],"product_tag":[],"class_list":{"0":"post-51037","1":"product","2":"type-product","3":"status-publish","4":"has-post-thumbnail","6":"product_cat-wholesale-bdsm-mask-blindfold","7":"product_cat-wholesale-bondage-equipment","8":"product_cat-handcuffs-bondage-collars-ankle-strap","9":"pa_color-black","10":"pa_size-free","12":"first","13":"instock","14":"taxable","15":"shipping-taxable","16":"purchasable","17":"product-type-variable"},"tiered_pricing_type":"fixed","tiered_pricing_fixed_rules":[],"tiered_pricing_product_settings":{"layout":"default","base_unit_name":{"singular":null,"plural":null},"default_variation":null},"tiered_pricing_minimum_quantity":null,"tiered_pricing_roles_data":[],"tiered_pricing_percentage_rules":[],"tiered_pricing_maximum_quantity":null,"tiered_pricing_quantity_step":null,"_links":{"self":[{"href":"https:\/\/gretasexylingerie.com\/fi\/wp-json\/wp\/v2\/product\/51037","targetHints":{"allow":["GET"]}}],"collection":[{"href":"https:\/\/gretasexylingerie.com\/fi\/wp-json\/wp\/v2\/product"}],"about":[{"href":"https:\/\/gretasexylingerie.com\/fi\/wp-json\/wp\/v2\/types\/product"}],"wp:featuredmedia":[{"embeddable":true,"href":"https:\/\/gretasexylingerie.com\/fi\/wp-json\/wp\/v2\/media\/51036"}],"wp:attachment":[{"href":"https:\/\/gretasexylingerie.com\/fi\/wp-json\/wp\/v2\/media?parent=51037"}],"wp:term":[{"taxonomy":"product_brand","embeddable":true,"href":"https:\/\/gretasexylingerie.com\/fi\/wp-json\/wp\/v2\/product_brand?post=51037"},{"taxonomy":"product_cat","embeddable":true,"href":"https:\/\/gretasexylingerie.com\/fi\/wp-json\/wp\/v2\/product_cat?post=51037"},{"taxonomy":"product_tag","embeddable":true,"href":"https:\/\/gretasexylingerie.com\/fi\/wp-json\/wp\/v2\/product_tag?post=51037"}],"curies":[{"name":"wp","href":"https:\/\/api.w.org\/{rel}","templated":true}]}}