{"id":51029,"date":"2024-04-24T20:42:56","date_gmt":"2024-04-24T12:42:56","guid":{"rendered":"https:\/\/gretasexylingerie.com\/?post_type=product&#038;p=51029"},"modified":"2024-04-25T16:29:58","modified_gmt":"2024-04-25T08:29:58","slug":"tukku-haikaiseva-bling-tupsuharja","status":"publish","type":"product","link":"https:\/\/gretasexylingerie.com\/fi\/products\/wholesale-dazzling-bling-tassel-flogger\/","title":{"rendered":"Tukkukauppa h\u00e4ik\u00e4isev\u00e4 Bling tupsu Flogger"},"content":{"rendered":"<p><strong>Glamorous Design<\/strong>: T\u00e4ss\u00e4 floggerissa on hohtava kahva, joka lis\u00e4\u00e4 ripauksen glamouria kuriin. Kimaltava vaikutus lupaa vangita katseen ja houkutella aisteja.<\/p>\n\n\n\n<p><strong>J\u00e4nnitt\u00e4vi\u00e4 tupsuja<\/strong>: Rehevill\u00e4 mustilla tupsuilla t\u00e4m\u00e4 <strong>tupsuharja<\/strong> on suunniteltu niille, jotka arvostavat herkk\u00e4\u00e4 tasapainoa nautinnon ja kivun v\u00e4lill\u00e4, antaen pehme\u00e4n hyv\u00e4ilyn tai ter\u00e4v\u00e4n piston yksinkertaisella ranteen nyk\u00e4isyll\u00e4.<\/p>\n\n\n\n<p><strong>Monipuolinen dynamiikka<\/strong>: K\u00e4ytet\u00e4\u00e4np\u00e4 sitten lempe\u00e4n\u00e4 kiusoittimena tai lujaa rankaisemista, t\u00e4m\u00e4n floggerin joustavat s\u00e4ikeet pystyv\u00e4t tuottamaan monenlaisia tuntemuksia, joten se on monipuolinen ty\u00f6kalu aikuisten leikkiin.<\/p>\n\n\n\n<p><strong>Kest\u00e4v\u00e4\u00e4 k\u00e4sity\u00f6t\u00e4<\/strong>: Rakennettu kest\u00e4vist\u00e4 materiaaleista, t\u00e4m\u00e4 <strong>aikuisten ly\u00f6ntimela<\/strong> on rakennettu kest\u00e4m\u00e4\u00e4n, ja se kest\u00e4\u00e4 kaiken seikkailunhaluisen pakomatkan.<\/p>\n\n\n\n<p><strong>Tukku saatavuus<\/strong>: Saatavilla irtotavarana meid\u00e4n kauttamme <a href=\"https:\/\/gretasexylingerie.com\/fi\/oem-palvelu\/\">OEM-palvelu<\/a>, t\u00e4m\u00e4 h\u00e4ik\u00e4isev\u00e4 floggeri tarjotaan ilman MOQ:ta, mik\u00e4 helpottaa varastonhallintaa ja asiakkaiden toiveiden nopeaa t\u00e4ytt\u00e4mist\u00e4.<\/p>\n\n\n\n<p>Laajenna valikoimaasi t\u00e4ll\u00e4 hienolla <strong>bling flogger<\/strong>, ja tarjoa asiakkaillesi ripauksen ylellisyytt\u00e4 heid\u00e4n tutkivissa ponnisteluissaan. Tilaa Greta Sexy Lingerie t\u00e4n\u00e4\u00e4n ja anna kipin\u00f6iden lent\u00e4\u00e4 tyylikk\u00e4\u00e4sti.<\/p>","protected":false},"excerpt":{"rendered":"<p>P\u00e4\u00e4st\u00e4 valloilleen ylellisen kurinalaisuuden maailma t\u00e4ll\u00e4 <strong>bling flogger<\/strong>, ylellinen lis\u00e4ys mihin tahansa aikuisten kokoelmaan. T\u00e4ss\u00e4 floggerissa yhdistyv\u00e4t tupsujen silmiinpist\u00e4v\u00e4 vieh\u00e4tys ja piiskaavan melan j\u00e4nnitt\u00e4v\u00e4 potentiaali.<\/p>","protected":false},"featured_media":51023,"template":"","meta":[],"product_brand":[],"product_cat":[1059,1067],"product_tag":[],"class_list":{"0":"post-51029","1":"product","2":"type-product","3":"status-publish","4":"has-post-thumbnail","6":"product_cat-wholesale-bondage-equipment","7":"product_cat-wholesale-spanking-whips-paddles","8":"pa_color-black","9":"pa_color-pink-women-sexy-lingerie","10":"pa_size-free","12":"first","13":"instock","14":"taxable","15":"shipping-taxable","16":"purchasable","17":"product-type-variable"},"tiered_pricing_type":"fixed","tiered_pricing_fixed_rules":[],"tiered_pricing_product_settings":{"layout":"default","base_unit_name":{"singular":null,"plural":null},"default_variation":null},"tiered_pricing_minimum_quantity":null,"tiered_pricing_roles_data":[],"tiered_pricing_percentage_rules":[],"tiered_pricing_maximum_quantity":null,"tiered_pricing_quantity_step":null,"_links":{"self":[{"href":"https:\/\/gretasexylingerie.com\/fi\/wp-json\/wp\/v2\/product\/51029","targetHints":{"allow":["GET"]}}],"collection":[{"href":"https:\/\/gretasexylingerie.com\/fi\/wp-json\/wp\/v2\/product"}],"about":[{"href":"https:\/\/gretasexylingerie.com\/fi\/wp-json\/wp\/v2\/types\/product"}],"wp:featuredmedia":[{"embeddable":true,"href":"https:\/\/gretasexylingerie.com\/fi\/wp-json\/wp\/v2\/media\/51023"}],"wp:attachment":[{"href":"https:\/\/gretasexylingerie.com\/fi\/wp-json\/wp\/v2\/media?parent=51029"}],"wp:term":[{"taxonomy":"product_brand","embeddable":true,"href":"https:\/\/gretasexylingerie.com\/fi\/wp-json\/wp\/v2\/product_brand?post=51029"},{"taxonomy":"product_cat","embeddable":true,"href":"https:\/\/gretasexylingerie.com\/fi\/wp-json\/wp\/v2\/product_cat?post=51029"},{"taxonomy":"product_tag","embeddable":true,"href":"https:\/\/gretasexylingerie.com\/fi\/wp-json\/wp\/v2\/product_tag?post=51029"}],"curies":[{"name":"wp","href":"https:\/\/api.w.org\/{rel}","templated":true}]}}