{"id":51017,"date":"2024-04-24T20:42:10","date_gmt":"2024-04-24T12:42:10","guid":{"rendered":"https:\/\/gretasexylingerie.com\/?post_type=product&#038;p=51017"},"modified":"2024-04-25T16:27:21","modified_gmt":"2024-04-25T08:27:21","slug":"tukku-intrepid-nastoitettu-nahka-bdsm-mela","status":"publish","type":"product","link":"https:\/\/gretasexylingerie.com\/fi\/products\/wholesale-intrepid-studded-leather-bdsm-paddle\/","title":{"rendered":"Tukkumyynti Intrepid Studded Leather BDSM-mela"},"content":{"rendered":"<p><strong>Valtava estetiikka<\/strong>: T\u00e4m\u00e4 <strong>nastoitettu mela BDSM<\/strong> Olennainen ei ole vain toiminnallinen vaan my\u00f6s visuaalisesti silmiinpist\u00e4v\u00e4, ja siin\u00e4 on rohkea valikoima metallisia nastoja, jotka lupaavat unohtumattoman vaikutuksen.<\/p>\n\n\n\n<p><strong>Tarkka ohjaus<\/strong>: Suunniteltu tasapainoon ja hallintaan, tukeva kahva tarjoaa tukevan otteen, mik\u00e4 mahdollistaa mitatut ja harkitut vedot, jotka palvelevat kokenutta harrastajaa.<\/p>\n\n\n\n<p><strong>Per\u00e4t\u00f6nt\u00e4 k\u00e4sity\u00f6taitoa<\/strong>: Valmistettu korkealaatuisesta nahasta, t\u00e4m\u00e4 <strong>piikki BDSM-mela<\/strong> on rakennettu kest\u00e4m\u00e4\u00e4n vaativimmankin k\u00e4yt\u00f6n s\u00e4ilytt\u00e4en samalla mahtavan ulkon\u00e4\u00f6n.<\/p>\n\n\n\n<p><strong>Virkist\u00e4vi\u00e4 tuntemuksia<\/strong>: Melan pintakuvioinen pinta on suunniteltu tarjoamaan erilaisia tuntemuksia, mik\u00e4 tarjoaa dynaamisen kokemuksen, joka voidaan r\u00e4\u00e4t\u00e4l\u00f6id\u00e4 mink\u00e4 tahansa k\u00e4ytt\u00e4j\u00e4n mieltymysten mukaan.<\/p>\n\n\n\n<p><strong>Valmiina v\u00e4hitt\u00e4ismyyntiin<\/strong>: Osana monipuolisuuttamme <a href=\"https:\/\/gretasexylingerie.com\/fi\/alusvaatteiden-tukkumyynti\/\">tukkupalvelu<\/a>, t\u00e4m\u00e4 mela tarjotaan k\u00e4tev\u00e4sti ilman MOQ:ta, mik\u00e4 mahdollistaa vaivattoman sukkailun ja asiakastyytyv\u00e4isyyden.<\/p>\n\n\n\n<p>Monipuolista tarjontaasi t\u00e4ll\u00e4 ensiarvoisen t\u00e4rke\u00e4ll\u00e4 tavalla <strong>nastoitettu iskumela<\/strong>, pakollinen hankinta harrastajille, jotka haluavat parantaa peli\u00e4\u00e4n. Tee yhteisty\u00f6t\u00e4 Greta Sexy Lingerien kanssa tarjotaksesi asiakkaillesi nautinnon ja tuskan huippua, jossa k\u00e4sity\u00f6taito kohtaa rohkean halun.<\/p>","protected":false},"excerpt":{"rendered":"<p>Astu intensiteetin alueelle t\u00e4m\u00e4n avulla <strong>nastoitettu iskumela<\/strong>, suunniteltu rohkeille. T\u00e4m\u00e4 mela on vaikuttavin piikkikorosteineen upea kappale miss\u00e4 tahansa <strong>BDSM<\/strong> kokoelma.<\/p>","protected":false},"featured_media":51010,"template":"","meta":[],"product_brand":[],"product_cat":[1059,1067],"product_tag":[],"class_list":{"0":"post-51017","1":"product","2":"type-product","3":"status-publish","4":"has-post-thumbnail","6":"product_cat-wholesale-bondage-equipment","7":"product_cat-wholesale-spanking-whips-paddles","8":"pa_color-black","9":"pa_size-free","11":"first","12":"instock","13":"taxable","14":"shipping-taxable","15":"purchasable","16":"product-type-variable"},"tiered_pricing_type":"fixed","tiered_pricing_fixed_rules":[],"tiered_pricing_product_settings":{"layout":"default","base_unit_name":{"singular":null,"plural":null},"default_variation":null},"tiered_pricing_minimum_quantity":null,"tiered_pricing_roles_data":[],"tiered_pricing_percentage_rules":[],"tiered_pricing_maximum_quantity":null,"tiered_pricing_quantity_step":null,"_links":{"self":[{"href":"https:\/\/gretasexylingerie.com\/fi\/wp-json\/wp\/v2\/product\/51017","targetHints":{"allow":["GET"]}}],"collection":[{"href":"https:\/\/gretasexylingerie.com\/fi\/wp-json\/wp\/v2\/product"}],"about":[{"href":"https:\/\/gretasexylingerie.com\/fi\/wp-json\/wp\/v2\/types\/product"}],"wp:featuredmedia":[{"embeddable":true,"href":"https:\/\/gretasexylingerie.com\/fi\/wp-json\/wp\/v2\/media\/51010"}],"wp:attachment":[{"href":"https:\/\/gretasexylingerie.com\/fi\/wp-json\/wp\/v2\/media?parent=51017"}],"wp:term":[{"taxonomy":"product_brand","embeddable":true,"href":"https:\/\/gretasexylingerie.com\/fi\/wp-json\/wp\/v2\/product_brand?post=51017"},{"taxonomy":"product_cat","embeddable":true,"href":"https:\/\/gretasexylingerie.com\/fi\/wp-json\/wp\/v2\/product_cat?post=51017"},{"taxonomy":"product_tag","embeddable":true,"href":"https:\/\/gretasexylingerie.com\/fi\/wp-json\/wp\/v2\/product_tag?post=51017"}],"curies":[{"name":"wp","href":"https:\/\/api.w.org\/{rel}","templated":true}]}}