{"id":50992,"date":"2024-04-24T20:40:28","date_gmt":"2024-04-24T12:40:28","guid":{"rendered":"https:\/\/gretasexylingerie.com\/?post_type=product&#038;p=50992"},"modified":"2024-04-25T16:19:44","modified_gmt":"2024-04-25T08:19:44","slug":"tukku-punainen-pitsi-bondage-kaulus-setti","status":"publish","type":"product","link":"https:\/\/gretasexylingerie.com\/fi\/products\/wholesale-scarlet-lace-bondage-collar-set\/","title":{"rendered":"Tukku Scarlet Lace Bondage kaulussarja"},"content":{"rendered":"<p><strong>Koristeellinen ylellisyys<\/strong>: T\u00e4m\u00e4 kaulussarja ei ole vain ohjausty\u00f6kalu, vaan puettava taideteos, jossa on herkk\u00e4 pitsip\u00e4\u00e4llys intohimoisen punaisena, joka tarjoaa visuaalisesti houkuttelevan <strong>punainen bondage kaulus<\/strong> niille, joilla on tarkkasilm\u00e4inen.<\/p>\n\n\n\n<p><strong>Velvet Restraint<\/strong>: Pehmeill\u00e4 tarrakiinnityksill\u00e4 t\u00e4m\u00e4 kaulus on sek\u00e4 mukava ett\u00e4 turvallinen, mik\u00e4 mahdollistaa liikkumisen helpon ja silti t\u00e4ytt\u00e4\u00e4 tarkoituksensa hienona <strong>pitsi\u00e4 bondage-kaulus<\/strong>.<\/p>\n\n\n\n<p><strong>Elegantti muotoilu<\/strong>: Kaulus on korostettu nauhasidoksilla ja kultaisilla ketjuilla, jotka lis\u00e4\u00e4v\u00e4t kokonaisuuteen eleganssia ja varmistavat, ett\u00e4 kauneutta ei koskaan uhrata toimivuuden vuoksi.<\/p>\n\n\n\n<p><strong>Monipuolinen Wear<\/strong>: T\u00e4ydellinen erilaisiin tilanteisiin, kevyest\u00e4 leikist\u00e4 vakavampiin istuntoihin. T\u00e4m\u00e4 kaulussarja on yht\u00e4 monipuolinen kuin kaunis, joten se on v\u00e4ltt\u00e4m\u00e4t\u00f6n <strong>kaunis alakaulus<\/strong> tuntija.<\/p>\n\n\n\n<p><strong>Helppo varastoida<\/strong>: Saatavilla kauttamme <a href=\"https:\/\/gretasexylingerie.com\/fi\/droshpping-alusvaatepalvelu\/\">pudota toimituspalvelu<\/a>, t\u00e4m\u00e4 kaulussarja on helppo varastoida, valmiina l\u00e4hetett\u00e4v\u00e4ksi ilman suurta varastotilaa ja ihanteellinen nopeaan toimitukseen.<\/p>\n\n\n\n<p>Koristele kokoelmasi vieh\u00e4tyksell\u00e4mme <strong>Scarlet Lace Bondage -kaulussetti<\/strong>. Tarjoa asiakkaallesi mahdollisuus yhdist\u00e4\u00e4 eleganssia j\u00e4nnitt\u00e4miseen ja hienostuneisuutta alistumiseen. Tee tukkutilauksesi nyt ja k\u00e4\u00e4ri ylellisyys niiden kaulaan, jotka uskaltavat hemmotella itse\u00e4si.<\/p>","protected":false},"excerpt":{"rendered":"<p>Esittele meid\u00e4n kanssamme hienostunut hallinta <strong>pitsi\u00e4 bondage-kaulus<\/strong> upeassa punaisen s\u00e4vyss\u00e4. T\u00e4m\u00e4 <strong>kaunis alakaulus<\/strong> setiss\u00e4 yhdistyv\u00e4t kauneus ja hillit\u00f6n j\u00e4nnitys, t\u00e4ydellinen niille, jotka arvostavat estetiikkaa leikkiess\u00e4\u00e4n.<\/p>","protected":false},"featured_media":50988,"template":"","meta":[],"product_brand":[],"product_cat":[1059,1066],"product_tag":[],"class_list":{"0":"post-50992","1":"product","2":"type-product","3":"status-publish","4":"has-post-thumbnail","6":"product_cat-wholesale-bondage-equipment","7":"product_cat-handcuffs-bondage-collars-ankle-strap","8":"pa_color-red-women-sexy-lingerie","9":"pa_size-handcuff","10":"pa_size-set","11":"pa_size-shackle","13":"first","14":"instock","15":"taxable","16":"shipping-taxable","17":"purchasable","18":"product-type-variable"},"tiered_pricing_type":"fixed","tiered_pricing_fixed_rules":[],"tiered_pricing_product_settings":{"layout":"default","base_unit_name":{"singular":null,"plural":null},"default_variation":null},"tiered_pricing_minimum_quantity":null,"tiered_pricing_roles_data":[],"tiered_pricing_percentage_rules":[],"tiered_pricing_maximum_quantity":null,"tiered_pricing_quantity_step":null,"_links":{"self":[{"href":"https:\/\/gretasexylingerie.com\/fi\/wp-json\/wp\/v2\/product\/50992","targetHints":{"allow":["GET"]}}],"collection":[{"href":"https:\/\/gretasexylingerie.com\/fi\/wp-json\/wp\/v2\/product"}],"about":[{"href":"https:\/\/gretasexylingerie.com\/fi\/wp-json\/wp\/v2\/types\/product"}],"wp:featuredmedia":[{"embeddable":true,"href":"https:\/\/gretasexylingerie.com\/fi\/wp-json\/wp\/v2\/media\/50988"}],"wp:attachment":[{"href":"https:\/\/gretasexylingerie.com\/fi\/wp-json\/wp\/v2\/media?parent=50992"}],"wp:term":[{"taxonomy":"product_brand","embeddable":true,"href":"https:\/\/gretasexylingerie.com\/fi\/wp-json\/wp\/v2\/product_brand?post=50992"},{"taxonomy":"product_cat","embeddable":true,"href":"https:\/\/gretasexylingerie.com\/fi\/wp-json\/wp\/v2\/product_cat?post=50992"},{"taxonomy":"product_tag","embeddable":true,"href":"https:\/\/gretasexylingerie.com\/fi\/wp-json\/wp\/v2\/product_tag?post=50992"}],"curies":[{"name":"wp","href":"https:\/\/api.w.org\/{rel}","templated":true}]}}