{"id":50945,"date":"2024-04-20T21:26:28","date_gmt":"2024-04-20T13:26:28","guid":{"rendered":"https:\/\/gretasexylingerie.com\/?post_type=product&#038;p=50945"},"modified":"2024-04-21T12:25:18","modified_gmt":"2024-04-21T04:25:18","slug":"tukkukaupan-johdantopallon-gag-setti","status":"publish","type":"product","link":"https:\/\/gretasexylingerie.com\/fi\/products\/wholesale-introductory-ball-gag-set\/","title":{"rendered":"Tukkukaupan johdantopallon gag-setti"},"content":{"rendered":"<p><strong>Aloittelijayst\u00e4v\u00e4llinen muotoilu<\/strong>: Meid\u00e4n <strong>pallo gag setti<\/strong> on r\u00e4\u00e4t\u00e4l\u00f6ity niille, jotka eiv\u00e4t en\u00e4\u00e4 gag-pelaa, ja siin\u00e4 on hengitt\u00e4v\u00e4 luun muotoinen pallo, joka helpottaa k\u00e4ytt\u00f6\u00e4 ja t\u00e4ytt\u00e4\u00e4 silti halun hillitylle puheelle.<\/p>\n\n\n\n<p><strong>Hell\u00e4varainen pid\u00e4ttyminen<\/strong>: Pehme\u00e4, taipuisa materiaali takaa mukavan purenta, kun taas s\u00e4\u00e4dett\u00e4v\u00e4t olkaimet tarjoavat turvallisen istuvuuden kuormittamatta k\u00e4ytt\u00e4j\u00e4\u00e4, mik\u00e4 tekee siit\u00e4 ihanteellisen <strong>pallo gag aloittelijoille<\/strong>.<\/p>\n\n\n\n<p><strong>Turvallinen ja s\u00e4\u00e4dett\u00e4v\u00e4<\/strong>: Tukevat soljet ja hihnat antavat tarvittavan turvallisuuden, varmistaen, ett\u00e4 vaipa pysyy paikoillaan, samalla kun ne tarjoavat joustavuutta mukautua monenlaisiin kokoihin ja mieltymyksiin.<\/p>\n\n\n\n<p><strong>Hienovarainen estetiikka<\/strong>: Minimalistisesti muotoiltu setti tarjoaa tyylikk\u00e4\u00e4n, huomaamattoman ulkon\u00e4\u00f6n, joten se on pehme\u00e4 johdatus gag-peliin.<\/p>\n\n\n\n<p><strong>Laadukas rakentaminen<\/strong>: Valmistettu korkealaatuisista materiaaleista, t\u00e4m\u00e4 vaippa on rakennettu kest\u00e4m\u00e4\u00e4n ajan ja leikin koetta, ja se tarjoaa kest\u00e4v\u00e4n vaihtoehdon j\u00e4lleenmyyjille.<\/p>\n\n\n\n<p>Kursoi aloittelijayst\u00e4v\u00e4llinen valikoima myym\u00e4l\u00e4ss\u00e4mme kanssamme <strong>Johdanto Ball Gag -sarja<\/strong>. Tilattavissa meid\u00e4n kautta <a href=\"https:\/\/gretasexylingerie.com\/fi\/droshpping-alusvaatepalvelu\/\">pudota toimituspalvelu<\/a>, tarjoavat turvallisen ja kutsuvan vaihtoehdon niille, jotka haluavat parantaa aistikokemuksiaan. Tarjoa mykistettyjen kuiskausten ja hallittujen hengitysten j\u00e4nnityst\u00e4; lis\u00e4\u00e4 t\u00e4m\u00e4 oleellinen tarjontaasi t\u00e4n\u00e4\u00e4n.<\/p>","protected":false},"excerpt":{"rendered":"<p>Tervetuloa uudet tulokkaat hillittyjen leikkien maailmaan <strong>pallo gag aloittelijoille<\/strong>. T\u00e4m\u00e4 mukavuutta ja hallintaa varten suunniteltu gag on perusvaruste niille, jotka aloittavat tutkimusmatkansa.<\/p>","protected":false},"featured_media":50944,"template":"","meta":[],"product_brand":[],"product_cat":[1059,1064],"product_tag":[],"class_list":{"0":"post-50945","1":"product","2":"type-product","3":"status-publish","4":"has-post-thumbnail","6":"product_cat-wholesale-bondage-equipment","7":"product_cat-wholesale-gag-gifts","8":"pa_color-black","9":"pa_size-free","11":"first","12":"instock","13":"taxable","14":"shipping-taxable","15":"purchasable","16":"product-type-variable"},"tiered_pricing_type":"fixed","tiered_pricing_fixed_rules":[],"tiered_pricing_product_settings":{"layout":"table","base_unit_name":{"singular":null,"plural":null},"default_variation":null},"tiered_pricing_minimum_quantity":null,"tiered_pricing_roles_data":[],"tiered_pricing_percentage_rules":[],"tiered_pricing_maximum_quantity":null,"tiered_pricing_quantity_step":null,"_links":{"self":[{"href":"https:\/\/gretasexylingerie.com\/fi\/wp-json\/wp\/v2\/product\/50945","targetHints":{"allow":["GET"]}}],"collection":[{"href":"https:\/\/gretasexylingerie.com\/fi\/wp-json\/wp\/v2\/product"}],"about":[{"href":"https:\/\/gretasexylingerie.com\/fi\/wp-json\/wp\/v2\/types\/product"}],"wp:featuredmedia":[{"embeddable":true,"href":"https:\/\/gretasexylingerie.com\/fi\/wp-json\/wp\/v2\/media\/50944"}],"wp:attachment":[{"href":"https:\/\/gretasexylingerie.com\/fi\/wp-json\/wp\/v2\/media?parent=50945"}],"wp:term":[{"taxonomy":"product_brand","embeddable":true,"href":"https:\/\/gretasexylingerie.com\/fi\/wp-json\/wp\/v2\/product_brand?post=50945"},{"taxonomy":"product_cat","embeddable":true,"href":"https:\/\/gretasexylingerie.com\/fi\/wp-json\/wp\/v2\/product_cat?post=50945"},{"taxonomy":"product_tag","embeddable":true,"href":"https:\/\/gretasexylingerie.com\/fi\/wp-json\/wp\/v2\/product_tag?post=50945"}],"curies":[{"name":"wp","href":"https:\/\/api.w.org\/{rel}","templated":true}]}}