{"id":50935,"date":"2024-04-20T21:25:57","date_gmt":"2024-04-20T13:25:57","guid":{"rendered":"https:\/\/gretasexylingerie.com\/?post_type=product&#038;p=50935"},"modified":"2024-04-20T21:42:45","modified_gmt":"2024-04-20T13:42:45","slug":"tukkumyynnissa-arvoitukselliset-hoyhenpeitteiset-pitsiset-alusvaatteet","status":"publish","type":"product","link":"https:\/\/gretasexylingerie.com\/fi\/products\/wholesale-enigmatic-feather-trimmed-lace-lingerie-set\/","title":{"rendered":"Tukkukaupan arvoituksellinen h\u00f6yhenreunustettu pitsialusvaatesarja"},"content":{"rendered":"<p><strong>Ylelliset h\u00f6yhenaksentit<\/strong>: <strong>h\u00f6yhen alusasusetti<\/strong> tuo klassisiin alusvaatteisiin ripauksen teatraalista glamouria, ja herk\u00e4t h\u00f6yhenet kuiskaavat ihoa vasten luoden mystiikan auran.<\/p>\n\n\n\n<p><strong>Kiilt\u00e4v\u00e4t yksityiskohdat<\/strong>: T\u00e4m\u00e4 kokonaisuus kuuluu meid\u00e4n <strong>loistavia rintaliivit ja pikkuhoususarjat<\/strong>, joka esittelee hienoa pitsity\u00f6t\u00e4 ja kimaltelevia koristeita, jotka vangitsevat valoa ja katsetta.<\/p>\n\n\n\n<p><strong>Veistos siluetti<\/strong>: <strong>mustat korkeavy\u00f6t\u00e4r\u00f6iset pitsiset rintaliivit<\/strong> on suunniteltu muotoilemaan ja tasoittamaan figuuria, korkeavy\u00f6t\u00e4r\u00f6iset pikkuhousut tarjoavat tyylikk\u00e4\u00e4n muodon ja rintaliivit tukevat nostoa.<\/p>\n\n\n\n<p><strong>Ajaton eleganssi<\/strong>: Klassisella mustalla pitsill\u00e4\u00e4n t\u00e4m\u00e4 setti ylitt\u00e4\u00e4 trendit ja varmistaa, ett\u00e4 se pysyy avainkappaleena kaikissa intiimivaatekokoelmassa tulevina vuosina.<\/p>\n\n\n\n<p><strong>Dramaattinen vetovoima<\/strong>: T\u00e4ydellinen niille, jotka haluavat ilmaista budoaariasussaan, t\u00e4m\u00e4 setti lupaa unohtumattoman visuaalisen vaikutelman yksityisest\u00e4 kammiosta lavan valokeilaan.<\/p>\n\n\n\n<p>Valitse <strong>Arvoituksellinen h\u00f6yhenreunustettu pitsi-alusasusetti<\/strong> myym\u00e4l\u00e4\u00e4si varten ja tarjoa asiakkaillesi esine, joka on yht\u00e4 kiehtova kuin ylellinen. Saatavilla kauttamme <a href=\"https:\/\/gretasexylingerie.com\/fi\/droshpping-alusvaatepalvelu\/\">pudota toimituspalvelu<\/a>, palvelee asiakaskuntasi hienostuneita makuja ilman varastonhallinnan monimutkaisuutta. Kutsu kokoelmaasi eleganssia jo t\u00e4n\u00e4\u00e4n.<\/p>\n\n\n\n<figure class=\"wp-block-table\">\n<table>\n<tbody>\n<tr>\n<td class=\"has-text-align-center\" colspan=\"7\" data-align=\"center\"><strong>Kokotaulukko (CM)<\/strong><\/td>\n<\/tr>\n<tr>\n<td class=\"has-text-align-center\" data-align=\"center\"><strong>Koko<\/strong><\/td>\n<td class=\"has-text-align-center\" data-align=\"center\"><strong>Kupin korkeus (cm)<\/strong><\/td>\n<td class=\"has-text-align-center\" data-align=\"center\"><strong>Rinnan alla (cm)<\/strong><\/td>\n<td class=\"has-text-align-center\" data-align=\"center\"><strong>Vy\u00f6t\u00e4r\u00f6nauha (cm)<\/strong><\/td>\n<td class=\"has-text-align-center\" data-align=\"center\"><strong>Housut vy\u00f6t\u00e4r\u00f6 (cm)<\/strong><\/td>\n<td class=\"has-text-align-center\" data-align=\"center\"><strong>Housujen pituus (cm)<\/strong><\/td>\n<\/tr>\n<tr>\n<td class=\"has-text-align-center\" data-align=\"center\">S<\/td>\n<td class=\"has-text-align-center\" data-align=\"center\">15<\/td>\n<td class=\"has-text-align-center\" data-align=\"center\">64-90<\/td>\n<td class=\"has-text-align-center\" data-align=\"center\">66-78<\/td>\n<td class=\"has-text-align-center\" data-align=\"center\">66-86<\/td>\n<td class=\"has-text-align-center\" data-align=\"center\">21<\/td>\n<\/tr>\n<tr>\n<td class=\"has-text-align-center\" data-align=\"center\">M<\/td>\n<td class=\"has-text-align-center\" data-align=\"center\">16<\/td>\n<td class=\"has-text-align-center\" data-align=\"center\">68-94<\/td>\n<td class=\"has-text-align-center\" data-align=\"center\">68-80<\/td>\n<td class=\"has-text-align-center\" data-align=\"center\">68-90<\/td>\n<td class=\"has-text-align-center\" data-align=\"center\">22<\/td>\n<\/tr>\n<tr>\n<td class=\"has-text-align-center\" data-align=\"center\">L<\/td>\n<td class=\"has-text-align-center\" data-align=\"center\">17<\/td>\n<td class=\"has-text-align-center\" data-align=\"center\">72-98<\/td>\n<td class=\"has-text-align-center\" data-align=\"center\">70-82<\/td>\n<td class=\"has-text-align-center\" data-align=\"center\">72-94<\/td>\n<td class=\"has-text-align-center\" data-align=\"center\">23<\/td>\n<\/tr>\n<\/tbody>\n<\/table>\n<\/figure>\n\n\n\n<figure class=\"wp-block-table\">\n<table>\n<tbody>\n<tr>\n<td class=\"has-text-align-center\" colspan=\"7\" data-align=\"center\"><strong>Kokotaulukko (TUUMA)<\/strong><\/td>\n<\/tr>\n<tr>\n<td class=\"has-text-align-center\" data-align=\"center\"><strong>Koko<\/strong><\/td>\n<td class=\"has-text-align-center\" data-align=\"center\"><strong>Kupin korkeus (tuumaa)<\/strong><\/td>\n<td class=\"has-text-align-center\" data-align=\"center\"><strong>Rinnan alla (sis\u00e4\u00e4n)<\/strong><\/td>\n<td class=\"has-text-align-center\" data-align=\"center\"><strong>Vy\u00f6t\u00e4r\u00f6nauha (sis\u00e4\u00e4n)<\/strong><\/td>\n<td class=\"has-text-align-center\" data-align=\"center\"><strong>Housut vy\u00f6t\u00e4r\u00f6ll\u00e4 (sis\u00e4\u00e4n)<\/strong><\/td>\n<td class=\"has-text-align-center\" data-align=\"center\"><strong>Housujen pituus (in)<\/strong><\/td>\n<\/tr>\n<tr>\n<td class=\"has-text-align-center\" data-align=\"center\">S<\/td>\n<td class=\"has-text-align-center\" data-align=\"center\">5.9<\/td>\n<td class=\"has-text-align-center\" data-align=\"center\">25.2-35.4<\/td>\n<td class=\"has-text-align-center\" data-align=\"center\">26.0-30.7<\/td>\n<td class=\"has-text-align-center\" data-align=\"center\">26.0-33.9<\/td>\n<td class=\"has-text-align-center\" data-align=\"center\">8.3<\/td>\n<\/tr>\n<tr>\n<td class=\"has-text-align-center\" data-align=\"center\">M<\/td>\n<td class=\"has-text-align-center\" data-align=\"center\">6.3<\/td>\n<td class=\"has-text-align-center\" data-align=\"center\">26.8-37.0<\/td>\n<td class=\"has-text-align-center\" data-align=\"center\">26.8-31.5<\/td>\n<td class=\"has-text-align-center\" data-align=\"center\">26.8-35.4<\/td>\n<td class=\"has-text-align-center\" data-align=\"center\">8.7<\/td>\n<\/tr>\n<tr>\n<td class=\"has-text-align-center\" data-align=\"center\">L<\/td>\n<td class=\"has-text-align-center\" data-align=\"center\">6.7<\/td>\n<td class=\"has-text-align-center\" data-align=\"center\">28.3-38.6<\/td>\n<td class=\"has-text-align-center\" data-align=\"center\">27.6-32.3<\/td>\n<td class=\"has-text-align-center\" data-align=\"center\">28.3-37.0<\/td>\n<td class=\"has-text-align-center\" data-align=\"center\">9.1<\/td>\n<\/tr>\n<\/tbody>\n<\/table>\n<\/figure>","protected":false},"excerpt":{"rendered":"<p>Hemmottele ylellisyytt\u00e4mme <strong>h\u00f6yhen alusasusetti<\/strong>, jossa ylelliset yksityiskohdat kohtaavat ajattoman eleganssin. T\u00e4m\u00e4 <strong>mustat korkeavy\u00f6t\u00e4r\u00f6iset pitsiset rintaliivit<\/strong> on koristeltu h\u00f6yhenkoristeilla, jotka yhdist\u00e4v\u00e4t hienostuneisuuden flirttailevaan reunaan.<\/p>","protected":false},"featured_media":50929,"template":"","meta":[],"product_brand":[],"product_cat":[368,369,367],"product_tag":[507,861,875,865],"class_list":{"0":"post-50935","1":"product","2":"type-product","3":"status-publish","4":"has-post-thumbnail","6":"product_cat-bra-panty-set","7":"product_cat-wholesale-lace-bra-and-panty-sets","8":"product_cat-sexy-lingerie","9":"product_tag-three-pcs-set","10":"product_tag-brunette-lingerie","11":"product_tag-lace-sexy-lingerie","12":"product_tag-sexy-skimpy-lingerie","13":"pa_color-black","14":"pa_size-wholesale-large-size-women-sexy-lingerie","15":"pa_size-wholesale-medium-size-women-sexy-lingerie","16":"pa_size-wholesale-small-size-sexy-lingerie","18":"first","19":"instock","20":"taxable","21":"shipping-taxable","22":"purchasable","23":"product-type-variable"},"tiered_pricing_type":"fixed","tiered_pricing_fixed_rules":[],"tiered_pricing_product_settings":{"layout":"table","base_unit_name":{"singular":null,"plural":null},"default_variation":null},"tiered_pricing_minimum_quantity":null,"tiered_pricing_roles_data":[],"tiered_pricing_percentage_rules":[],"tiered_pricing_maximum_quantity":null,"tiered_pricing_quantity_step":null,"_links":{"self":[{"href":"https:\/\/gretasexylingerie.com\/fi\/wp-json\/wp\/v2\/product\/50935","targetHints":{"allow":["GET"]}}],"collection":[{"href":"https:\/\/gretasexylingerie.com\/fi\/wp-json\/wp\/v2\/product"}],"about":[{"href":"https:\/\/gretasexylingerie.com\/fi\/wp-json\/wp\/v2\/types\/product"}],"wp:featuredmedia":[{"embeddable":true,"href":"https:\/\/gretasexylingerie.com\/fi\/wp-json\/wp\/v2\/media\/50929"}],"wp:attachment":[{"href":"https:\/\/gretasexylingerie.com\/fi\/wp-json\/wp\/v2\/media?parent=50935"}],"wp:term":[{"taxonomy":"product_brand","embeddable":true,"href":"https:\/\/gretasexylingerie.com\/fi\/wp-json\/wp\/v2\/product_brand?post=50935"},{"taxonomy":"product_cat","embeddable":true,"href":"https:\/\/gretasexylingerie.com\/fi\/wp-json\/wp\/v2\/product_cat?post=50935"},{"taxonomy":"product_tag","embeddable":true,"href":"https:\/\/gretasexylingerie.com\/fi\/wp-json\/wp\/v2\/product_tag?post=50935"}],"curies":[{"name":"wp","href":"https:\/\/api.w.org\/{rel}","templated":true}]}}