{"id":50902,"date":"2024-04-20T21:23:38","date_gmt":"2024-04-20T13:23:38","guid":{"rendered":"https:\/\/gretasexylingerie.com\/?post_type=product&#038;p=50902"},"modified":"2024-04-20T21:35:46","modified_gmt":"2024-04-20T13:35:46","slug":"tukku-taivaansininen-polka-dot-silkkaa-bralette-ensemble","status":"publish","type":"product","link":"https:\/\/gretasexylingerie.com\/fi\/products\/wholesale-azure-polka-dot-sheer-bralette-ensemble\/","title":{"rendered":"Tukku Azure Polka Dot Sheer Bralette Ensemble"},"content":{"rendered":"<p><strong>Eetterinen vieh\u00e4tys<\/strong>: <strong>pilkullinen rintaliivit setti<\/strong> siin\u00e4 on hassuja pisteit\u00e4 siroteltuna silkkaa taustaa pitkin, jotka yhdist\u00e4v\u00e4t viattomuuden ja aavistus pahaa.<\/p>\n\n\n\n<p><strong>Silkkaa hienostuneisuutta<\/strong>: Muotoiltu rohkeaa, l\u00e4pikuultava kangas <strong>l\u00e4pin\u00e4kyv\u00e4 bralette-setti<\/strong> tarjoaa v\u00e4l\u00e4hdyksen houkuttelevuudesta, kun taas t\u00e4ysi pilkkukuvio s\u00e4ilytt\u00e4\u00e4 leikkis\u00e4n eleganssin ilmapiirin.<\/p>\n\n\n\n<p><strong>Sapphire Seduction<\/strong>: T\u00e4ytel\u00e4isen sinisen peitossa <strong>siniset rintaliivit ja pikkuhousut setti<\/strong> on ny\u00f6kk\u00e4ys sek\u00e4 klassiseen tyyliin ett\u00e4 nykyaikaiseen aistillisuuteen, mik\u00e4 tekee siit\u00e4 monipuolisen lis\u00e4yksen mihin tahansa alusvaatemallistoon.<\/p>\n\n\n\n<p><strong>Flirttaileva s\u00e4\u00e4ti\u00f6<\/strong>: Sarjan bralette- ja pikkuhousuissa on herkk\u00e4 kangas, joka tuntuu toiselta iholta ja varmistaa mukavuuden tinkim\u00e4tt\u00e4 houkuttelevasta vetovoimasta.<\/p>\n\n\n\n<p><strong>V\u00e4hitt\u00e4ismyyntivalmis<\/strong>: Ole valmis valloittamaan asiakaskuntasi t\u00e4ll\u00e4 setill\u00e4, kiitos meid\u00e4n <a href=\"https:\/\/gretasexylingerie.com\/fi\/droshpping-alusvaatepalvelu\/\">pudota toimituspalvelu<\/a> joka tarjoaa vaivattomia varastoratkaisuja ilman v\u00e4himm\u00e4istilausm\u00e4\u00e4r\u00e4\u00e4.<\/p>\n\n\n\n<p>Lis\u00e4\u00e4 ripaus leikkis\u00e4\u00e4 vieh\u00e4tyst\u00e4 valintaasi meid\u00e4n avullamme <strong>Azure Polka Dot Sheer Bralette Ensemble<\/strong>. Kutsu asiakkaasi omaksumaan flirttailevan puolensa ripaus l\u00e4pin\u00e4kyvyytt\u00e4. Tee tilauksesi t\u00e4n\u00e4\u00e4n ja anna peek-a-boo-pelin alkaa hienostuneella ja tyylill\u00e4.<\/p>\n\n\n\n<figure class=\"wp-block-table\">\n<table>\n<tbody>\n<tr>\n<td class=\"has-text-align-center\" colspan=\"5\" data-align=\"center\"><strong>Kokotaulukko (CM)<\/strong><\/td>\n<\/tr>\n<tr>\n<td class=\"has-text-align-center\" data-align=\"center\"><strong>Koko<\/strong><\/td>\n<td class=\"has-text-align-center\" data-align=\"center\"><strong>Rinnan alla (cm)<\/strong><\/td>\n<td class=\"has-text-align-center\" data-align=\"center\"><strong>Vy\u00f6t\u00e4r\u00f6nauha (cm)<\/strong><\/td>\n<td class=\"has-text-align-center\" data-align=\"center\"><strong>Alushousut vy\u00f6t\u00e4r\u00f6 (cm)<\/strong><\/td>\n<td class=\"has-text-align-center\" data-align=\"center\"><strong>Alushousujen pituus (cm)<\/strong><\/td>\n<\/tr>\n<tr>\n<td class=\"has-text-align-center\" data-align=\"center\">S<\/td>\n<td class=\"has-text-align-center\" data-align=\"center\">60-76<\/td>\n<td class=\"has-text-align-center\" data-align=\"center\">60<\/td>\n<td class=\"has-text-align-center\" data-align=\"center\">64<\/td>\n<td class=\"has-text-align-center\" data-align=\"center\">20<\/td>\n<\/tr>\n<tr>\n<td class=\"has-text-align-center\" data-align=\"center\">M<\/td>\n<td class=\"has-text-align-center\" data-align=\"center\">64-80<\/td>\n<td class=\"has-text-align-center\" data-align=\"center\">64<\/td>\n<td class=\"has-text-align-center\" data-align=\"center\">68<\/td>\n<td class=\"has-text-align-center\" data-align=\"center\">21<\/td>\n<\/tr>\n<tr>\n<td class=\"has-text-align-center\" data-align=\"center\">L<\/td>\n<td class=\"has-text-align-center\" data-align=\"center\">68-84<\/td>\n<td class=\"has-text-align-center\" data-align=\"center\">68<\/td>\n<td class=\"has-text-align-center\" data-align=\"center\">72<\/td>\n<td class=\"has-text-align-center\" data-align=\"center\">22<\/td>\n<\/tr>\n<\/tbody>\n<\/table>\n<\/figure>\n\n\n\n<figure class=\"wp-block-table\">\n<table>\n<tbody>\n<tr>\n<td class=\"has-text-align-center\" colspan=\"5\" data-align=\"center\"><strong>Kokotaulukko (TUUMA)<\/strong><\/td>\n<\/tr>\n<tr>\n<td class=\"has-text-align-center\" data-align=\"center\"><strong>Koko<\/strong><\/td>\n<td class=\"has-text-align-center\" data-align=\"center\"><strong>Rinnan alla (sis\u00e4\u00e4n)<\/strong><\/td>\n<td class=\"has-text-align-center\" data-align=\"center\"><strong>Vy\u00f6t\u00e4r\u00f6nauha (sis\u00e4\u00e4n)<\/strong><\/td>\n<td class=\"has-text-align-center\" data-align=\"center\"><strong>Alushousut vy\u00f6t\u00e4r\u00f6ll\u00e4 (sis\u00e4\u00e4n)<\/strong><\/td>\n<td class=\"has-text-align-center\" data-align=\"center\"><strong>Alushousujen pituus (in)<\/strong><\/td>\n<\/tr>\n<tr>\n<td class=\"has-text-align-center\" data-align=\"center\">S<\/td>\n<td class=\"has-text-align-center\" data-align=\"center\">23.6-29.9<\/td>\n<td class=\"has-text-align-center\" data-align=\"center\">23.6<\/td>\n<td class=\"has-text-align-center\" data-align=\"center\">25.2<\/td>\n<td class=\"has-text-align-center\" data-align=\"center\">7.9<\/td>\n<\/tr>\n<tr>\n<td class=\"has-text-align-center\" data-align=\"center\">M<\/td>\n<td class=\"has-text-align-center\" data-align=\"center\">25.2-31.5<\/td>\n<td class=\"has-text-align-center\" data-align=\"center\">25.2<\/td>\n<td class=\"has-text-align-center\" data-align=\"center\">26.8<\/td>\n<td class=\"has-text-align-center\" data-align=\"center\">8.3<\/td>\n<\/tr>\n<tr>\n<td class=\"has-text-align-center\" data-align=\"center\">L<\/td>\n<td class=\"has-text-align-center\" data-align=\"center\">26.8-33.1<\/td>\n<td class=\"has-text-align-center\" data-align=\"center\">26.8<\/td>\n<td class=\"has-text-align-center\" data-align=\"center\">28.3<\/td>\n<td class=\"has-text-align-center\" data-align=\"center\">8.7<\/td>\n<\/tr>\n<\/tbody>\n<\/table>\n<\/figure>","protected":false},"excerpt":{"rendered":"<p>Sukella leikkis\u00e4\u00e4n mutta provosoivaan estetiikkaan meid\u00e4n kanssamme <strong>pilkullinen rintaliivit setti<\/strong>. T\u00e4m\u00e4 kiehtova <strong>l\u00e4pin\u00e4kyv\u00e4 bralette-setti<\/strong> ihastuttavassa sinisess\u00e4 s\u00e4vyss\u00e4 yhdistyv\u00e4t ajattomat kuviot rohkeaseen moderniin tyyliin.<\/p>","protected":false},"featured_media":50899,"template":"","meta":[],"product_brand":[],"product_cat":[368,367,375],"product_tag":[507,518,446,865],"class_list":{"0":"post-50902","1":"product","2":"type-product","3":"status-publish","4":"has-post-thumbnail","6":"product_cat-bra-panty-set","7":"product_cat-sexy-lingerie","8":"product_cat-whoelsale-sheer-bra-and-panty-sets","9":"product_tag-three-pcs-set","10":"product_tag-mesh-lingerie","11":"product_tag-wholesale-sexy-see-through-lingerie","12":"product_tag-sexy-skimpy-lingerie","13":"pa_color-blue-women-sexy-lingerie","14":"pa_size-wholesale-large-size-women-sexy-lingerie","15":"pa_size-wholesale-medium-size-women-sexy-lingerie","16":"pa_size-wholesale-small-size-sexy-lingerie","18":"first","19":"instock","20":"taxable","21":"shipping-taxable","22":"purchasable","23":"product-type-variable"},"tiered_pricing_type":"fixed","tiered_pricing_fixed_rules":[],"tiered_pricing_product_settings":{"layout":"table","base_unit_name":{"singular":null,"plural":null},"default_variation":null},"tiered_pricing_minimum_quantity":null,"tiered_pricing_roles_data":[],"tiered_pricing_percentage_rules":[],"tiered_pricing_maximum_quantity":null,"tiered_pricing_quantity_step":null,"_links":{"self":[{"href":"https:\/\/gretasexylingerie.com\/fi\/wp-json\/wp\/v2\/product\/50902","targetHints":{"allow":["GET"]}}],"collection":[{"href":"https:\/\/gretasexylingerie.com\/fi\/wp-json\/wp\/v2\/product"}],"about":[{"href":"https:\/\/gretasexylingerie.com\/fi\/wp-json\/wp\/v2\/types\/product"}],"wp:featuredmedia":[{"embeddable":true,"href":"https:\/\/gretasexylingerie.com\/fi\/wp-json\/wp\/v2\/media\/50899"}],"wp:attachment":[{"href":"https:\/\/gretasexylingerie.com\/fi\/wp-json\/wp\/v2\/media?parent=50902"}],"wp:term":[{"taxonomy":"product_brand","embeddable":true,"href":"https:\/\/gretasexylingerie.com\/fi\/wp-json\/wp\/v2\/product_brand?post=50902"},{"taxonomy":"product_cat","embeddable":true,"href":"https:\/\/gretasexylingerie.com\/fi\/wp-json\/wp\/v2\/product_cat?post=50902"},{"taxonomy":"product_tag","embeddable":true,"href":"https:\/\/gretasexylingerie.com\/fi\/wp-json\/wp\/v2\/product_tag?post=50902"}],"curies":[{"name":"wp","href":"https:\/\/api.w.org\/{rel}","templated":true}]}}