{"id":50866,"date":"2024-04-20T21:21:03","date_gmt":"2024-04-20T13:21:03","guid":{"rendered":"https:\/\/gretasexylingerie.com\/?post_type=product&#038;p=50866"},"modified":"2024-04-21T12:15:39","modified_gmt":"2024-04-21T04:15:39","slug":"tukku-intrepid-musta-nahka-bondage-puku","status":"publish","type":"product","link":"https:\/\/gretasexylingerie.com\/fi\/products\/wholesale-intrepid-black-leather-bondage-suit\/","title":{"rendered":"Tukku Intrepid Black Leather Bondage Suit"},"content":{"rendered":"<p><strong>Mestarillista k\u00e4sity\u00f6t\u00e4<\/strong>: <strong>bondage-rintaliivit<\/strong> on huolellisesti rakennettu, ja siin\u00e4 on ensiluokkaiset nahkahihnat, jotka muotoilevat vartalon arvovaltaisella syleilyll\u00e4.<\/p>\n\n\n\n<p><strong>Veistoksellinen siluetti<\/strong>: T\u00e4m\u00e4 puku luo hallitsevan l\u00e4sn\u00e4olon rakenteellisella suunnittelullaan, joka valjastaa esteettisyyden ja pid\u00e4ttyv\u00e4isyyden yhdess\u00e4 kappaleessa.<\/p>\n\n\n\n<p><strong>Regal Restraint<\/strong>: <strong>musta nahkainen bondage-kaulus<\/strong> istuu majesteettisesti kaulassa, symboli hienosta rajasta vallan ja antautumisen v\u00e4lill\u00e4, koristeltu yhdist\u00e4vill\u00e4 ketjuilla, jotka vihjaavat kosketuksen j\u00e4nnityst\u00e4.<\/p>\n\n\n\n<p><strong>Upeita koristeita<\/strong>: Mukana herkk\u00e4 <strong>n\u00e4nnipuristimia<\/strong>, t\u00e4m\u00e4 kokonaisuus kutsuu tanssimaan tunnetta ja tunnelmaa tasapainottaen kipua ja nautintoa metallisilla aksenteillaan.<\/p>\n\n\n\n<p><strong>V\u00e4hitt\u00e4ismyyntivalmius valitus<\/strong>: Tarjotaan osana meid\u00e4n <a href=\"https:\/\/gretasexylingerie.com\/fi\/droshpping-alusvaatepalvelu\/\">pudota toimituspalvelu<\/a>T\u00e4m\u00e4 setti lupaa houkutella ilman sukkahuolia, t\u00e4ydellinen putiikkikokoelmiin, joiden tavoitteena on palvella avantgardea.<\/p>\n\n\n\n<p>Kutsu asiakkaasi tutustumaan rajoihinsa kanssamme <strong>bondage nahkainen puku<\/strong>. Se on enemm\u00e4n kuin vaatteita; se on lausunto anteeksiantamattomasta itseilmaisusta. Tilaa nyt ja hy\u00f6dynn\u00e4 seikkailun ja vieh\u00e4tyksen ydin Greta Sexy Lingerien avulla, jossa jokainen kappale on kulkutie tuntemattomiin nautintoihin.<\/p>","protected":false},"excerpt":{"rendered":"<p>Paljasta uusi rohkeuden valtakunta kanssamme <strong>bondage nahkainen puku<\/strong>, jossa on bondage-rintaliivit ja musta nahkakaulus. Suunniteltu niille, jotka omaksuvat rohkeita vapauden ja kontrollin ilmauksia.<\/p>","protected":false},"featured_media":50861,"template":"","meta":[],"product_brand":[],"product_cat":[1059,1060],"product_tag":[],"class_list":{"0":"post-50866","1":"product","2":"type-product","3":"status-publish","4":"has-post-thumbnail","6":"product_cat-wholesale-bondage-equipment","7":"product_cat-wholesale-bondage-lingerie","8":"pa_color-black","9":"pa_size-free","11":"first","12":"instock","13":"taxable","14":"shipping-taxable","15":"purchasable","16":"product-type-variable"},"tiered_pricing_type":"fixed","tiered_pricing_fixed_rules":[],"tiered_pricing_product_settings":{"layout":"table","base_unit_name":{"singular":null,"plural":null},"default_variation":null},"tiered_pricing_minimum_quantity":null,"tiered_pricing_roles_data":[],"tiered_pricing_percentage_rules":[],"tiered_pricing_maximum_quantity":null,"tiered_pricing_quantity_step":null,"_links":{"self":[{"href":"https:\/\/gretasexylingerie.com\/fi\/wp-json\/wp\/v2\/product\/50866","targetHints":{"allow":["GET"]}}],"collection":[{"href":"https:\/\/gretasexylingerie.com\/fi\/wp-json\/wp\/v2\/product"}],"about":[{"href":"https:\/\/gretasexylingerie.com\/fi\/wp-json\/wp\/v2\/types\/product"}],"wp:featuredmedia":[{"embeddable":true,"href":"https:\/\/gretasexylingerie.com\/fi\/wp-json\/wp\/v2\/media\/50861"}],"wp:attachment":[{"href":"https:\/\/gretasexylingerie.com\/fi\/wp-json\/wp\/v2\/media?parent=50866"}],"wp:term":[{"taxonomy":"product_brand","embeddable":true,"href":"https:\/\/gretasexylingerie.com\/fi\/wp-json\/wp\/v2\/product_brand?post=50866"},{"taxonomy":"product_cat","embeddable":true,"href":"https:\/\/gretasexylingerie.com\/fi\/wp-json\/wp\/v2\/product_cat?post=50866"},{"taxonomy":"product_tag","embeddable":true,"href":"https:\/\/gretasexylingerie.com\/fi\/wp-json\/wp\/v2\/product_tag?post=50866"}],"curies":[{"name":"wp","href":"https:\/\/api.w.org\/{rel}","templated":true}]}}