{"id":50859,"date":"2024-04-20T21:20:33","date_gmt":"2024-04-20T13:20:33","guid":{"rendered":"https:\/\/gretasexylingerie.com\/?post_type=product&#038;p=50859"},"modified":"2024-04-21T12:13:39","modified_gmt":"2024-04-21T04:13:39","slug":"tukkuhintainen-luxe-nahkainen-nappula-aistinvaraiseen-leikkiin","status":"publish","type":"product","link":"https:\/\/gretasexylingerie.com\/fi\/products\/wholesale-luxe-leather-spanker-for-sensory-play\/","title":{"rendered":"Luxe-nahkainen tukkutanko aistinvaraiseen pelaamiseen"},"content":{"rendered":"<p>Tuo ripaus hallittua hemmottelua t\u00e4ll\u00e4 <strong>nahkainen nappula<\/strong>, avainkappale mihin tahansa vaativaan SM-piiskakokoelmaan. T\u00e4m\u00e4 aikuisten lelupiiska yhdist\u00e4\u00e4 k\u00e4sity\u00f6taidon ja mukavuuden varmistaen j\u00e4nnitt\u00e4v\u00e4n kokemuksen.<br>T\u00e4m\u00e4 on suunniteltu tarkkuutta ja suorituskyky\u00e4 varten <strong>nahkainen nappula<\/strong> on pakollinen niille, jotka haluavat laatua ja toimivuutta aikuisten leikkiins\u00e4. Sen punottu muotoilu ei vain lis\u00e4\u00e4 sen esteettist\u00e4 vetovoimaa, vaan tarjoaa my\u00f6s mukavan otteen ja parantaa hallintaa k\u00e4yt\u00f6n aikana.<\/p>\n\n\n\n<p>Integroitu rannelenkki varmistaa, ett\u00e4 spanker pysyy k\u00e4dess\u00e4, kun taas pehme\u00e4 mutta tukeva nahka antaa tyydytt\u00e4v\u00e4n vaikutuksen jokaisella k\u00e4ytt\u00f6kerralla. Olipa kyseess\u00e4 uusia kokemuksia tutkiville aloittelijoille tai kokoelmaansa lis\u00e4\u00e4ville harrastajille, t\u00e4m\u00e4 nappula toimii monipuolisena ty\u00f6kaluna monenlaisiin aikuisten toimintaan.<\/p>\n\n\n\n<p>Kest\u00e4vyytt\u00e4 silm\u00e4ll\u00e4 pit\u00e4en jokainen kappale on tehty kest\u00e4m\u00e4\u00e4n soittoajan rasitusta s\u00e4ilytt\u00e4en eheytens\u00e4 ja ulkon\u00e4\u00f6n ajan mittaan. T\u00e4m\u00e4 tekee siit\u00e4 erinomaisen valinnan j\u00e4lleenmyyjille, jotka haluavat tarjota asiakkailleen pitk\u00e4ik\u00e4isi\u00e4 aikuisten lelupiippuja.<\/p>\n\n\n\n<p>Yhteisty\u00f6ss\u00e4 Greta Sexy Lingerien kanssa saadaksesi korkealaatuisia SM-tuotteita ilman varastonhallinnan vaivaa. Meid\u00e4n kautta <a href=\"https:\/\/gretasexylingerie.com\/fi\/droshpping-alusvaatepalvelu\/\">pudota toimituspalvelu<\/a>, nauti siit\u00e4, ett\u00e4 voit toimittaa asiakkaillesi hienoimpia aikuisten leluja helposti.<\/p>\n\n\n\n<p>Laajenna intiimien asusteiden valikoimaasi nahkakiinnikkeell\u00e4mme ja varmista, ett\u00e4 asiakaskuntasi saa ensiluokkaisen lis\u00e4yksen henkil\u00f6kohtaiseen kokoelmaansa. Tilaa nyt ja anna nautinnon tutkimisen aloittaa itsevarmuudella ja tyylill\u00e4.<\/p>","protected":false},"excerpt":{"rendered":"<p>Koe nautinnon hienostunut reuna t\u00e4ll\u00e4 <strong>nahkainen nappula<\/strong>SM-piippujen valtakunta. T\u00e4m\u00e4 piiska on suunniteltu sek\u00e4 kokeneille ett\u00e4 uteliaille, ja siin\u00e4 yhdistyv\u00e4t laadukas k\u00e4sity\u00f6taito ja aistillisen tutkimisen j\u00e4nnitys.<\/p>","protected":false},"featured_media":50854,"template":"","meta":[],"product_brand":[],"product_cat":[1059,1067],"product_tag":[],"class_list":{"0":"post-50859","1":"product","2":"type-product","3":"status-publish","4":"has-post-thumbnail","6":"product_cat-wholesale-bondage-equipment","7":"product_cat-wholesale-spanking-whips-paddles","8":"pa_color-black","9":"pa_size-free","11":"first","12":"instock","13":"taxable","14":"shipping-taxable","15":"purchasable","16":"product-type-variable"},"tiered_pricing_type":"fixed","tiered_pricing_fixed_rules":[],"tiered_pricing_product_settings":{"layout":"table","base_unit_name":{"singular":null,"plural":null},"default_variation":null},"tiered_pricing_minimum_quantity":null,"tiered_pricing_roles_data":[],"tiered_pricing_percentage_rules":[],"tiered_pricing_maximum_quantity":null,"tiered_pricing_quantity_step":null,"_links":{"self":[{"href":"https:\/\/gretasexylingerie.com\/fi\/wp-json\/wp\/v2\/product\/50859","targetHints":{"allow":["GET"]}}],"collection":[{"href":"https:\/\/gretasexylingerie.com\/fi\/wp-json\/wp\/v2\/product"}],"about":[{"href":"https:\/\/gretasexylingerie.com\/fi\/wp-json\/wp\/v2\/types\/product"}],"wp:featuredmedia":[{"embeddable":true,"href":"https:\/\/gretasexylingerie.com\/fi\/wp-json\/wp\/v2\/media\/50854"}],"wp:attachment":[{"href":"https:\/\/gretasexylingerie.com\/fi\/wp-json\/wp\/v2\/media?parent=50859"}],"wp:term":[{"taxonomy":"product_brand","embeddable":true,"href":"https:\/\/gretasexylingerie.com\/fi\/wp-json\/wp\/v2\/product_brand?post=50859"},{"taxonomy":"product_cat","embeddable":true,"href":"https:\/\/gretasexylingerie.com\/fi\/wp-json\/wp\/v2\/product_cat?post=50859"},{"taxonomy":"product_tag","embeddable":true,"href":"https:\/\/gretasexylingerie.com\/fi\/wp-json\/wp\/v2\/product_tag?post=50859"}],"curies":[{"name":"wp","href":"https:\/\/api.w.org\/{rel}","templated":true}]}}