{"id":50851,"date":"2024-04-20T21:19:59","date_gmt":"2024-04-20T13:19:59","guid":{"rendered":"https:\/\/gretasexylingerie.com\/?post_type=product&#038;p=50851"},"modified":"2024-04-21T12:09:19","modified_gmt":"2024-04-21T04:09:19","slug":"tukkukarjella-saadettavat-nannipuristimet","status":"publish","type":"product","link":"https:\/\/gretasexylingerie.com\/fi\/products\/wholesale-tipped-adjustable-nipple-clamps\/","title":{"rendered":"Tukkukaupan tyylikk\u00e4\u00e4t jalokivik\u00e4rkiset s\u00e4\u00e4dett\u00e4v\u00e4t n\u00e4nnikiinnikkeet"},"content":{"rendered":"<p><strong>Ylellinen muotoilu<\/strong>: N\u00e4iss\u00e4 hienoissa kiinnittimiss\u00e4 on koristeellisia mustia jalokivi\u00e4, jotka tekev\u00e4t niist\u00e4 puettavan taiteen, joka koristaa vartaloa hienostuneella ilmalla.<\/p>\n\n\n\n<p><strong>Hieno Sensaatio<\/strong>: <strong>nippaketjun pidikkeet<\/strong> tarjoavat stimuloivan kokemuksen, ja jokainen liike luo lempe\u00e4n vedon, joka her\u00e4tt\u00e4\u00e4 aistit.<\/p>\n\n\n\n<p><strong>Tarkkuuss\u00e4\u00e4t\u00f6<\/strong>: N\u00e4m\u00e4 on suunniteltu yksil\u00f6llisten mieltymysten mukaan <strong>s\u00e4\u00e4dett\u00e4v\u00e4t n\u00e4nnikiinnikkeet<\/strong> salli r\u00e4\u00e4t\u00e4l\u00f6ity paine intensiteetin lis\u00e4\u00e4miseksi tai anna hell\u00e4varainen hyv\u00e4ily halutessasi.<\/p>\n\n\n\n<p><strong>Monipuolinen Wear<\/strong>: Vaikka n\u00e4m\u00e4 puristimet ovat houkutteleva lis\u00e4 jokaiseen intiimiin kohtaamiseen, ne ovat my\u00f6s riitt\u00e4v\u00e4n hienovaraisia k\u00e4ytett\u00e4v\u00e4ksi vaatteiden alla ja tarjoavat piilotetun j\u00e4nnityksen.<\/p>\n\n\n\n<p>Kutsu asiakkaasi tutkimaan nautinnon ja koristelun herkk\u00e4\u00e4 tasapainoa jalokivik\u00e4rkisell\u00e4 n\u00e4nnipitimell\u00e4mme. T\u00e4ydellinen niille, jotka haluavat uskaltaa tyylill\u00e4 uusiin tunnelmiin. Ota yhteytt\u00e4 Greta Sexy Lingerien kanssa tuodaksesi ylellisyytt\u00e4 intiimitarvikevalikoimaasi.<\/p>","protected":false},"excerpt":{"rendered":"<p>Lis\u00e4\u00e4 ripauksen ylellisyytt\u00e4 buduaariin n\u00e4ill\u00e4 <strong>n\u00e4nnikiinnityskoruja<\/strong> kappaleita, jotka on suunniteltu sek\u00e4 esteettiseen vieh\u00e4tykseens\u00e4 ett\u00e4 houkuttelevaan toimintoon. S\u00e4\u00e4dett\u00e4v\u00e4 muotoilu varmistaa mukautettavan istuvuuden erilaisiin tuntemuksiin.<\/p>","protected":false},"featured_media":50845,"template":"","meta":[],"product_brand":[],"product_cat":[1059,1062],"product_tag":[],"class_list":{"0":"post-50851","1":"product","2":"type-product","3":"status-publish","4":"has-post-thumbnail","6":"product_cat-wholesale-bondage-equipment","7":"product_cat-wholesale-labia-nipple-clamps","8":"pa_color-gold","9":"pa_color-silver","10":"pa_size-free","12":"first","13":"instock","14":"taxable","15":"shipping-taxable","16":"purchasable","17":"product-type-variable"},"tiered_pricing_type":"fixed","tiered_pricing_fixed_rules":[],"tiered_pricing_product_settings":{"layout":"table","base_unit_name":{"singular":null,"plural":null},"default_variation":null},"tiered_pricing_minimum_quantity":null,"tiered_pricing_roles_data":[],"tiered_pricing_percentage_rules":[],"tiered_pricing_maximum_quantity":null,"tiered_pricing_quantity_step":null,"_links":{"self":[{"href":"https:\/\/gretasexylingerie.com\/fi\/wp-json\/wp\/v2\/product\/50851","targetHints":{"allow":["GET"]}}],"collection":[{"href":"https:\/\/gretasexylingerie.com\/fi\/wp-json\/wp\/v2\/product"}],"about":[{"href":"https:\/\/gretasexylingerie.com\/fi\/wp-json\/wp\/v2\/types\/product"}],"wp:featuredmedia":[{"embeddable":true,"href":"https:\/\/gretasexylingerie.com\/fi\/wp-json\/wp\/v2\/media\/50845"}],"wp:attachment":[{"href":"https:\/\/gretasexylingerie.com\/fi\/wp-json\/wp\/v2\/media?parent=50851"}],"wp:term":[{"taxonomy":"product_brand","embeddable":true,"href":"https:\/\/gretasexylingerie.com\/fi\/wp-json\/wp\/v2\/product_brand?post=50851"},{"taxonomy":"product_cat","embeddable":true,"href":"https:\/\/gretasexylingerie.com\/fi\/wp-json\/wp\/v2\/product_cat?post=50851"},{"taxonomy":"product_tag","embeddable":true,"href":"https:\/\/gretasexylingerie.com\/fi\/wp-json\/wp\/v2\/product_tag?post=50851"}],"curies":[{"name":"wp","href":"https:\/\/api.w.org\/{rel}","templated":true}]}}