{"id":50843,"date":"2024-04-20T21:19:18","date_gmt":"2024-04-20T13:19:18","guid":{"rendered":"https:\/\/gretasexylingerie.com\/?post_type=product&#038;p=50843"},"modified":"2024-04-21T12:03:59","modified_gmt":"2024-04-21T04:03:59","slug":"tukku-juonittelu-nahka-bdsm-hevosen-maski","status":"publish","type":"product","link":"https:\/\/gretasexylingerie.com\/fi\/products\/wholesale-intrigue-leather-bdsm-horse-mask\/","title":{"rendered":"Tukku Intrigue Nahka BDSM-hevosmaski"},"content":{"rendered":"<p><strong>Intensiivinen mysteeri<\/strong>: T\u00e4m\u00e4 <strong>nahkainen BDSM-kasvonaamio<\/strong> on suunniteltu paitsi esteettiseen vetovoimaan, my\u00f6s psykologiseen syvyyteen, jonka se tuo el\u00e4mykseen, tehostaen is\u00e4nt\u00e4- ja orjadynamiikkaa vaikuttavalla l\u00e4sn\u00e4olollaan.<\/p>\n\n\n\n<p><strong>Laadukasta k\u00e4sity\u00f6t\u00e4<\/strong>: T\u00e4m\u00e4 naamio on koristeltu metallinastoilla ja keskell\u00e4 olevalla O-renkaalla, ja sen kest\u00e4v\u00e4 rakenne varmistaa, ett\u00e4 se on sek\u00e4 toimiva ett\u00e4 visuaalisesti n\u00e4ytt\u00e4v\u00e4 lis\u00e4 mihin tahansa istuntoon.<\/p>\n\n\n\n<p><strong>S\u00e4\u00e4dett\u00e4v\u00e4 kiinnitys<\/strong>: S\u00e4\u00e4dett\u00e4v\u00e4t olkaimet on r\u00e4\u00e4t\u00e4l\u00f6ity eri kokoihin, ja ne tarjoavat turvallisen ja mukavan istuvuuden, mik\u00e4 mahdollistaa pidennetyn kulumisen pitkien hallinta- ja alistumisistuntojen aikana.<\/p>\n\n\n\n<p><strong>Tumma estetiikka<\/strong>: Maskin muotoilu, jossa on sekoitus rohkeita linjoja ja metallisia aksentteja, tiivist\u00e4\u00e4 tumman estetiikan, joka resonoi <strong>BDSM orja maski<\/strong> tuntija.<\/p>\n\n\n\n<p>Tarjoa asiakkaillesi ty\u00f6kalut, joilla he voivat syventy\u00e4 fantasioihinsa luottavaisesti ja tyylill\u00e4. Tarjoa heille nahkainen BDSM Horse Mask -naamio, joka on vallan ja antautumisen ytimess\u00e4 olevan voimapelin symboli. Ota yhteytt\u00e4 Greta Sexy Lingerieen ja hy\u00f6dynn\u00e4 BDSM-kokoelmasi koko potentiaali.<\/p>","protected":false},"excerpt":{"rendered":"<p>Esittelyss\u00e4 viimeinen kiusan ja kurin v\u00e4line, t\u00e4m\u00e4 <strong>seksik\u00e4s floggeri<\/strong> on ilmaisupala mihin tahansa kokoelmaan. Ensiluokkaisesta nahasta ja herk\u00e4st\u00e4 pitsist\u00e4 valmistettu se tarjoaa sek\u00e4 tyyli\u00e4 ett\u00e4 toimivuutta.<\/p>","protected":false},"featured_media":50837,"template":"","meta":[],"product_brand":[],"product_cat":[1063,1059],"product_tag":[],"class_list":{"0":"post-50843","1":"product","2":"type-product","3":"status-publish","4":"has-post-thumbnail","6":"product_cat-wholesale-bdsm-mask-blindfold","7":"product_cat-wholesale-bondage-equipment","8":"pa_color-black","9":"pa_size-free","11":"first","12":"instock","13":"taxable","14":"shipping-taxable","15":"purchasable","16":"product-type-variable"},"tiered_pricing_type":"fixed","tiered_pricing_fixed_rules":[],"tiered_pricing_product_settings":{"layout":"table","base_unit_name":{"singular":null,"plural":null},"default_variation":null},"tiered_pricing_minimum_quantity":null,"tiered_pricing_roles_data":[],"tiered_pricing_percentage_rules":[],"tiered_pricing_maximum_quantity":null,"tiered_pricing_quantity_step":null,"_links":{"self":[{"href":"https:\/\/gretasexylingerie.com\/fi\/wp-json\/wp\/v2\/product\/50843","targetHints":{"allow":["GET"]}}],"collection":[{"href":"https:\/\/gretasexylingerie.com\/fi\/wp-json\/wp\/v2\/product"}],"about":[{"href":"https:\/\/gretasexylingerie.com\/fi\/wp-json\/wp\/v2\/types\/product"}],"wp:featuredmedia":[{"embeddable":true,"href":"https:\/\/gretasexylingerie.com\/fi\/wp-json\/wp\/v2\/media\/50837"}],"wp:attachment":[{"href":"https:\/\/gretasexylingerie.com\/fi\/wp-json\/wp\/v2\/media?parent=50843"}],"wp:term":[{"taxonomy":"product_brand","embeddable":true,"href":"https:\/\/gretasexylingerie.com\/fi\/wp-json\/wp\/v2\/product_brand?post=50843"},{"taxonomy":"product_cat","embeddable":true,"href":"https:\/\/gretasexylingerie.com\/fi\/wp-json\/wp\/v2\/product_cat?post=50843"},{"taxonomy":"product_tag","embeddable":true,"href":"https:\/\/gretasexylingerie.com\/fi\/wp-json\/wp\/v2\/product_tag?post=50843"}],"curies":[{"name":"wp","href":"https:\/\/api.w.org\/{rel}","templated":true}]}}