{"id":50832,"date":"2024-04-20T21:18:34","date_gmt":"2024-04-20T13:18:34","guid":{"rendered":"https:\/\/gretasexylingerie.com\/?post_type=product&#038;p=50832"},"modified":"2024-04-21T12:01:54","modified_gmt":"2024-04-21T04:01:54","slug":"tukkukaupan-hieno-nahkainen-piiskamela-pitsilla","status":"publish","type":"product","link":"https:\/\/gretasexylingerie.com\/fi\/products\/wholesale-exquisite-leather-spanking-paddle-with-lace-detail\/","title":{"rendered":"Tukkukaupan hieno nahkainen piiskamela pitsill\u00e4"},"content":{"rendered":"<p><strong>Aistillinen vaikutus<\/strong>: Asiantuntevasti suunniteltu niille, jotka nauttivat nautinnon ja kontrollin tanssista <strong>nahkainen piiskamela<\/strong> tarjoaa ylellisen kosketuksen jokaiseen huolellisesti harkittuun lakkoon.<\/p>\n\n\n\n<p><strong>Elegantti estetiikka<\/strong>: T\u00e4m\u00e4 nauhoitetuilla yksityiskohdilla ja kimaltelevilla aksenteilla koristeltu mela yhdist\u00e4\u00e4 kauneuden ja S&amp;M-pelin rohkeuden, joten se on suosikki sek\u00e4 aloittelijoille ett\u00e4 yst\u00e4ville.<\/p>\n\n\n\n<p><strong>Monipuoliset s\u00e4vyt<\/strong>: Saatavana useissa eri v\u00e4reiss\u00e4, mukaan lukien hienostunut vaaleanpunainen, klassinen valkoinen, intohimoinen punainen ja kuninkaallinen purppura, mik\u00e4 mahdollistaa henkil\u00f6kohtaisen ilmaisun ja temaattisen leikin.<\/p>\n\n\n\n<p><strong>Ensiluokkaista k\u00e4sity\u00f6t\u00e4<\/strong>: Valmistettu korkealaatuisesta nahasta, mela lupaa kest\u00e4vyytt\u00e4 ja luotettavuutta, ja mukava ote takaa tarkan k\u00e4sittelyn.<\/p>\n\n\n\n<p>Paranna putiikkisi tarjontaa t\u00e4ll\u00e4 kauniisti suunnitellulla <strong>s&amp;m flogger<\/strong>. Anna asiakkaillesi mahdollisuus ilmaista toiveensa rohkeasti ja hienostuneesti. Ota yhteytt\u00e4 Greta Sexy Lingerien kanssa tuodaksesi t\u00e4m\u00e4 sekoitus ylellisyytt\u00e4 ja el\u00e4myst\u00e4 vaativille asiakkaillesi.<\/p>","protected":false},"excerpt":{"rendered":"<p>Esittelyss\u00e4 viimeinen kiusan ja kurin v\u00e4line, t\u00e4m\u00e4 <strong>seksik\u00e4s floggeri<\/strong> on ilmaisupala mihin tahansa kokoelmaan. Ensiluokkaisesta nahasta ja herk\u00e4st\u00e4 pitsist\u00e4 valmistettu se tarjoaa sek\u00e4 tyyli\u00e4 ett\u00e4 toimivuutta.<\/p>","protected":false},"featured_media":50824,"template":"","meta":[],"product_brand":[],"product_cat":[1059,1067],"product_tag":[],"class_list":{"0":"post-50832","1":"product","2":"type-product","3":"status-publish","4":"has-post-thumbnail","6":"product_cat-wholesale-bondage-equipment","7":"product_cat-wholesale-spanking-whips-paddles","8":"pa_color-pink-women-sexy-lingerie","9":"pa_color-purple-women-sexy-lingerie","10":"pa_color-red-women-sexy-lingerie","11":"pa_color-white","12":"pa_size-free","14":"first","15":"instock","16":"taxable","17":"shipping-taxable","18":"purchasable","19":"product-type-variable"},"tiered_pricing_type":"fixed","tiered_pricing_fixed_rules":[],"tiered_pricing_product_settings":{"layout":"table","base_unit_name":{"singular":null,"plural":null},"default_variation":null},"tiered_pricing_minimum_quantity":null,"tiered_pricing_roles_data":[],"tiered_pricing_percentage_rules":[],"tiered_pricing_maximum_quantity":null,"tiered_pricing_quantity_step":null,"_links":{"self":[{"href":"https:\/\/gretasexylingerie.com\/fi\/wp-json\/wp\/v2\/product\/50832","targetHints":{"allow":["GET"]}}],"collection":[{"href":"https:\/\/gretasexylingerie.com\/fi\/wp-json\/wp\/v2\/product"}],"about":[{"href":"https:\/\/gretasexylingerie.com\/fi\/wp-json\/wp\/v2\/types\/product"}],"wp:featuredmedia":[{"embeddable":true,"href":"https:\/\/gretasexylingerie.com\/fi\/wp-json\/wp\/v2\/media\/50824"}],"wp:attachment":[{"href":"https:\/\/gretasexylingerie.com\/fi\/wp-json\/wp\/v2\/media?parent=50832"}],"wp:term":[{"taxonomy":"product_brand","embeddable":true,"href":"https:\/\/gretasexylingerie.com\/fi\/wp-json\/wp\/v2\/product_brand?post=50832"},{"taxonomy":"product_cat","embeddable":true,"href":"https:\/\/gretasexylingerie.com\/fi\/wp-json\/wp\/v2\/product_cat?post=50832"},{"taxonomy":"product_tag","embeddable":true,"href":"https:\/\/gretasexylingerie.com\/fi\/wp-json\/wp\/v2\/product_tag?post=50832"}],"curies":[{"name":"wp","href":"https:\/\/api.w.org\/{rel}","templated":true}]}}