{"id":50761,"date":"2024-04-16T16:48:25","date_gmt":"2024-04-16T08:48:25","guid":{"rendered":"https:\/\/gretasexylingerie.com\/?post_type=product&#038;p=50761"},"modified":"2024-04-17T01:50:26","modified_gmt":"2024-04-16T17:50:26","slug":"tukkumyynti-herkat-shadow-sheer-rintaliivit-ja-pikkuhousut","status":"publish","type":"product","link":"https:\/\/gretasexylingerie.com\/fi\/products\/wholesale-delicate-shadow-sheer-bra-and-panty-set\/","title":{"rendered":"Tukkumyynti Delicate Shadow Sheer rintaliivit ja pikkuhousut"},"content":{"rendered":"<p><strong>Pitsien kuiskauksia<\/strong>: <strong>naisten pitsiset alusvaatteet<\/strong> Tarjoamme tasapainon rohkeutta ja armoa, ja hienot pitsireunat lis\u00e4\u00e4v\u00e4t ripauksen klassista kauneutta rohkeaan l\u00e4pin\u00e4kyv\u00e4\u00e4n kankaaseen.<\/p>\n\n\n\n<p><strong>Taiteellista l\u00e4pin\u00e4kyvyytt\u00e4<\/strong>: T\u00e4ss\u00e4 upeassa setiss\u00e4 on l\u00e4pin\u00e4kyv\u00e4t rintaliivit ja pikkuhousut, jotka leikkiv\u00e4t n\u00e4kyvyyden kanssa, tarjoavat houkuttelevan v\u00e4l\u00e4hdyksen samalla kun ne tarjoavat tyylikk\u00e4\u00e4n peiton ja ilment\u00e4v\u00e4t sen vieh\u00e4tyst\u00e4. <strong>kauniita alusvaatteita<\/strong>.<\/p>\n\n\n\n<p><strong>Muotoiltu siluetti<\/strong>: Rintaliivien harkittu rakenne parantaa luonnollista muotoa, kun taas housujen muotoilu pidentyy ja tasoittuu varmistaen mukavuuden tinkim\u00e4tt\u00e4 alusvaatteiden houkuttelevasta vieh\u00e4tt\u00e4vyydest\u00e4.<\/p>\n\n\n\n<p><strong>Frolicsome tylli yksityiskohdat<\/strong>: Flirttaileva tyllir\u00f6yhel\u00f6 tuo kokonaisuuteen leikkis\u00e4n k\u00e4\u00e4nteen luoden dynaamisen tekstuurien ja muotojen vuorovaikutuksen, joka varmasti houkuttelee.<\/p>\n\n\n\n<p><strong>J\u00e4lleenmyyj\u00e4n unelma<\/strong>: Varusta putiikkisi t\u00e4ll\u00e4 lumoavalla setill\u00e4, joka on helposti saatavilla meid\u00e4n kanssamme <a href=\"https:\/\/gretasexylingerie.com\/fi\/droshpping-alusvaatepalvelu\/\">pudota toimituspalvelu<\/a>, joka tarjoaa ylellisten alusvaatteiden vieh\u00e4tyksen ilman varaston pit\u00e4misen tarvetta.<\/p>\n\n\n\n<p>Kutsu asiakkaasi pukeutumaan Shadow Sheer -rintaliivit ja pikkuhousut -settimme eleganssiin. N\u00e4m\u00e4 sarjat sopivat t\u00e4ydellisesti niille, jotka etsiv\u00e4t ripaus mysteeri\u00e4 mukavuudellaan. N\u00e4m\u00e4 sarjat ovat kankaalle henkil\u00f6kohtaiseen ilmaisuun. Yhdess\u00e4 Greta Sexy Lingerien kanssa valmistat alusvaatteita, jotka puhuvat pehmein kuiskauksin houkuttelevuudesta ja hienostuneisuudesta.<\/p>\n\n\n\n<figure class=\"wp-block-table\">\n<table>\n<tbody>\n<tr>\n<td class=\"has-text-align-center\" colspan=\"6\" data-align=\"center\"><strong>Kokotaulukko (CM)<\/strong><\/td>\n<\/tr>\n<tr>\n<td class=\"has-text-align-center\" data-align=\"center\"><strong>Koko<\/strong><\/td>\n<td class=\"has-text-align-center\" data-align=\"center\"><strong>Rinta (cm)<\/strong><\/td>\n<td class=\"has-text-align-center\" data-align=\"center\"><strong>Pituus (cm)<\/strong><\/td>\n<td class=\"has-text-align-center\" data-align=\"center\"><strong>Vy\u00f6t\u00e4r\u00f6linja (cm)<\/strong><\/td>\n<td class=\"has-text-align-center\" data-align=\"center\"><strong>Housujen pituus (cm)<\/strong><\/td>\n<td class=\"has-text-align-center\" data-align=\"center\"><strong>Vy\u00f6t\u00e4r\u00f6nauha (cm)<\/strong><\/td>\n<\/tr>\n<tr>\n<td class=\"has-text-align-center\" data-align=\"center\">S<\/td>\n<td class=\"has-text-align-center\" data-align=\"center\">64-90<\/td>\n<td class=\"has-text-align-center\" data-align=\"center\">17<\/td>\n<td class=\"has-text-align-center\" data-align=\"center\">68-90<\/td>\n<td class=\"has-text-align-center\" data-align=\"center\">22<\/td>\n<td class=\"has-text-align-center\" data-align=\"center\">60-86<\/td>\n<\/tr>\n<tr>\n<td class=\"has-text-align-center\" data-align=\"center\">M<\/td>\n<td class=\"has-text-align-center\" data-align=\"center\">68-94<\/td>\n<td class=\"has-text-align-center\" data-align=\"center\">18<\/td>\n<td class=\"has-text-align-center\" data-align=\"center\">72-94<\/td>\n<td class=\"has-text-align-center\" data-align=\"center\">23<\/td>\n<td class=\"has-text-align-center\" data-align=\"center\">64-90<\/td>\n<\/tr>\n<tr>\n<td class=\"has-text-align-center\" data-align=\"center\">L<\/td>\n<td class=\"has-text-align-center\" data-align=\"center\">72-98<\/td>\n<td class=\"has-text-align-center\" data-align=\"center\">19<\/td>\n<td class=\"has-text-align-center\" data-align=\"center\">76-98<\/td>\n<td class=\"has-text-align-center\" data-align=\"center\">24<\/td>\n<td class=\"has-text-align-center\" data-align=\"center\">68-94<\/td>\n<\/tr>\n<\/tbody>\n<\/table>\n<\/figure>","protected":false},"excerpt":{"rendered":"<p>Paljasta hillityn kauneuden olemus t\u00e4ll\u00e4 <strong>l\u00e4pin\u00e4kyv\u00e4t rintaliivit ja pikkuhousut<\/strong> setti, t\u00e4ydellinen sekoitus herkk\u00e4\u00e4 pitsi\u00e4 ja l\u00e4pin\u00e4kyv\u00e4\u00e4 hienoutta. T\u00e4m\u00e4 yhtye on kvintessentti <strong>kauniita alusvaatteita<\/strong>, joka tarjoaa eleganssia jokaiseen kerrokseen.<\/p>","protected":false},"featured_media":50740,"template":"","meta":[],"product_brand":[],"product_cat":[368,374,367,375],"product_tag":[868,452,541,875,446],"class_list":{"0":"post-50761","1":"product","2":"type-product","3":"status-publish","4":"has-post-thumbnail","6":"product_cat-bra-panty-set","7":"product_cat-wholesale-garter-belt-set","8":"product_cat-sexy-lingerie","9":"product_cat-whoelsale-sheer-bra-and-panty-sets","10":"product_tag-4-piece-lingerie-set","11":"product_tag-wholesale-boudoir-lingerie","12":"product_tag-fishnet-lingerie","13":"product_tag-lace-sexy-lingerie","14":"product_tag-wholesale-sexy-see-through-lingerie","15":"pa_color-black","16":"pa_color-red-women-sexy-lingerie","17":"pa_size-wholesale-large-size-women-sexy-lingerie","18":"pa_size-wholesale-medium-size-women-sexy-lingerie","19":"pa_size-wholesale-small-size-sexy-lingerie","21":"first","22":"instock","23":"taxable","24":"shipping-taxable","25":"purchasable","26":"product-type-variable"},"tiered_pricing_type":"fixed","tiered_pricing_fixed_rules":[],"tiered_pricing_product_settings":{"layout":"table","base_unit_name":{"singular":null,"plural":null},"default_variation":null},"tiered_pricing_minimum_quantity":null,"tiered_pricing_roles_data":[],"tiered_pricing_percentage_rules":[],"tiered_pricing_maximum_quantity":null,"tiered_pricing_quantity_step":null,"_links":{"self":[{"href":"https:\/\/gretasexylingerie.com\/fi\/wp-json\/wp\/v2\/product\/50761","targetHints":{"allow":["GET"]}}],"collection":[{"href":"https:\/\/gretasexylingerie.com\/fi\/wp-json\/wp\/v2\/product"}],"about":[{"href":"https:\/\/gretasexylingerie.com\/fi\/wp-json\/wp\/v2\/types\/product"}],"wp:featuredmedia":[{"embeddable":true,"href":"https:\/\/gretasexylingerie.com\/fi\/wp-json\/wp\/v2\/media\/50740"}],"wp:attachment":[{"href":"https:\/\/gretasexylingerie.com\/fi\/wp-json\/wp\/v2\/media?parent=50761"}],"wp:term":[{"taxonomy":"product_brand","embeddable":true,"href":"https:\/\/gretasexylingerie.com\/fi\/wp-json\/wp\/v2\/product_brand?post=50761"},{"taxonomy":"product_cat","embeddable":true,"href":"https:\/\/gretasexylingerie.com\/fi\/wp-json\/wp\/v2\/product_cat?post=50761"},{"taxonomy":"product_tag","embeddable":true,"href":"https:\/\/gretasexylingerie.com\/fi\/wp-json\/wp\/v2\/product_tag?post=50761"}],"curies":[{"name":"wp","href":"https:\/\/api.w.org\/{rel}","templated":true}]}}