{"id":50716,"date":"2024-04-16T16:46:14","date_gmt":"2024-04-16T08:46:14","guid":{"rendered":"https:\/\/gretasexylingerie.com\/?post_type=product&#038;p=50716"},"modified":"2024-04-17T01:41:11","modified_gmt":"2024-04-16T17:41:11","slug":"tukku-kukkakirjontaverkko-alusvaatesarja","status":"publish","type":"product","link":"https:\/\/gretasexylingerie.com\/fi\/products\/wholesale-blossom-embroidery-mesh-underwire-lingerie-set\/","title":{"rendered":"Tukkukauppa Blossom Embroidery Mesh Underwire Alusvaatteet Set"},"content":{"rendered":"<p><strong>Kukkafantasia<\/strong>: Monimutkaiset v\u00e4rikk\u00e4iden brodeerausten kukinnot koristavat t\u00e4m\u00e4n alusvaatteen l\u00e4pin\u00e4kyv\u00e4\u00e4 verkkoa ja lis\u00e4\u00e4v\u00e4t klassikkoon puutarhamaista raikkautta ja eloisuutta <strong>valkoinen bralette setti<\/strong>.<\/p>\n\n\n\n<p><strong>Underwire Elegance<\/strong>: Aluslangalliset rintaliivit tarjoavat sek\u00e4 tukea ett\u00e4 muotoa, mik\u00e4 varmistaa, ett\u00e4 kauneus ei mene mukavuuden kustannuksella <strong>kukkakirjontaverkko alusasusarja<\/strong>.<\/p>\n\n\n\n<p><strong>Makea Sheerness<\/strong>: Sarjan l\u00e4pin\u00e4kyv\u00e4 kangas kutsuu leikkis\u00e4\u00e4n paljastamis- ja piilottelupeliin, joka peitt\u00e4\u00e4 vartalon hell\u00e4varaisesti tuskin n\u00e4kyv\u00e4ll\u00e4 verholla, joka kuiskaa vieh\u00e4tyst\u00e4 ja hienostuneisuutta.<\/p>\n\n\n\n<p><strong>Lumoava Ensemble<\/strong>: T\u00e4m\u00e4 alusasusetti on t\u00e4ydellinen kokonaisuus, jossa on yhteensopivia sukkanauhaa ja reiteen ulottuvia koristeita.<\/p>\n\n\n\n<p><strong>Saumattomat sukat<\/strong>: J\u00e4lleenmyyj\u00e4t voivat luottavaisesti esitell\u00e4 t\u00e4m\u00e4n houkuttelevan sarjan tuen ansiosta <a href=\"https:\/\/gretasexylingerie.com\/fi\/droshpping-alusvaatepalvelu\/\">pudota toimituspalvelu<\/a>, joka tarjoaa virtaviivaistetun tavan tarjota luksusta ilman huolta v\u00e4himm\u00e4istilauksista.<\/p>\n\n\n\n<p>Hemmottele asiakkaidesi toivetta hienoista yksityiskohdista t\u00e4ll\u00e4 <strong>brodeeratut rintaliivit pikkuhoususetti<\/strong>. Pyyd\u00e4 heit\u00e4 kutomaan tarina eleganssista ja vieh\u00e4tt\u00e4vyydest\u00e4 jokaiseen pukemaansa kerrokseen. Ota yhteytt\u00e4 Greta Sexy Lingerieen jo t\u00e4n\u00e4\u00e4n ja sis\u00e4llyt\u00e4 t\u00e4m\u00e4 kiehtova setti myym\u00e4l\u00e4\u00e4si, jossa jokainen kappale kukoistaa muotipuutarhassa.<\/p>\n\n\n\n<figure class=\"wp-block-table\">\n<table>\n<tbody>\n<tr>\n<td class=\"has-text-align-center\" colspan=\"6\" data-align=\"center\"><strong>Kokotaulukko (CM)<\/strong><\/td>\n<\/tr>\n<tr>\n<td class=\"has-text-align-center\" data-align=\"center\"><strong>Koko<\/strong><\/td>\n<td class=\"has-text-align-center\" data-align=\"center\"><strong>Housut (cm)<\/strong><\/td>\n<td class=\"has-text-align-center\" data-align=\"center\"><strong>Rinta (cm)<\/strong><\/td>\n<td class=\"has-text-align-center\" data-align=\"center\"><strong>Pituus (cm)<\/strong><\/td>\n<td class=\"has-text-align-center\" data-align=\"center\"><strong>Vy\u00f6t\u00e4r\u00f6 (cm)<\/strong><\/td>\n<td class=\"has-text-align-center\" data-align=\"center\"><strong>Housujen pituus (cm)<\/strong><\/td>\n<\/tr>\n<tr>\n<td class=\"has-text-align-center\" data-align=\"center\">S<\/td>\n<td class=\"has-text-align-center\" data-align=\"center\">67<\/td>\n<td class=\"has-text-align-center\" data-align=\"center\">15<\/td>\n<td class=\"has-text-align-center\" data-align=\"center\">68<\/td>\n<td class=\"has-text-align-center\" data-align=\"center\">24<\/td>\n<td class=\"has-text-align-center\" data-align=\"center\">64<\/td>\n<\/tr>\n<tr>\n<td class=\"has-text-align-center\" data-align=\"center\">M<\/td>\n<td class=\"has-text-align-center\" data-align=\"center\">71<\/td>\n<td class=\"has-text-align-center\" data-align=\"center\">16<\/td>\n<td class=\"has-text-align-center\" data-align=\"center\">72<\/td>\n<td class=\"has-text-align-center\" data-align=\"center\">25<\/td>\n<td class=\"has-text-align-center\" data-align=\"center\">68<\/td>\n<\/tr>\n<tr>\n<td class=\"has-text-align-center\" data-align=\"center\">L<\/td>\n<td class=\"has-text-align-center\" data-align=\"center\">75<\/td>\n<td class=\"has-text-align-center\" data-align=\"center\">17<\/td>\n<td class=\"has-text-align-center\" data-align=\"center\">76<\/td>\n<td class=\"has-text-align-center\" data-align=\"center\">26<\/td>\n<td class=\"has-text-align-center\" data-align=\"center\">72<\/td>\n<\/tr>\n<\/tbody>\n<\/table>\n<\/figure>\n\n\n\n<figure class=\"wp-block-table\">\n<table>\n<tbody>\n<tr>\n<td class=\"has-text-align-center\" colspan=\"6\" data-align=\"center\"><strong>Kokotaulukko (TUUMA)<\/strong><\/td>\n<\/tr>\n<tr>\n<td class=\"has-text-align-center\" data-align=\"center\"><strong>Koko<\/strong><\/td>\n<td class=\"has-text-align-center\" data-align=\"center\"><strong>Housut (sis\u00e4\u00e4n)<\/strong><\/td>\n<td class=\"has-text-align-center\" data-align=\"center\"><strong>Rinta (sis\u00e4\u00e4n)<\/strong><\/td>\n<td class=\"has-text-align-center\" data-align=\"center\"><strong>Pituus (in)<\/strong><\/td>\n<td class=\"has-text-align-center\" data-align=\"center\"><strong>Vy\u00f6t\u00e4r\u00f6 (sis\u00e4\u00e4n)<\/strong><\/td>\n<td class=\"has-text-align-center\" data-align=\"center\"><strong>Housujen pituus (in)<\/strong><\/td>\n<\/tr>\n<tr>\n<td class=\"has-text-align-center\" data-align=\"center\">S<\/td>\n<td class=\"has-text-align-center\" data-align=\"center\">26.38<\/td>\n<td class=\"has-text-align-center\" data-align=\"center\">5.91<\/td>\n<td class=\"has-text-align-center\" data-align=\"center\">26.77<\/td>\n<td class=\"has-text-align-center\" data-align=\"center\">9.45<\/td>\n<td class=\"has-text-align-center\" data-align=\"center\">25.20<\/td>\n<\/tr>\n<tr>\n<td class=\"has-text-align-center\" data-align=\"center\">M<\/td>\n<td class=\"has-text-align-center\" data-align=\"center\">27.95<\/td>\n<td class=\"has-text-align-center\" data-align=\"center\">6.30<\/td>\n<td class=\"has-text-align-center\" data-align=\"center\">28.35<\/td>\n<td class=\"has-text-align-center\" data-align=\"center\">9.84<\/td>\n<td class=\"has-text-align-center\" data-align=\"center\">26.77<\/td>\n<\/tr>\n<tr>\n<td class=\"has-text-align-center\" data-align=\"center\">L<\/td>\n<td class=\"has-text-align-center\" data-align=\"center\">29.53<\/td>\n<td class=\"has-text-align-center\" data-align=\"center\">6.69<\/td>\n<td class=\"has-text-align-center\" data-align=\"center\">29.92<\/td>\n<td class=\"has-text-align-center\" data-align=\"center\">10.24<\/td>\n<td class=\"has-text-align-center\" data-align=\"center\">28.35<\/td>\n<\/tr>\n<\/tbody>\n<\/table>\n<\/figure>","protected":false},"excerpt":{"rendered":"<p>T\u00e4m\u00e4 <strong>brodeeratut rintaliivit pikkuhoususetti<\/strong> huokuu romantiikkaa herkk\u00e4 kukkakirjonta hienon verkon p\u00e4\u00e4ll\u00e4. The <strong>valkoinen bralette setti<\/strong> on langallinen tukea varten, suunniteltu intiimi yhdistelm\u00e4 mukavuutta ja kauneutta.<\/p>","protected":false},"featured_media":50712,"template":"","meta":[],"product_brand":[],"product_cat":[368,367,375],"product_tag":[507,454,524,510,446,865],"class_list":{"0":"post-50716","1":"product","2":"type-product","3":"status-publish","4":"has-post-thumbnail","6":"product_cat-bra-panty-set","7":"product_cat-sexy-lingerie","8":"product_cat-whoelsale-sheer-bra-and-panty-sets","9":"product_tag-three-pcs-set","10":"product_tag-wholesale-sexy-embroidered-lingerie","11":"product_tag-metal-lingerie","12":"product_tag-ruffles-lingerie","13":"product_tag-wholesale-sexy-see-through-lingerie","14":"product_tag-sexy-skimpy-lingerie","15":"pa_color-white","16":"pa_size-wholesale-large-size-women-sexy-lingerie","17":"pa_size-wholesale-medium-size-women-sexy-lingerie","18":"pa_size-wholesale-small-size-sexy-lingerie","20":"first","21":"instock","22":"taxable","23":"shipping-taxable","24":"purchasable","25":"product-type-variable"},"tiered_pricing_type":"fixed","tiered_pricing_fixed_rules":[],"tiered_pricing_product_settings":{"layout":"table","base_unit_name":{"singular":null,"plural":null},"default_variation":null},"tiered_pricing_minimum_quantity":null,"tiered_pricing_roles_data":[],"tiered_pricing_percentage_rules":[],"tiered_pricing_maximum_quantity":null,"tiered_pricing_quantity_step":null,"_links":{"self":[{"href":"https:\/\/gretasexylingerie.com\/fi\/wp-json\/wp\/v2\/product\/50716","targetHints":{"allow":["GET"]}}],"collection":[{"href":"https:\/\/gretasexylingerie.com\/fi\/wp-json\/wp\/v2\/product"}],"about":[{"href":"https:\/\/gretasexylingerie.com\/fi\/wp-json\/wp\/v2\/types\/product"}],"wp:featuredmedia":[{"embeddable":true,"href":"https:\/\/gretasexylingerie.com\/fi\/wp-json\/wp\/v2\/media\/50712"}],"wp:attachment":[{"href":"https:\/\/gretasexylingerie.com\/fi\/wp-json\/wp\/v2\/media?parent=50716"}],"wp:term":[{"taxonomy":"product_brand","embeddable":true,"href":"https:\/\/gretasexylingerie.com\/fi\/wp-json\/wp\/v2\/product_brand?post=50716"},{"taxonomy":"product_cat","embeddable":true,"href":"https:\/\/gretasexylingerie.com\/fi\/wp-json\/wp\/v2\/product_cat?post=50716"},{"taxonomy":"product_tag","embeddable":true,"href":"https:\/\/gretasexylingerie.com\/fi\/wp-json\/wp\/v2\/product_tag?post=50716"}],"curies":[{"name":"wp","href":"https:\/\/api.w.org\/{rel}","templated":true}]}}