{"id":50696,"date":"2024-04-16T16:45:00","date_gmt":"2024-04-16T08:45:00","guid":{"rendered":"https:\/\/gretasexylingerie.com\/?post_type=product&#038;p=50696"},"modified":"2024-04-17T01:36:55","modified_gmt":"2024-04-16T17:36:55","slug":"tukkumyynti-elegance-lapinakyvat-rintaliivit-ja-pikkuhousut-henkselien-kanssa","status":"publish","type":"product","link":"https:\/\/gretasexylingerie.com\/fi\/products\/wholesale-elegance-sheer-bra-and-panty-ensemble-with-suspenders\/","title":{"rendered":"Tukkumyynti Elegance Sheer rintaliivit ja pikkuhousut henkselien kanssa"},"content":{"rendered":"<p><strong>Gossamer langat<\/strong>: Hienolankaiset rintaliivit ja pikkuhousut, joissa on puolil\u00e4pin\u00e4kyv\u00e4 kangas, tarjoaa houkuttelevan ilmeen s\u00e4ilytt\u00e4en samalla arvokkaan ylellisyyden ilmapiirin, t\u00e4ydellinen niille, jotka arvostavat n\u00e4kyvyyden ja ehdotuksen herkk\u00e4\u00e4 vuorovaikutusta.<\/p>\n\n\n\n<p><strong>Supender Statement<\/strong>: Vy\u00f6t\u00e4r\u00f6\u00e4 korostavat ja silm\u00e4\u00e4 kiinnitt\u00e4v\u00e4t tyylikk\u00e4\u00e4t henkselit lis\u00e4\u00e4v\u00e4t t\u00e4h\u00e4n sarjaan sek\u00e4 muotoa ett\u00e4 toimivuutta, kehyst\u00e4v\u00e4t lantiota ja reisi\u00e4 korkeamman alusasukokemuksen saavuttamiseksi.<\/p>\n\n\n\n<p><strong>Midnight Allure<\/strong>: Setin syv\u00e4musta s\u00e4vy kertoo \u00f6ist\u00e4, jotka ovat t\u00e4ynn\u00e4 romantiikkaa ja arvoitusta, joten se on olennainen lis\u00e4 kaikille, jotka haluavat t\u00e4ytt\u00e4\u00e4 alusvaatelaatikkoonsa ajatonta eleganssia.<\/p>\n\n\n\n<p><strong>Luxe Comfort<\/strong>: Monimutkaisesta ulkon\u00e4\u00f6st\u00e4 huolimatta mukavuudesta ei tingit\u00e4. Pehme\u00e4t kankaat ja s\u00e4\u00e4dett\u00e4v\u00e4t olkaimet varmistavat, ett\u00e4 tyyli ja k\u00e4ytett\u00e4vyys kulkevat k\u00e4si k\u00e4dess\u00e4 ja ilment\u00e4v\u00e4t ylellisyyden m\u00e4\u00e4ritelm\u00e4\u00e4.<\/p>\n\n\n\n<p><strong>V\u00e4hitt\u00e4iskaupan t\u00e4ydellisyys<\/strong>: T\u00e4m\u00e4 alusvaatesetti, saatavana meid\u00e4n kauttamme <a href=\"https:\/\/gretasexylingerie.com\/fi\/droshpping-alusvaatepalvelu\/\">pudota toimituspalvelu<\/a>, tarjoaa saumattoman siirtymisen mallistosta asiakkaasi vaatekaappiin ilman v\u00e4himm\u00e4istilausm\u00e4\u00e4ri\u00e4, mik\u00e4 virtaviivaistaa monipuolisen ja houkuttelevan varaston kuratointiprosessia.<\/p>\n\n\n\n<p>Nauti illasta Sable Elegance Sheer -rintaliivien ja housujen henkselien kanssa. T\u00e4m\u00e4 setti on t\u00e4ydellinen lis\u00e4\u00e4m\u00e4\u00e4n hienostuneisuutta mihin tahansa erityiseen tilaisuuteen, ja se lupaa lumoa. Ota yhteytt\u00e4 Greta Sexy Lingerieen tehd\u00e4ksesi t\u00e4st\u00e4 upeasta setist\u00e4 osa tarjontaasi.<\/p>\n\n\n\n<figure class=\"wp-block-table\">\n<table>\n<tbody>\n<tr>\n<td class=\"has-text-align-center\" colspan=\"6\" data-align=\"center\"><strong>Kokotaulukko (CM)<\/strong><\/td>\n<\/tr>\n<tr>\n<td class=\"has-text-align-center\" data-align=\"center\"><strong>Koko<\/strong><\/td>\n<td class=\"has-text-align-center\" data-align=\"center\"><strong>Rinta (cm)<\/strong><\/td>\n<td class=\"has-text-align-center\" data-align=\"center\"><strong>Pituus (cm)<\/strong><\/td>\n<td class=\"has-text-align-center\" data-align=\"center\"><strong>Vy\u00f6t\u00e4r\u00f6 (cm)<\/strong><\/td>\n<td class=\"has-text-align-center\" data-align=\"center\"><strong>Housujen pituus (cm)<\/strong><\/td>\n<td class=\"has-text-align-center\" data-align=\"center\"><strong>Vy\u00f6t\u00e4r\u00f6nauha (cm)<\/strong><\/td>\n<\/tr>\n<tr>\n<td class=\"has-text-align-center\" data-align=\"center\">S<\/td>\n<td class=\"has-text-align-center\" data-align=\"center\">68-90<\/td>\n<td class=\"has-text-align-center\" data-align=\"center\">15<\/td>\n<td class=\"has-text-align-center\" data-align=\"center\">70-96<\/td>\n<td class=\"has-text-align-center\" data-align=\"center\">22<\/td>\n<td class=\"has-text-align-center\" data-align=\"center\">64-88<\/td>\n<\/tr>\n<tr>\n<td class=\"has-text-align-center\" data-align=\"center\">M<\/td>\n<td class=\"has-text-align-center\" data-align=\"center\">72-94<\/td>\n<td class=\"has-text-align-center\" data-align=\"center\">16<\/td>\n<td class=\"has-text-align-center\" data-align=\"center\">74-100<\/td>\n<td class=\"has-text-align-center\" data-align=\"center\">23<\/td>\n<td class=\"has-text-align-center\" data-align=\"center\">68-92<\/td>\n<\/tr>\n<tr>\n<td class=\"has-text-align-center\" data-align=\"center\">L<\/td>\n<td class=\"has-text-align-center\" data-align=\"center\">76-98<\/td>\n<td class=\"has-text-align-center\" data-align=\"center\">17<\/td>\n<td class=\"has-text-align-center\" data-align=\"center\">78-104<\/td>\n<td class=\"has-text-align-center\" data-align=\"center\">24<\/td>\n<td class=\"has-text-align-center\" data-align=\"center\">72-96<\/td>\n<\/tr>\n<\/tbody>\n<\/table>\n<\/figure>\n\n\n\n<figure class=\"wp-block-table\">\n<table>\n<tbody>\n<tr>\n<td class=\"has-text-align-center\" colspan=\"6\" data-align=\"center\"><strong>Kokotaulukko (TUUMA)<\/strong><\/td>\n<\/tr>\n<tr>\n<td class=\"has-text-align-center\" data-align=\"center\"><strong>Koko<\/strong><\/td>\n<td class=\"has-text-align-center\" data-align=\"center\"><strong>Rinta (sis\u00e4\u00e4n)<\/strong><\/td>\n<td class=\"has-text-align-center\" data-align=\"center\"><strong>Pituus (in)<\/strong><\/td>\n<td class=\"has-text-align-center\" data-align=\"center\"><strong>Vy\u00f6t\u00e4r\u00f6 (sis\u00e4\u00e4n)<\/strong><\/td>\n<td class=\"has-text-align-center\" data-align=\"center\"><strong>Housujen pituus (in)<\/strong><\/td>\n<td class=\"has-text-align-center\" data-align=\"center\"><strong>Vy\u00f6t\u00e4r\u00f6ll\u00e4 sukkanauha (sis\u00e4\u00e4n)<\/strong><\/td>\n<\/tr>\n<tr>\n<td class=\"has-text-align-center\" data-align=\"center\">S<\/td>\n<td class=\"has-text-align-center\" data-align=\"center\">26.77-35.43<\/td>\n<td class=\"has-text-align-center\" data-align=\"center\">5.91<\/td>\n<td class=\"has-text-align-center\" data-align=\"center\">27.56-37.80<\/td>\n<td class=\"has-text-align-center\" data-align=\"center\">8.66<\/td>\n<td class=\"has-text-align-center\" data-align=\"center\">25.20-34.65<\/td>\n<\/tr>\n<tr>\n<td class=\"has-text-align-center\" data-align=\"center\">M<\/td>\n<td class=\"has-text-align-center\" data-align=\"center\">28.35-37.01<\/td>\n<td class=\"has-text-align-center\" data-align=\"center\">6.30<\/td>\n<td class=\"has-text-align-center\" data-align=\"center\">29.13-39.37<\/td>\n<td class=\"has-text-align-center\" data-align=\"center\">9.06<\/td>\n<td class=\"has-text-align-center\" data-align=\"center\">26.77-36.22<\/td>\n<\/tr>\n<tr>\n<td class=\"has-text-align-center\" data-align=\"center\">L<\/td>\n<td class=\"has-text-align-center\" data-align=\"center\">29.92-38.58<\/td>\n<td class=\"has-text-align-center\" data-align=\"center\">6.69<\/td>\n<td class=\"has-text-align-center\" data-align=\"center\">30.71-40.94<\/td>\n<td class=\"has-text-align-center\" data-align=\"center\">9.45<\/td>\n<td class=\"has-text-align-center\" data-align=\"center\">28.35-37.80<\/td>\n<\/tr>\n<\/tbody>\n<\/table>\n<\/figure>","protected":false},"excerpt":{"rendered":"<p>Esittelyss\u00e4 Sable Elegance Collection, meid\u00e4n <strong>l\u00e4pin\u00e4kyv\u00e4t rintaliivit ja pikkuhousut<\/strong> jotka yhdist\u00e4v\u00e4t herkk\u00e4\u00e4 lankaty\u00f6t\u00e4 mustan rohkeuden kanssa. T\u00e4m\u00e4 hienostunut <strong>mustat alushousut ja henkselit<\/strong> on suunniteltu luomaan mysteerin ja vieh\u00e4tyksen aura.<\/p>","protected":false},"featured_media":50682,"template":"","meta":[],"product_brand":[],"product_cat":[368,369,367],"product_tag":[507,452,875,446],"class_list":{"0":"post-50696","1":"product","2":"type-product","3":"status-publish","4":"has-post-thumbnail","6":"product_cat-bra-panty-set","7":"product_cat-wholesale-lace-bra-and-panty-sets","8":"product_cat-sexy-lingerie","9":"product_tag-three-pcs-set","10":"product_tag-wholesale-boudoir-lingerie","11":"product_tag-lace-sexy-lingerie","12":"product_tag-wholesale-sexy-see-through-lingerie","13":"pa_color-black","14":"pa_size-wholesale-large-size-women-sexy-lingerie","15":"pa_size-wholesale-medium-size-women-sexy-lingerie","16":"pa_size-wholesale-small-size-sexy-lingerie","18":"first","19":"instock","20":"taxable","21":"shipping-taxable","22":"purchasable","23":"product-type-variable"},"tiered_pricing_type":"fixed","tiered_pricing_fixed_rules":[],"tiered_pricing_product_settings":{"layout":"table","base_unit_name":{"singular":null,"plural":null},"default_variation":null},"tiered_pricing_minimum_quantity":null,"tiered_pricing_roles_data":[],"tiered_pricing_percentage_rules":[],"tiered_pricing_maximum_quantity":null,"tiered_pricing_quantity_step":null,"_links":{"self":[{"href":"https:\/\/gretasexylingerie.com\/fi\/wp-json\/wp\/v2\/product\/50696","targetHints":{"allow":["GET"]}}],"collection":[{"href":"https:\/\/gretasexylingerie.com\/fi\/wp-json\/wp\/v2\/product"}],"about":[{"href":"https:\/\/gretasexylingerie.com\/fi\/wp-json\/wp\/v2\/types\/product"}],"wp:featuredmedia":[{"embeddable":true,"href":"https:\/\/gretasexylingerie.com\/fi\/wp-json\/wp\/v2\/media\/50682"}],"wp:attachment":[{"href":"https:\/\/gretasexylingerie.com\/fi\/wp-json\/wp\/v2\/media?parent=50696"}],"wp:term":[{"taxonomy":"product_brand","embeddable":true,"href":"https:\/\/gretasexylingerie.com\/fi\/wp-json\/wp\/v2\/product_brand?post=50696"},{"taxonomy":"product_cat","embeddable":true,"href":"https:\/\/gretasexylingerie.com\/fi\/wp-json\/wp\/v2\/product_cat?post=50696"},{"taxonomy":"product_tag","embeddable":true,"href":"https:\/\/gretasexylingerie.com\/fi\/wp-json\/wp\/v2\/product_tag?post=50696"}],"curies":[{"name":"wp","href":"https:\/\/api.w.org\/{rel}","templated":true}]}}