{"id":50657,"date":"2024-04-16T16:43:07","date_gmt":"2024-04-16T08:43:07","guid":{"rendered":"https:\/\/gretasexylingerie.com\/?post_type=product&#038;p=50657"},"modified":"2024-04-17T01:25:36","modified_gmt":"2024-04-16T17:25:36","slug":"tukkumyynti-laventeli-whisper-lapinakyva-balconette-alusasusetti","status":"publish","type":"product","link":"https:\/\/gretasexylingerie.com\/fi\/products\/wholesale-lavender-whisper-sheer-balconette-lingerie-set\/","title":{"rendered":"Tukku Lavender Whisper Sheer Balconette Alusvaatteet Set"},"content":{"rendered":"<p><strong>Kukkafantasia<\/strong>: Monimutkainen l\u00e4pin\u00e4kyv\u00e4 kukkainen pitsikuvio koristaa hell\u00e4varaisesti rintaliivit ja pikkuhousut tarjoten v\u00e4l\u00e4hdyksen romantiikkaa ja taiteellisuutta, joka muuttaa vartalon eteerisen kauneuden puutarhaksi.<\/p>\n\n\n\n<p><strong>Makea Laventelin charmi<\/strong>: Pehme\u00e4\u00e4n purppuranv\u00e4riseen s\u00e4vyyn verhottu alusasusetti huokuu rauhallista hienostuneisuutta, mik\u00e4 mahdollistaa leikkis\u00e4n mutta s\u00e4velletyn alusvaatteen tarinan.<\/p>\n\n\n\n<p><strong>Parvekkeen kirkkaus<\/strong>: Balconette-rintaliivien rakenne tarjoaa kohottavan syleilyn ja tuo esiin imartelevan siluetin ja pysyy uskollisena ylellisilt\u00e4 alusvaatteilta odotetulle mukavuudelle.<\/p>\n\n\n\n<p><strong>Hienovaraista l\u00e4pin\u00e4kyvyytt\u00e4<\/strong>: T\u00e4m\u00e4 <strong>l\u00e4pikuultavat kukkaiset alusvaatteet<\/strong> sarja on osoitus n\u00e4hdyn ja n\u00e4kym\u00e4t\u00f6n vieh\u00e4tyksest\u00e4, ja sen l\u00e4pikuultava kangas toimii mystiikan verhona.<\/p>\n\n\n\n<p><strong>Ensemble Excellence<\/strong>: Tarjotaan meid\u00e4n tehokas <a href=\"https:\/\/gretasexylingerie.com\/fi\/droshpping-alusvaatepalvelu\/\">pudota toimituspalvelu<\/a>, t\u00e4m\u00e4 setti on helppo varastoida, ja se t\u00e4ytt\u00e4\u00e4 asiakaskuntasi toiveet eleganssista ilman ylim\u00e4\u00e4r\u00e4ist\u00e4 varastoa.<\/p>\n\n\n\n<p>Lahjoita Lavender Whisper Sheer Balconette Alusvaatteet Set kokoelmaasi ja katso, kuinka se muuttaa toiveet todeksi. Ota yhteytt\u00e4 Greta Sexy Lingerieen ja hanki t\u00e4m\u00e4 setti, jossa jokainen kappale puhuu paljon pitsin ja ylellisyyden kielell\u00e4.<\/p>\n\n\n\n<figure class=\"wp-block-table\">\n<table>\n<tbody>\n<tr>\n<td class=\"has-text-align-center\" colspan=\"6\" data-align=\"center\"><strong>Kokotaulukko (CM)<\/strong><\/td>\n<\/tr>\n<tr>\n<td class=\"has-text-align-center\" data-align=\"center\"><strong>Koko<\/strong><\/td>\n<td class=\"has-text-align-center\" data-align=\"center\"><strong>Rinta (cm)<\/strong><\/td>\n<td class=\"has-text-align-center\" data-align=\"center\"><strong>Pituus (cm)<\/strong><\/td>\n<td class=\"has-text-align-center\" data-align=\"center\"><strong>Vy\u00f6t\u00e4r\u00f6 (cm)<\/strong><\/td>\n<td class=\"has-text-align-center\" data-align=\"center\"><strong>Housujen pituus (cm)<\/strong><\/td>\n<td class=\"has-text-align-center\" data-align=\"center\"><strong>Vy\u00f6t\u00e4r\u00f6nauha (cm)<\/strong><\/td>\n<\/tr>\n<tr>\n<td class=\"has-text-align-center\" data-align=\"center\">S<\/td>\n<td class=\"has-text-align-center\" data-align=\"center\">64<\/td>\n<td class=\"has-text-align-center\" data-align=\"center\">13<\/td>\n<td class=\"has-text-align-center\" data-align=\"center\">72<\/td>\n<td class=\"has-text-align-center\" data-align=\"center\">19.5<\/td>\n<td class=\"has-text-align-center\" data-align=\"center\">62<\/td>\n<\/tr>\n<tr>\n<td class=\"has-text-align-center\" data-align=\"center\">M<\/td>\n<td class=\"has-text-align-center\" data-align=\"center\">68<\/td>\n<td class=\"has-text-align-center\" data-align=\"center\">14<\/td>\n<td class=\"has-text-align-center\" data-align=\"center\">76<\/td>\n<td class=\"has-text-align-center\" data-align=\"center\">20.5<\/td>\n<td class=\"has-text-align-center\" data-align=\"center\">64<\/td>\n<\/tr>\n<tr>\n<td class=\"has-text-align-center\" data-align=\"center\">L<\/td>\n<td class=\"has-text-align-center\" data-align=\"center\">72<\/td>\n<td class=\"has-text-align-center\" data-align=\"center\">15<\/td>\n<td class=\"has-text-align-center\" data-align=\"center\">80<\/td>\n<td class=\"has-text-align-center\" data-align=\"center\">21.5<\/td>\n<td class=\"has-text-align-center\" data-align=\"center\">68<\/td>\n<\/tr>\n<\/tbody>\n<\/table>\n<\/figure>\n\n\n\n<figure class=\"wp-block-table\">\n<table>\n<tbody>\n<tr>\n<td class=\"has-text-align-center\" colspan=\"6\" data-align=\"center\"><strong>Kokotaulukko (TUUMA)<\/strong><\/td>\n<\/tr>\n<tr>\n<td class=\"has-text-align-center\" data-align=\"center\"><strong>Koko<\/strong><\/td>\n<td class=\"has-text-align-center\" data-align=\"center\"><strong>Rinta (sis\u00e4\u00e4n)<\/strong><\/td>\n<td class=\"has-text-align-center\" data-align=\"center\"><strong>Pituus (in)<\/strong><\/td>\n<td class=\"has-text-align-center\" data-align=\"center\"><strong>Vy\u00f6t\u00e4r\u00f6 (sis\u00e4\u00e4n)<\/strong><\/td>\n<td class=\"has-text-align-center\" data-align=\"center\"><strong>Housujen pituus (in)<\/strong><\/td>\n<td class=\"has-text-align-center\" data-align=\"center\"><strong>Vy\u00f6t\u00e4r\u00f6nauha (sis\u00e4\u00e4n)<\/strong><\/td>\n<\/tr>\n<tr>\n<td class=\"has-text-align-center\" data-align=\"center\">S<\/td>\n<td class=\"has-text-align-center\" data-align=\"center\">25.20<\/td>\n<td class=\"has-text-align-center\" data-align=\"center\">5.12<\/td>\n<td class=\"has-text-align-center\" data-align=\"center\">28.35<\/td>\n<td class=\"has-text-align-center\" data-align=\"center\">7.68<\/td>\n<td class=\"has-text-align-center\" data-align=\"center\">24.41<\/td>\n<\/tr>\n<tr>\n<td class=\"has-text-align-center\" data-align=\"center\">M<\/td>\n<td class=\"has-text-align-center\" data-align=\"center\">26.77<\/td>\n<td class=\"has-text-align-center\" data-align=\"center\">5.51<\/td>\n<td class=\"has-text-align-center\" data-align=\"center\">29.92<\/td>\n<td class=\"has-text-align-center\" data-align=\"center\">8.07<\/td>\n<td class=\"has-text-align-center\" data-align=\"center\">25.20<\/td>\n<\/tr>\n<tr>\n<td class=\"has-text-align-center\" data-align=\"center\">L<\/td>\n<td class=\"has-text-align-center\" data-align=\"center\">28.35<\/td>\n<td class=\"has-text-align-center\" data-align=\"center\">5.91<\/td>\n<td class=\"has-text-align-center\" data-align=\"center\">31.50<\/td>\n<td class=\"has-text-align-center\" data-align=\"center\">8.46<\/td>\n<td class=\"has-text-align-center\" data-align=\"center\">26.77<\/td>\n<\/tr>\n<\/tbody>\n<\/table>\n<\/figure>","protected":false},"excerpt":{"rendered":"<p>Pyyd\u00e4 ripaus armoa kanssamme <strong>violetti rintaliivit ja alusvaatteet setti<\/strong>, jossa on herkki\u00e4 kukkayksityiskohtia, jotka kukkivat l\u00e4pin\u00e4kyv\u00e4n kangaskankaan poikki. T\u00e4m\u00e4 <strong>balconette rintaliivit ja pikkuhousut setti<\/strong> on runollinen sekoitus tukea ja vieh\u00e4tyst\u00e4, suunniteltu hillitty\u00e4 eleganssia varten.<\/p>","protected":false},"featured_media":50641,"template":"","meta":[],"product_brand":[],"product_cat":[368,369,367],"product_tag":[507,452,528,875,453,865],"class_list":{"0":"post-50657","1":"product","2":"type-product","3":"status-publish","4":"has-post-thumbnail","6":"product_cat-bra-panty-set","7":"product_cat-wholesale-lace-bra-and-panty-sets","8":"product_cat-sexy-lingerie","9":"product_tag-three-pcs-set","10":"product_tag-wholesale-boudoir-lingerie","11":"product_tag-halter-lingerie","12":"product_tag-lace-sexy-lingerie","13":"product_tag-wholesale-sexy-naughty-lingerie","14":"product_tag-sexy-skimpy-lingerie","15":"pa_color-purple-women-sexy-lingerie","16":"pa_size-wholesale-large-size-women-sexy-lingerie","17":"pa_size-wholesale-medium-size-women-sexy-lingerie","18":"pa_size-wholesale-small-size-sexy-lingerie","20":"first","21":"instock","22":"taxable","23":"shipping-taxable","24":"purchasable","25":"product-type-variable"},"tiered_pricing_type":"fixed","tiered_pricing_fixed_rules":[],"tiered_pricing_product_settings":{"layout":"table","base_unit_name":{"singular":null,"plural":null},"default_variation":null},"tiered_pricing_minimum_quantity":null,"tiered_pricing_roles_data":[],"tiered_pricing_percentage_rules":[],"tiered_pricing_maximum_quantity":null,"tiered_pricing_quantity_step":null,"_links":{"self":[{"href":"https:\/\/gretasexylingerie.com\/fi\/wp-json\/wp\/v2\/product\/50657","targetHints":{"allow":["GET"]}}],"collection":[{"href":"https:\/\/gretasexylingerie.com\/fi\/wp-json\/wp\/v2\/product"}],"about":[{"href":"https:\/\/gretasexylingerie.com\/fi\/wp-json\/wp\/v2\/types\/product"}],"wp:featuredmedia":[{"embeddable":true,"href":"https:\/\/gretasexylingerie.com\/fi\/wp-json\/wp\/v2\/media\/50641"}],"wp:attachment":[{"href":"https:\/\/gretasexylingerie.com\/fi\/wp-json\/wp\/v2\/media?parent=50657"}],"wp:term":[{"taxonomy":"product_brand","embeddable":true,"href":"https:\/\/gretasexylingerie.com\/fi\/wp-json\/wp\/v2\/product_brand?post=50657"},{"taxonomy":"product_cat","embeddable":true,"href":"https:\/\/gretasexylingerie.com\/fi\/wp-json\/wp\/v2\/product_cat?post=50657"},{"taxonomy":"product_tag","embeddable":true,"href":"https:\/\/gretasexylingerie.com\/fi\/wp-json\/wp\/v2\/product_tag?post=50657"}],"curies":[{"name":"wp","href":"https:\/\/api.w.org\/{rel}","templated":true}]}}