{"id":50527,"date":"2024-04-16T16:36:46","date_gmt":"2024-04-16T08:36:46","guid":{"rendered":"https:\/\/gretasexylingerie.com\/?post_type=product&#038;p=50527"},"modified":"2024-04-17T00:41:06","modified_gmt":"2024-04-16T16:41:06","slug":"tukkumyynti-silkkaa-pitsia-sukkanauhaa-alusvaatteita","status":"publish","type":"product","link":"https:\/\/gretasexylingerie.com\/fi\/products\/wholesale-sheer-lace-garter-lingerie-ensemble\/","title":{"rendered":"Sheer Lace Sukkanauha Alusvaate Ensemble tukkumyynti"},"content":{"rendered":"<p><strong>L\u00e4pin\u00e4kyv\u00e4 Charm<\/strong>: <strong>l\u00e4pin\u00e4kyv\u00e4t rintaliivit ja pikkuhousut<\/strong> Ne on valmistettu monimutkaisista pitsist\u00e4, jotka tarjoavat vilauksen elegantin viettelyn maailmaan s\u00e4ilytt\u00e4en samalla hienostuneen armon ilmapiirin.<\/p>\n\n\n\n<p><strong>V\u00e4ri jokaiselle tuulelle<\/strong>: Paletissa, joka vaihtelee puhtaasta valkoisesta mustan intensiivisyyteen, punaisen romantiikkaan, keltaisen piristykseen ja Bisquen luonnolliseen s\u00e4vyyn, l\u00f6ytyy jokaiseen henkil\u00f6kohtaiseen tyyliin ja mieltymykseen sopiva s\u00e4vy.<\/p>\n\n\n\n<p><strong>Pitsi t\u00e4ydess\u00e4 kukassa<\/strong>: Kukkapitsikuviot kukkivat kankaalla ja tarjoavat visuaalista designia ja tekstuuria, joka on yht\u00e4 miellytt\u00e4v\u00e4 kosketukseen kuin silm\u00e4lle.<\/p>\n\n\n\n<p><strong>Housut, jotka houkuttelevat<\/strong>: Yhteensopiva sukkanauhavy\u00f6 ei ole vain ny\u00f6kk\u00e4ys vintage-glamouriin, vaan my\u00f6s toimiva kappale, joka lis\u00e4\u00e4 ylim\u00e4\u00e4r\u00e4isen kerroksen houkuttelevuutta koko sarjaan.<\/p>\n\n\n\n<p><strong>Saumaton palvelu<\/strong>: T\u00e4m\u00e4 upea alusvaatesarja on tilattavissa meid\u00e4n kauttamme <a href=\"https:\/\/gretasexylingerie.com\/fi\/droshpping-alusvaatepalvelu\/\">pudota toimituspalvelu<\/a>, joka varmistaa sujuvan ostoprosessin varastoltamme asiakkaasi laatikkoon ilman v\u00e4himm\u00e4istilausm\u00e4\u00e4r\u00e4\u00e4, sopii t\u00e4ydellisesti eri v\u00e4rien varastointiin.<\/p>\n\n\n\n<p>Kuroi henke\u00e4salpaava n\u00e4ytt\u00f6 t\u00e4ll\u00e4 <strong>l\u00e4pin\u00e4kyv\u00e4 pitsinen sukkanauha alusasusetti<\/strong>, joka tarjoaa makua ylellisyydest\u00e4 ja lumoamisesta. Yhteisty\u00f6t\u00e4 Greta Sexy Lingerien kanssa saadaksesi valikoiman, joka huokuu ylellisyytt\u00e4 jokaisessa s\u00e4ikeess\u00e4. Lis\u00e4\u00e4 t\u00e4m\u00e4 pakollinen esine tarjontaasi ja valloita asiakkaasi pitsin houkuttelevuudella.<\/p>\n\n\n\n<figure class=\"wp-block-table\">\n<table>\n<tbody>\n<tr>\n<td class=\"has-text-align-center\" data-align=\"center\" colspan=\"7\"><strong>Kokotaulukko (CM)<\/strong><\/td>\n<\/tr>\n<tr>\n<td class=\"has-text-align-center\" data-align=\"center\"><strong>Koko<\/strong><\/td>\n<td class=\"has-text-align-center\" data-align=\"center\"><strong>Rinnan alta (cm)<\/strong><\/td>\n<td class=\"has-text-align-center\" data-align=\"center\"><strong>Kupin korkeus (cm)<\/strong><\/td>\n<td class=\"has-text-align-center\" data-align=\"center\"><strong>Vy\u00f6t\u00e4r\u00f6nauha (cm)<\/strong><\/td>\n<td class=\"has-text-align-center\" data-align=\"center\"><strong>Vy\u00f6t\u00e4r\u00f6linja (cm)<\/strong><\/td>\n<td class=\"has-text-align-center\" data-align=\"center\"><strong>Pituus (cm)<\/strong><\/td>\n<td class=\"has-text-align-center\" data-align=\"center\"><strong>Paino (cm)<\/strong><\/td>\n<\/tr>\n<tr>\n<td class=\"has-text-align-center\" data-align=\"center\">S<\/td>\n<td class=\"has-text-align-center\" data-align=\"center\">69-86<\/td>\n<td class=\"has-text-align-center\" data-align=\"center\">14.6<\/td>\n<td class=\"has-text-align-center\" data-align=\"center\">62<\/td>\n<td class=\"has-text-align-center\" data-align=\"center\">69<\/td>\n<td class=\"has-text-align-center\" data-align=\"center\">21<\/td>\n<td class=\"has-text-align-center\" data-align=\"center\">113<\/td>\n<\/tr>\n<tr>\n<td class=\"has-text-align-center\" data-align=\"center\">M<\/td>\n<td class=\"has-text-align-center\" data-align=\"center\">73-90<\/td>\n<td class=\"has-text-align-center\" data-align=\"center\">15.5<\/td>\n<td class=\"has-text-align-center\" data-align=\"center\">66<\/td>\n<td class=\"has-text-align-center\" data-align=\"center\">73<\/td>\n<td class=\"has-text-align-center\" data-align=\"center\">22<\/td>\n<td class=\"has-text-align-center\" data-align=\"center\">115<\/td>\n<\/tr>\n<tr>\n<td class=\"has-text-align-center\" data-align=\"center\">L<\/td>\n<td class=\"has-text-align-center\" data-align=\"center\">77-94<\/td>\n<td class=\"has-text-align-center\" data-align=\"center\">16.5<\/td>\n<td class=\"has-text-align-center\" data-align=\"center\">70<\/td>\n<td class=\"has-text-align-center\" data-align=\"center\">77<\/td>\n<td class=\"has-text-align-center\" data-align=\"center\">23<\/td>\n<td class=\"has-text-align-center\" data-align=\"center\">117<\/td>\n<\/tr>\n<\/tbody>\n<\/table>\n<\/figure>\n\n\n\n<figure class=\"wp-block-table\">\n<table>\n<tbody>\n<tr>\n<td class=\"has-text-align-center\" data-align=\"center\" colspan=\"7\"><strong>Kokotaulukko (TUUMA)<\/strong><\/td>\n<\/tr>\n<tr>\n<td class=\"has-text-align-center\" data-align=\"center\"><strong>Koko<\/strong><\/td>\n<td class=\"has-text-align-center\" data-align=\"center\"><strong>Rinnan alla (sis\u00e4\u00e4n)<\/strong><\/td>\n<td class=\"has-text-align-center\" data-align=\"center\"><strong>Kupin korkeus (tuumaa)<\/strong><\/td>\n<td class=\"has-text-align-center\" data-align=\"center\"><strong>Vy\u00f6t\u00e4r\u00f6nauha (sis\u00e4\u00e4n)<\/strong><\/td>\n<td class=\"has-text-align-center\" data-align=\"center\"><strong>Vy\u00f6t\u00e4r\u00f6 (sis\u00e4\u00e4n)<\/strong><\/td>\n<td class=\"has-text-align-center\" data-align=\"center\"><strong>Pituus (in)<\/strong><\/td>\n<td class=\"has-text-align-center\" data-align=\"center\"><strong>Punnitus)<\/strong><\/td>\n<\/tr>\n<tr>\n<td class=\"has-text-align-center\" data-align=\"center\">S<\/td>\n<td class=\"has-text-align-center\" data-align=\"center\">27.17-33.86<\/td>\n<td class=\"has-text-align-center\" data-align=\"center\">5.75<\/td>\n<td class=\"has-text-align-center\" data-align=\"center\">24.41<\/td>\n<td class=\"has-text-align-center\" data-align=\"center\">27.17<\/td>\n<td class=\"has-text-align-center\" data-align=\"center\">8.27<\/td>\n<td class=\"has-text-align-center\" data-align=\"center\">44.49<\/td>\n<\/tr>\n<tr>\n<td class=\"has-text-align-center\" data-align=\"center\">M<\/td>\n<td class=\"has-text-align-center\" data-align=\"center\">28.74-35.43<\/td>\n<td class=\"has-text-align-center\" data-align=\"center\">6.10<\/td>\n<td class=\"has-text-align-center\" data-align=\"center\">25.98<\/td>\n<td class=\"has-text-align-center\" data-align=\"center\">28.74<\/td>\n<td class=\"has-text-align-center\" data-align=\"center\">8.66<\/td>\n<td class=\"has-text-align-center\" data-align=\"center\">45.28<\/td>\n<\/tr>\n<tr>\n<td class=\"has-text-align-center\" data-align=\"center\">L<\/td>\n<td class=\"has-text-align-center\" data-align=\"center\">30.31-37.01<\/td>\n<td class=\"has-text-align-center\" data-align=\"center\">6.50<\/td>\n<td class=\"has-text-align-center\" data-align=\"center\">27.56<\/td>\n<td class=\"has-text-align-center\" data-align=\"center\">30.31<\/td>\n<td class=\"has-text-align-center\" data-align=\"center\">9.06<\/td>\n<td class=\"has-text-align-center\" data-align=\"center\">46.06<\/td>\n<\/tr>\n<\/tbody>\n<\/table>\n<\/figure>","protected":false},"excerpt":{"rendered":"<p>Nauti meid\u00e4n herk\u00e4st\u00e4 taiteellisuudestamme <strong>upea pikkuhousuriivisetti<\/strong>, jossa on l\u00e4pin\u00e4kyv\u00e4, pitsill\u00e4 koristeltu kokonaisuus, joka tuo ripauksen hienostuneisuutta mihin tahansa intiimiin kokoelmaan. T\u00e4m\u00e4 <strong>pitsinen sukkanauhasetti<\/strong> on klassisen kauneuden ja modernin vieh\u00e4tyksen juhla.<\/p>","protected":false},"featured_media":50516,"template":"","meta":[],"product_brand":[],"product_cat":[368,367,375],"product_tag":[507,452,875,524,446,865],"class_list":{"0":"post-50527","1":"product","2":"type-product","3":"status-publish","4":"has-post-thumbnail","6":"product_cat-bra-panty-set","7":"product_cat-sexy-lingerie","8":"product_cat-whoelsale-sheer-bra-and-panty-sets","9":"product_tag-three-pcs-set","10":"product_tag-wholesale-boudoir-lingerie","11":"product_tag-lace-sexy-lingerie","12":"product_tag-metal-lingerie","13":"product_tag-wholesale-sexy-see-through-lingerie","14":"product_tag-sexy-skimpy-lingerie","15":"pa_color-bisque-women-sexy-lingerie","16":"pa_color-black","17":"pa_color-red-women-sexy-lingerie","18":"pa_color-white","19":"pa_color-yellow","20":"pa_size-wholesale-large-size-women-sexy-lingerie","21":"pa_size-wholesale-medium-size-women-sexy-lingerie","22":"pa_size-wholesale-small-size-sexy-lingerie","24":"first","25":"instock","26":"taxable","27":"shipping-taxable","28":"purchasable","29":"product-type-variable"},"tiered_pricing_type":"fixed","tiered_pricing_fixed_rules":[],"tiered_pricing_product_settings":{"layout":"table","base_unit_name":{"singular":null,"plural":null},"default_variation":null},"tiered_pricing_minimum_quantity":null,"tiered_pricing_roles_data":[],"tiered_pricing_percentage_rules":[],"tiered_pricing_maximum_quantity":null,"tiered_pricing_quantity_step":null,"_links":{"self":[{"href":"https:\/\/gretasexylingerie.com\/fi\/wp-json\/wp\/v2\/product\/50527","targetHints":{"allow":["GET"]}}],"collection":[{"href":"https:\/\/gretasexylingerie.com\/fi\/wp-json\/wp\/v2\/product"}],"about":[{"href":"https:\/\/gretasexylingerie.com\/fi\/wp-json\/wp\/v2\/types\/product"}],"wp:featuredmedia":[{"embeddable":true,"href":"https:\/\/gretasexylingerie.com\/fi\/wp-json\/wp\/v2\/media\/50516"}],"wp:attachment":[{"href":"https:\/\/gretasexylingerie.com\/fi\/wp-json\/wp\/v2\/media?parent=50527"}],"wp:term":[{"taxonomy":"product_brand","embeddable":true,"href":"https:\/\/gretasexylingerie.com\/fi\/wp-json\/wp\/v2\/product_brand?post=50527"},{"taxonomy":"product_cat","embeddable":true,"href":"https:\/\/gretasexylingerie.com\/fi\/wp-json\/wp\/v2\/product_cat?post=50527"},{"taxonomy":"product_tag","embeddable":true,"href":"https:\/\/gretasexylingerie.com\/fi\/wp-json\/wp\/v2\/product_tag?post=50527"}],"curies":[{"name":"wp","href":"https:\/\/api.w.org\/{rel}","templated":true}]}}