{"id":50473,"date":"2024-04-16T16:32:06","date_gmt":"2024-04-16T08:32:06","guid":{"rendered":"https:\/\/gretasexylingerie.com\/?post_type=product&#038;p=50473"},"modified":"2024-04-17T00:26:09","modified_gmt":"2024-04-16T16:26:09","slug":"tukku-sunburst-kukkakirjailtu-pitsikorsettisarja","status":"publish","type":"product","link":"https:\/\/gretasexylingerie.com\/fi\/products\/wholesale-sunburst-floral-embroidered-lace-corset-set\/","title":{"rendered":"Tukkumyynti Sunburst kukkakirjailtu pitsikorsettisarja"},"content":{"rendered":"<p><strong>Eloisaa eleganssia<\/strong>: Korsetin toppi kukkii t\u00e4ytel\u00e4isell\u00e4 kukkakirjontalla, luoden vehre\u00e4n v\u00e4ripuutarhan auringon suutelemaa keltaista taustaa vasten. T\u00e4m\u00e4 hieno muotoilu tekee kappaleesta erottuvan <strong>ylellinen alusvaatesarja<\/strong> niille, jotka pit\u00e4v\u00e4t hienoimmista asioista.<\/p>\n\n\n\n<p><strong>Ylellinen pitsi<\/strong>: Tarkkaan muotoiltu, herkk\u00e4 keltainen pitsi laskeutuu vartalon \u00e4\u00e4riviivojen yli antaen kiehtovan vihjeen alla olevasta ja samalla teksturoitua kontrastia, joka houkuttelee sek\u00e4 visuaalisesti ett\u00e4 tuntoon.<\/p>\n\n\n\n<p><strong>Rakenteellista kauneutta<\/strong>: Korsetin j\u00e4sennelty liivi varmistaa imartelevan istuvuuden, rypist\u00e4\u00e4 vy\u00f6t\u00e4r\u00f6ll\u00e4 ja tarjoaa houkuttelevan noston, samalla kun se juhlii luonnollista muotoa <strong>kukkakirjailtu korsetti<\/strong> design.<\/p>\n\n\n\n<p><strong>Lumoavat lis\u00e4osat<\/strong>: Kokonaisuus on viimeistelty metallisilla aksenteilla ja harkituilla yksityiskohdilla, jotka tarjoavat t\u00e4ydellisen sekoituksen oikkua ja hienostuneisuutta.<\/p>\n\n\n\n<p><strong>Valmiina v\u00e4hitt\u00e4ismyyntiin etu<\/strong>: Saatavana saumattomasti integroitavaksi myym\u00e4l\u00e4\u00e4n meid\u00e4n kauttamme <a href=\"https:\/\/gretasexylingerie.com\/fi\/droshpping-alusvaatepalvelu\/\">pudota toimituspalvelu<\/a>, t\u00e4m\u00e4 setti saapuu v\u00e4hitt\u00e4ismyyntivalmiina ilman MOQ:ta ja kutsuu asiakkaasi viipym\u00e4tt\u00e4 nauttimaan hienojen alusvaatteiden ylellisyydest\u00e4.<\/p>\n\n\n\n<p>Varaa t\u00e4m\u00e4 aurinkoinen pitsin ja charmin sinfonia kokoelmaasi jo t\u00e4n\u00e4\u00e4n. The <strong>Keltainen pitsikorsettitoppi<\/strong> ei ole vain esine; se on matka luksus- ja kukkafantasiamaailmaan. Ota yhteytt\u00e4 Greta Sexy Lingerieen nyt ja anna meid\u00e4n auttaa sinua tuomaan herkkujen puutarha vaativalle asiakaskunnallesi.<\/p>\n\n\n\n<figure class=\"wp-block-table\">\n<table>\n<tbody>\n<tr>\n<td class=\"has-text-align-center\" data-align=\"center\" colspan=\"6\"><strong>Kokotaulukko (CM)<\/strong><\/td>\n<\/tr>\n<tr>\n<td class=\"has-text-align-center\" data-align=\"center\"><strong>Koko<\/strong><\/td>\n<td class=\"has-text-align-center\" data-align=\"center\"><strong>Rinnan alta (cm)<\/strong><\/td>\n<td class=\"has-text-align-center\" data-align=\"center\"><strong>Vy\u00f6t\u00e4r\u00f6nauha (cm)<\/strong><\/td>\n<td class=\"has-text-align-center\" data-align=\"center\"><strong>Vy\u00f6t\u00e4r\u00f6linja (cm)<\/strong><\/td>\n<td class=\"has-text-align-center\" data-align=\"center\"><strong>Pituus (cm)<\/strong><\/td>\n<td class=\"has-text-align-center\" data-align=\"center\"><strong>Paino (cm)<\/strong><\/td>\n<\/tr>\n<tr>\n<td class=\"has-text-align-center\" data-align=\"center\">S<\/td>\n<td class=\"has-text-align-center\" data-align=\"center\">70-86<\/td>\n<td class=\"has-text-align-center\" data-align=\"center\">64<\/td>\n<td class=\"has-text-align-center\" data-align=\"center\">66<\/td>\n<td class=\"has-text-align-center\" data-align=\"center\">20<\/td>\n<td class=\"has-text-align-center\" data-align=\"center\">161<\/td>\n<\/tr>\n<tr>\n<td class=\"has-text-align-center\" data-align=\"center\">M<\/td>\n<td class=\"has-text-align-center\" data-align=\"center\">74-90<\/td>\n<td class=\"has-text-align-center\" data-align=\"center\">68<\/td>\n<td class=\"has-text-align-center\" data-align=\"center\">70<\/td>\n<td class=\"has-text-align-center\" data-align=\"center\">21<\/td>\n<td class=\"has-text-align-center\" data-align=\"center\">163<\/td>\n<\/tr>\n<tr>\n<td class=\"has-text-align-center\" data-align=\"center\">L<\/td>\n<td class=\"has-text-align-center\" data-align=\"center\">78-94<\/td>\n<td class=\"has-text-align-center\" data-align=\"center\">72<\/td>\n<td class=\"has-text-align-center\" data-align=\"center\">74<\/td>\n<td class=\"has-text-align-center\" data-align=\"center\">22<\/td>\n<td class=\"has-text-align-center\" data-align=\"center\">165<\/td>\n<\/tr>\n<\/tbody>\n<\/table>\n<\/figure>\n\n\n\n<figure class=\"wp-block-table\">\n<table>\n<tbody>\n<tr>\n<td class=\"has-text-align-center\" data-align=\"center\" colspan=\"6\"><strong>Kokotaulukko (TUUMA)<\/strong><\/td>\n<\/tr>\n<tr>\n<td class=\"has-text-align-center\" data-align=\"center\"><strong>Koko<\/strong><\/td>\n<td class=\"has-text-align-center\" data-align=\"center\"><strong>Rinnan alla (sis\u00e4\u00e4n)<\/strong><\/td>\n<td class=\"has-text-align-center\" data-align=\"center\"><strong>Vy\u00f6t\u00e4r\u00f6nauha (sis\u00e4\u00e4n)<\/strong><\/td>\n<td class=\"has-text-align-center\" data-align=\"center\"><strong>Vy\u00f6t\u00e4r\u00f6 (sis\u00e4\u00e4n)<\/strong><\/td>\n<td class=\"has-text-align-center\" data-align=\"center\"><strong>Pituus (in)<\/strong><\/td>\n<td class=\"has-text-align-center\" data-align=\"center\"><strong>Punnitus)<\/strong><\/td>\n<\/tr>\n<tr>\n<td class=\"has-text-align-center\" data-align=\"center\">S<\/td>\n<td class=\"has-text-align-center\" data-align=\"center\">27.56-33.86<\/td>\n<td class=\"has-text-align-center\" data-align=\"center\">25.20<\/td>\n<td class=\"has-text-align-center\" data-align=\"center\">25.98<\/td>\n<td class=\"has-text-align-center\" data-align=\"center\">7.87<\/td>\n<td class=\"has-text-align-center\" data-align=\"center\">63.39<\/td>\n<\/tr>\n<tr>\n<td class=\"has-text-align-center\" data-align=\"center\">M<\/td>\n<td class=\"has-text-align-center\" data-align=\"center\">29.13-35.43<\/td>\n<td class=\"has-text-align-center\" data-align=\"center\">26.77<\/td>\n<td class=\"has-text-align-center\" data-align=\"center\">27.56<\/td>\n<td class=\"has-text-align-center\" data-align=\"center\">8.27<\/td>\n<td class=\"has-text-align-center\" data-align=\"center\">64.17<\/td>\n<\/tr>\n<tr>\n<td class=\"has-text-align-center\" data-align=\"center\">L<\/td>\n<td class=\"has-text-align-center\" data-align=\"center\">30.71-37.01<\/td>\n<td class=\"has-text-align-center\" data-align=\"center\">28.35<\/td>\n<td class=\"has-text-align-center\" data-align=\"center\">29.13<\/td>\n<td class=\"has-text-align-center\" data-align=\"center\">8.66<\/td>\n<td class=\"has-text-align-center\" data-align=\"center\">64.96<\/td>\n<\/tr>\n<\/tbody>\n<\/table>\n<\/figure>","protected":false},"excerpt":{"rendered":"<p>Syleile meid\u00e4n s\u00e4teily\u00e4mme <strong>keltainen pitsikorsettitoppi<\/strong>, mestariteos, joka yhdist\u00e4\u00e4 ylelliset yksityiskohdat eloisaan kirjontaan. T\u00e4m\u00e4 <strong>ylellinen alusvaatesarja<\/strong> vangitsee ylellisen muotoilun ja kasvitieteellisen eleganssin olemuksen.<\/p>","protected":false},"featured_media":50459,"template":"","meta":[],"product_brand":[],"product_cat":[388,390,386,367],"product_tag":[507,448,454,524,446,865],"class_list":{"0":"post-50473","1":"product","2":"type-product","3":"status-publish","4":"has-post-thumbnail","6":"product_cat-wholesale-gartered-corset","7":"product_cat-wholesale-mesh-bustier","8":"product_cat-sexy-bustiers","9":"product_cat-sexy-lingerie","10":"product_tag-three-pcs-set","11":"product_tag-wholesale-elegant-sexy-lingerie","12":"product_tag-wholesale-sexy-embroidered-lingerie","13":"product_tag-metal-lingerie","14":"product_tag-wholesale-sexy-see-through-lingerie","15":"product_tag-sexy-skimpy-lingerie","16":"pa_color-yellow","17":"pa_size-wholesale-large-size-women-sexy-lingerie","18":"pa_size-wholesale-medium-size-women-sexy-lingerie","19":"pa_size-wholesale-small-size-sexy-lingerie","21":"first","22":"instock","23":"taxable","24":"shipping-taxable","25":"purchasable","26":"product-type-variable"},"tiered_pricing_type":"fixed","tiered_pricing_fixed_rules":[],"tiered_pricing_product_settings":{"layout":"table","base_unit_name":{"singular":null,"plural":null},"default_variation":null},"tiered_pricing_minimum_quantity":null,"tiered_pricing_roles_data":[],"tiered_pricing_percentage_rules":[],"tiered_pricing_maximum_quantity":null,"tiered_pricing_quantity_step":null,"_links":{"self":[{"href":"https:\/\/gretasexylingerie.com\/fi\/wp-json\/wp\/v2\/product\/50473","targetHints":{"allow":["GET"]}}],"collection":[{"href":"https:\/\/gretasexylingerie.com\/fi\/wp-json\/wp\/v2\/product"}],"about":[{"href":"https:\/\/gretasexylingerie.com\/fi\/wp-json\/wp\/v2\/types\/product"}],"wp:featuredmedia":[{"embeddable":true,"href":"https:\/\/gretasexylingerie.com\/fi\/wp-json\/wp\/v2\/media\/50459"}],"wp:attachment":[{"href":"https:\/\/gretasexylingerie.com\/fi\/wp-json\/wp\/v2\/media?parent=50473"}],"wp:term":[{"taxonomy":"product_brand","embeddable":true,"href":"https:\/\/gretasexylingerie.com\/fi\/wp-json\/wp\/v2\/product_brand?post=50473"},{"taxonomy":"product_cat","embeddable":true,"href":"https:\/\/gretasexylingerie.com\/fi\/wp-json\/wp\/v2\/product_cat?post=50473"},{"taxonomy":"product_tag","embeddable":true,"href":"https:\/\/gretasexylingerie.com\/fi\/wp-json\/wp\/v2\/product_tag?post=50473"}],"curies":[{"name":"wp","href":"https:\/\/api.w.org\/{rel}","templated":true}]}}