{"id":50347,"date":"2024-03-29T20:28:25","date_gmt":"2024-03-29T12:28:25","guid":{"rendered":"https:\/\/gretasexylingerie.com\/?post_type=product&#038;p=50347"},"modified":"2024-04-07T20:03:08","modified_gmt":"2024-04-07T12:03:08","slug":"tukku-kiiltava-poliisin-alusasuasu","status":"publish","type":"product","link":"https:\/\/gretasexylingerie.com\/fi\/products\/wholesale-sultry-police-lingerie-costume\/","title":{"rendered":"Sultry Enforcer Police Alusvaatteet tukkukauppa"},"content":{"rendered":"<p><strong>Komentava l\u00e4sn\u00e4olo<\/strong>: Astu valtaan t\u00e4ll\u00e4 pid\u00e4tyksell\u00e4 <strong>seksik\u00e4s sheriffi asu<\/strong>. Sen huolellisesti suunnitellut ominaisuudet huokuvat luottamusta ja hallintaa, ja ne sopivat t\u00e4ydellisesti teematapahtumiin tai yksityisiin roolileikkeihin.<\/p>\n\n\n\n<p><strong>Yksityiskohta, joka vaatii huomiota<\/strong>: T\u00e4m\u00e4 asu on varusteltu houkutusmerkeill\u00e4 ja yhdistettyn\u00e4 t\u00e4rkeisiin asusteisiin, joten mik\u00e4\u00e4n yksityiskohta ei j\u00e4t\u00e4 tarkistamatta, rohkeasta vy\u00f6st\u00e4 arvovaltaiseen lippikseen.<\/p>\n\n\n\n<p><strong>Uskalla dominoida<\/strong>: T\u00e4m\u00e4 rohkeaa varten suunniteltu kokonaisuus yhdist\u00e4\u00e4 klassisen tyylin vietteleviin leikkauksiin ja kutsuu seikkailunhaluisia henki\u00e4 n\u00e4yttelem\u00e4\u00e4n p\u00e4\u00e4roolia kaikissa skenaarioissa.<\/p>\n\n\n\n<p><strong>Laatua, joka noudattaa lakia<\/strong>: Valmistettu korkealaatuisista materiaaleista, jotka kest\u00e4v\u00e4t mink\u00e4 tahansa r\u00e4j\u00e4hdyksen, ja t\u00e4m\u00e4 asu on niille, jotka vaativat kest\u00e4vyytt\u00e4 sek\u00e4 rohkeutta.<\/p>\n\n\n\n<p><strong>Cuff the Competition<\/strong>: Saatavilla kauttamme <a href=\"https:\/\/gretasexylingerie.com\/fi\/droshpping-alusvaatepalvelu\/\">pudota toimituspalvelu<\/a>, t\u00e4m\u00e4 puku on varma tapa est\u00e4\u00e4 myynti\u00e4 huolehtimatta varastosta tai MOQ:sta.<\/p>\n\n\n\n<p>T\u00e4ydenn\u00e4 vieh\u00e4tysarsenaaliasi meid\u00e4n avullamme <strong>kuuma poliisiasu<\/strong>. Tarjoa asiakkaallesi valtaa valloittaa ja hallita, olivatpa he s\u00e4ilytt\u00e4m\u00e4ss\u00e4 rauhaa tai s\u00e4rkevi\u00e4 syd\u00e4mi\u00e4. Greta Sexy Lingerien avulla muuta jokainen myynti silkkaaksi viettelyksi. Tilaa nyt ja anna intohimon tavoittelun alkaa!<\/p>","protected":false},"excerpt":{"rendered":"<p>Tehosta y\u00f6t\u00e4 t\u00e4ll\u00e4 <strong>kuuma poliisiasu<\/strong>, sekoitus auktoriteettia ja vieh\u00e4tyst\u00e4. T\u00e4m\u00e4 <strong>tuhma poliisiasu<\/strong> on r\u00e4\u00e4t\u00e4l\u00f6ity niille, jotka ottavat vastuun ja asettavat pulssia kilpa-ajoon, mik\u00e4 takaa unohtumattoman l\u00e4sn\u00e4olon.<\/p>","protected":false},"featured_media":50346,"template":"","meta":[],"product_brand":[],"product_cat":[974],"product_tag":[],"class_list":{"0":"post-50347","1":"product","2":"type-product","3":"status-publish","4":"has-post-thumbnail","6":"product_cat-wholesale-sexy-costumes","7":"pa_color-black","8":"pa_size-free","10":"first","11":"instock","12":"taxable","13":"shipping-taxable","14":"purchasable","15":"product-type-variable"},"tiered_pricing_type":"fixed","tiered_pricing_fixed_rules":[],"tiered_pricing_product_settings":{"layout":"table","base_unit_name":{"singular":null,"plural":null},"default_variation":null},"tiered_pricing_minimum_quantity":null,"tiered_pricing_roles_data":[],"tiered_pricing_percentage_rules":[],"tiered_pricing_maximum_quantity":null,"tiered_pricing_quantity_step":null,"_links":{"self":[{"href":"https:\/\/gretasexylingerie.com\/fi\/wp-json\/wp\/v2\/product\/50347","targetHints":{"allow":["GET"]}}],"collection":[{"href":"https:\/\/gretasexylingerie.com\/fi\/wp-json\/wp\/v2\/product"}],"about":[{"href":"https:\/\/gretasexylingerie.com\/fi\/wp-json\/wp\/v2\/types\/product"}],"wp:featuredmedia":[{"embeddable":true,"href":"https:\/\/gretasexylingerie.com\/fi\/wp-json\/wp\/v2\/media\/50346"}],"wp:attachment":[{"href":"https:\/\/gretasexylingerie.com\/fi\/wp-json\/wp\/v2\/media?parent=50347"}],"wp:term":[{"taxonomy":"product_brand","embeddable":true,"href":"https:\/\/gretasexylingerie.com\/fi\/wp-json\/wp\/v2\/product_brand?post=50347"},{"taxonomy":"product_cat","embeddable":true,"href":"https:\/\/gretasexylingerie.com\/fi\/wp-json\/wp\/v2\/product_cat?post=50347"},{"taxonomy":"product_tag","embeddable":true,"href":"https:\/\/gretasexylingerie.com\/fi\/wp-json\/wp\/v2\/product_tag?post=50347"}],"curies":[{"name":"wp","href":"https:\/\/api.w.org\/{rel}","templated":true}]}}