{"id":50340,"date":"2024-03-29T20:28:04","date_gmt":"2024-03-29T12:28:04","guid":{"rendered":"https:\/\/gretasexylingerie.com\/?post_type=product&#038;p=50340"},"modified":"2024-03-29T21:29:45","modified_gmt":"2024-03-29T13:29:45","slug":"tukku-hihna-ketju-valjaat-alusvaatteet-setti","status":"publish","type":"product","link":"https:\/\/gretasexylingerie.com\/fi\/products\/wholesale-strappy-chain-harness-lingerie-set\/","title":{"rendered":"Tukkukauppa Strappy Chain Valjaat Alusvaatteet Set"},"content":{"rendered":"<p><strong>Sensuelli geometria<\/strong>: T\u00e4m\u00e4 kokonaisuus on avantgardistisen vieh\u00e4tyksen mestariluokka, jonka geometriset nahkahihnat ja toisiinsa yhdistetyt ketjut luovat upean visuaalisen vaikutelman.<\/p>\n\n\n\n<p><strong>Metallinen Majesteetti<\/strong>: Ketjuvaljaiden rintaliivit eiv\u00e4t ole vain lis\u00e4varuste; se on keskipiste, joka on suunniteltu hohtamaan liikkeest\u00e4 ja vangitsemaan monimutkaisen asettelunsa ansiosta.<\/p>\n\n\n\n<p><strong>Nahka Luxe<\/strong>: Valmistettu ammattitaidolla joustavasta nahasta, jokainen t\u00e4m\u00e4n hihna <strong>nahkaiset valjaat alusvaatteet<\/strong> setti k\u00e4\u00e4ri muodon ylellisyyteen ja lupaa sek\u00e4 mukavuutta ett\u00e4 draamaa.<\/p>\n\n\n\n<p><strong>Vapauta luottamus<\/strong>: T\u00e4m\u00e4 setti on enemm\u00e4n kuin alusvaatteita, vaan se on n\u00e4ytt\u00e4v\u00e4 kappale, joka antaa k\u00e4ytt\u00e4jille mahdollisuuden omaksua itsevarmoimman ja rohkeimman itsens\u00e4.<\/p>\n\n\n\n<p><strong>N\u00e4yt\u00e4 ylpeydell\u00e4<\/strong>: Tarjotaan osana kattavaa <a href=\"https:\/\/gretasexylingerie.com\/fi\/droshpping-alusvaatepalvelu\/\">pudota toimituspalvelu<\/a>, t\u00e4m\u00e4 setti on pakollinen n\u00e4ytt\u00f6 jokaiselle putiikille, joka haluaa tarjota nykyaikaisen alusvaatesuunnittelun huippua ilman v\u00e4himm\u00e4istilausm\u00e4\u00e4ri\u00e4.<\/p>\n\n\n\n<p>Kuroi kanssamme kokoelma, joka puhuu pelottomasta muotista <strong>olkaimet alusasusetti<\/strong>. Kutsu asiakkaasi nauttimaan viettelyn taiteesta t\u00e4ll\u00e4 ainutlaatuisella ketjuvaljailla. Greta Sexy Lingerien jokainen kappale on lupaus innovaatiosta ja juonittelusta. Varaa nyt ja anna asiakkaidesi tulla oman vieh\u00e4tyksens\u00e4 k\u00e4sity\u00f6l\u00e4isiksi.<\/p>","protected":false},"excerpt":{"rendered":"<p>Muovaa rohkea siluetti t\u00e4ll\u00e4 <strong>olkaimet alusasusetti<\/strong>, jota koristavat ketjuvaljaat rintaliivit. T\u00e4m\u00e4 vartalovaljaiden nahkainen alusasu on rohkeiden linjojen ja metallisten aksenttien sinfonia, joka on suunniteltu niille, jotka hallitsevat valokeilassa.<\/p>","protected":false},"featured_media":50334,"template":"","meta":[],"product_brand":[],"product_cat":[380,377,367,1059,1060],"product_tag":[452,448,453,504],"class_list":{"0":"post-50340","1":"product","2":"type-product","3":"status-publish","4":"has-post-thumbnail","6":"product_cat-wholesale-harness-bra-and-panty-set","7":"product_cat-harness-lingerie","8":"product_cat-sexy-lingerie","9":"product_cat-wholesale-bondage-equipment","10":"product_cat-wholesale-bondage-lingerie","11":"product_tag-wholesale-boudoir-lingerie","12":"product_tag-wholesale-elegant-sexy-lingerie","13":"product_tag-wholesale-sexy-naughty-lingerie","14":"product_tag-ultra-sexy","15":"pa_color-black","16":"pa_size-free","18":"first","19":"instock","20":"taxable","21":"shipping-taxable","22":"purchasable","23":"product-type-variable"},"tiered_pricing_type":"fixed","tiered_pricing_fixed_rules":[],"tiered_pricing_product_settings":{"layout":"table","base_unit_name":{"singular":null,"plural":null},"default_variation":null},"tiered_pricing_minimum_quantity":null,"tiered_pricing_roles_data":[],"tiered_pricing_percentage_rules":[],"tiered_pricing_maximum_quantity":null,"tiered_pricing_quantity_step":null,"_links":{"self":[{"href":"https:\/\/gretasexylingerie.com\/fi\/wp-json\/wp\/v2\/product\/50340","targetHints":{"allow":["GET"]}}],"collection":[{"href":"https:\/\/gretasexylingerie.com\/fi\/wp-json\/wp\/v2\/product"}],"about":[{"href":"https:\/\/gretasexylingerie.com\/fi\/wp-json\/wp\/v2\/types\/product"}],"wp:featuredmedia":[{"embeddable":true,"href":"https:\/\/gretasexylingerie.com\/fi\/wp-json\/wp\/v2\/media\/50334"}],"wp:attachment":[{"href":"https:\/\/gretasexylingerie.com\/fi\/wp-json\/wp\/v2\/media?parent=50340"}],"wp:term":[{"taxonomy":"product_brand","embeddable":true,"href":"https:\/\/gretasexylingerie.com\/fi\/wp-json\/wp\/v2\/product_brand?post=50340"},{"taxonomy":"product_cat","embeddable":true,"href":"https:\/\/gretasexylingerie.com\/fi\/wp-json\/wp\/v2\/product_cat?post=50340"},{"taxonomy":"product_tag","embeddable":true,"href":"https:\/\/gretasexylingerie.com\/fi\/wp-json\/wp\/v2\/product_tag?post=50340"}],"curies":[{"name":"wp","href":"https:\/\/api.w.org\/{rel}","templated":true}]}}