{"id":50332,"date":"2024-03-29T20:27:35","date_gmt":"2024-03-29T12:27:35","guid":{"rendered":"https:\/\/gretasexylingerie.com\/?post_type=product&#038;p=50332"},"modified":"2024-03-29T21:25:18","modified_gmt":"2024-03-29T13:25:18","slug":"tukkunahkainen-bondage-alusvaatesarja","status":"publish","type":"product","link":"https:\/\/gretasexylingerie.com\/fi\/products\/wholesale-leather-bondage-lingerie-set\/","title":{"rendered":"Tukkukaupan Edgy Leather Bondage-Inspired Alusvaatteet Set"},"content":{"rendered":"<p><strong>Voimaava eleganssi<\/strong>: Vahvista tyyli\u00e4si t\u00e4ll\u00e4 hienostuneella <strong>dominatrix vaatteet naisille<\/strong>. Nahkahihnat ja metalliset yksityiskohdat luovat hallitsevan ilmeen, joka on yht\u00e4 vakuuttava kuin houkuttelevakin.<\/p>\n\n\n\n<p><strong>Hillitty hienostuneisuus<\/strong>: T\u00e4m\u00e4n kokonaisuuden jokainen osa, chokerista vy\u00f6t\u00e4r\u00f6\u00e4 kirist\u00e4v\u00e4\u00e4n vy\u00f6h\u00f6n, on suunniteltu <strong>nahkaiset bondage-rajoitukset<\/strong> estetiikka yhdist\u00e4en hallinnan mukavuuteen.<\/p>\n\n\n\n<p><strong>Rohkea ja kaunis<\/strong>: T\u00e4m\u00e4 setti haastaa k\u00e4yt\u00e4nn\u00f6t rohkeilla linjoillaan ja per\u00e4\u00e4ntym\u00e4tt\u00f6mill\u00e4 materiaaleilla, jotka kutsuvat pelottoman kokeilun fantasiaan ja roolileikkeihin.<\/p>\n\n\n\n<p><strong>Laadukas valmistettu<\/strong>: Kest\u00e4vyytt\u00e4 ja yksityiskohtia varten suunniteltu korkealaatuinen nahka ja turvalliset kiinnitykset varmistavat, ett\u00e4 t\u00e4m\u00e4 sarja on kest\u00e4v\u00e4 lis\u00e4 kaikkiin seikkailunhaluisiin vaatekaappiin.<\/p>\n\n\n\n<p><strong>Myy fantasia<\/strong>: Keskeisen\u00e4 kohteena meid\u00e4n <a href=\"https:\/\/gretasexylingerie.com\/fi\/droshpping-alusvaatepalvelu\/\">pudota toimituspalvelu<\/a>T\u00e4m\u00e4 alusvaatesarja tarjoaa asiakkaillesi huippuluokan fetissivaatteita ilman v\u00e4himm\u00e4istilausm\u00e4\u00e4r\u00e4\u00e4, mik\u00e4 varmistaa, ett\u00e4 voit vastata kysynt\u00e4\u00e4n yht\u00e4 nopeasti kuin se kasvaa.<\/p>\n\n\n\n<p>Hemmottele asiakkaidesi valtapeli\u00e4 meid\u00e4n kanssamme <strong>naisten orjuuden vaatteet<\/strong>. Nosta tarjontaasi ja vapauta heid\u00e4n fantasioitaan ilmaisukappaleella, joka myy itsens\u00e4. Greta Sexy Lingerien eliittivalikoiman ja -palvelun avulla yrityksesi voi yhdist\u00e4\u00e4 menestyksen ja tyylin. Varaa t\u00e4m\u00e4 kappale jo t\u00e4n\u00e4\u00e4n ja katso, kuinka asiakkaasi nauttivat nahan orjuudesta.<\/p>","protected":false},"excerpt":{"rendered":"<p>Pyyd\u00e4 huomiota t\u00e4ll\u00e4 <strong>naisten orjuuden vaatteet<\/strong> ensemble, rohkea esitys dominatrix-hohtasta. Nahasta valmistettu ja johtajille suunniteltu sarja lupaa anteeksiantamattoman voiman ja viettelyn tutkimisen.<\/p>","protected":false},"featured_media":50327,"template":"","meta":[],"product_brand":[],"product_cat":[1059,1060],"product_tag":[452,451,504],"class_list":{"0":"post-50332","1":"product","2":"type-product","3":"status-publish","4":"has-post-thumbnail","6":"product_cat-wholesale-bondage-equipment","7":"product_cat-wholesale-bondage-lingerie","8":"product_tag-wholesale-boudoir-lingerie","9":"product_tag-wholesale-revealing-lingerie","10":"product_tag-ultra-sexy","11":"pa_color-black","12":"pa_size-free","14":"first","15":"instock","16":"taxable","17":"shipping-taxable","18":"purchasable","19":"product-type-variable"},"tiered_pricing_type":"fixed","tiered_pricing_fixed_rules":[],"tiered_pricing_product_settings":{"layout":"table","base_unit_name":{"singular":null,"plural":null},"default_variation":null},"tiered_pricing_minimum_quantity":null,"tiered_pricing_roles_data":[],"tiered_pricing_percentage_rules":[],"tiered_pricing_maximum_quantity":null,"tiered_pricing_quantity_step":null,"_links":{"self":[{"href":"https:\/\/gretasexylingerie.com\/fi\/wp-json\/wp\/v2\/product\/50332","targetHints":{"allow":["GET"]}}],"collection":[{"href":"https:\/\/gretasexylingerie.com\/fi\/wp-json\/wp\/v2\/product"}],"about":[{"href":"https:\/\/gretasexylingerie.com\/fi\/wp-json\/wp\/v2\/types\/product"}],"wp:featuredmedia":[{"embeddable":true,"href":"https:\/\/gretasexylingerie.com\/fi\/wp-json\/wp\/v2\/media\/50327"}],"wp:attachment":[{"href":"https:\/\/gretasexylingerie.com\/fi\/wp-json\/wp\/v2\/media?parent=50332"}],"wp:term":[{"taxonomy":"product_brand","embeddable":true,"href":"https:\/\/gretasexylingerie.com\/fi\/wp-json\/wp\/v2\/product_brand?post=50332"},{"taxonomy":"product_cat","embeddable":true,"href":"https:\/\/gretasexylingerie.com\/fi\/wp-json\/wp\/v2\/product_cat?post=50332"},{"taxonomy":"product_tag","embeddable":true,"href":"https:\/\/gretasexylingerie.com\/fi\/wp-json\/wp\/v2\/product_tag?post=50332"}],"curies":[{"name":"wp","href":"https:\/\/api.w.org\/{rel}","templated":true}]}}