{"id":50318,"date":"2024-03-29T20:26:51","date_gmt":"2024-03-29T12:26:51","guid":{"rendered":"https:\/\/gretasexylingerie.com\/?post_type=product&#038;p=50318"},"modified":"2024-03-29T21:14:16","modified_gmt":"2024-03-29T13:14:16","slug":"tukkumyynnissa-vietteleva-poliisin-fantasia-alusasusetti","status":"publish","type":"product","link":"https:\/\/gretasexylingerie.com\/fi\/products\/wholesale-seductive-police-fantasy-lingerie-set\/","title":{"rendered":"Tukkumyynti viettelev\u00e4 Police Fantasia -alusvaatesarja"},"content":{"rendered":"<p><strong>Auktoriteetti Alluressa<\/strong>: Noudata vetovoiman lakeja t\u00e4ll\u00e4 k\u00e4skyll\u00e4 <strong>tuhma poliisin puku<\/strong>, jossa on kiilt\u00e4v\u00e4 laivastonsininen liivi, joka kirist\u00e4\u00e4 vy\u00f6t\u00e4r\u00f6\u00e4 ja korostaa jokaista kaarevuutta.<\/p>\n\n\n\n<p><strong>Velvollisuus vietell\u00e4<\/strong>: Verkkoyksityiskohta lis\u00e4\u00e4 ripauksen kielletty\u00e4 mysteeri\u00e4 ja kutsuu l\u00e4hemp\u00e4\u00e4n tarkasteluun, kun taas upseerin lippis sinet\u00f6i sopimuksen aitouden ja hallinnan ilmalla.<\/p>\n\n\n\n<p><strong>Vahvista j\u00e4nnityst\u00e4<\/strong>: T\u00e4ydellinen teematapahtumiin tai henkil\u00f6kohtaisiin roolileikkeihin, t\u00e4m\u00e4 asu on olennainen osa jokaiseen seikkailunhaluiseen vaatekaappiin, ja se lupaa hauskan ja pirte\u00e4n y\u00f6n.<\/p>\n\n\n\n<p><strong>Laatumerkki<\/strong>: Valmistettu korkealaatuisista materiaaleista, jotka kest\u00e4v\u00e4t mit\u00e4 tahansa\u2026 tutkimusta, t\u00e4m\u00e4 puku on suunniteltu toistuvaan k\u00e4ytt\u00f6\u00f6n ja monipuoliseen leikkimiseen.<\/p>\n\n\n\n<p><strong>Myynnin lukitseminen<\/strong>: Varustettu helppoon varastointiin meid\u00e4n kauttamme <a href=\"https:\/\/gretasexylingerie.com\/fi\/droshpping-alusvaatepalvelu\/\">pudota toimituspalvelu<\/a>, t\u00e4m\u00e4 asu tulee k\u00e4siraudoissa suuren kysynn\u00e4n ja ilman MOQ:ta, mik\u00e4 vapauttaa varastosi ansaitsemaansa huomion.<\/p>\n\n\n\n<p>Varusta myym\u00e4l\u00e4si t\u00e4ll\u00e4 huippulaadulla <strong>seksik\u00e4s poliisiasu<\/strong> ja katsoa, kun asiakkaat joutuvat jonoon saadakseen mahdollisuuden ilment\u00e4\u00e4 himon lakia. Tarjoa heille valtaa partioida juhlissa tai heid\u00e4n huoneensa yksityisyytt\u00e4 hienoimpien fantasiavaatteiden kanssa. Tee tilauksesi Greta Sexy Lingerien kanssa nyt, jossa jokainen myynti on tyytyv\u00e4isyyden lause.<\/p>","protected":false},"excerpt":{"rendered":"<p>Hallitse y\u00f6t\u00e4 t\u00e4ll\u00e4 <strong>naisten poliisiasu<\/strong>, suunniteltu vahvistamaan houkuttelevuutta jokaisella yksityiskohdalla. T\u00e4m\u00e4 <strong>seksik\u00e4s poliisiasu<\/strong> yhdist\u00e4\u00e4 auktoriteetin viettelyyn, mik\u00e4 varmistaa, ett\u00e4 asiakkaasi pid\u00e4tt\u00e4v\u00e4t syd\u00e4met kaikkialla.<\/p>","protected":false},"featured_media":50313,"template":"","meta":[],"product_brand":[],"product_cat":[974],"product_tag":[978],"class_list":{"0":"post-50318","1":"product","2":"type-product","3":"status-publish","4":"has-post-thumbnail","6":"product_cat-wholesale-sexy-costumes","7":"product_tag-policewoman-costume","8":"pa_color-black","9":"pa_size-free","11":"first","12":"instock","13":"taxable","14":"shipping-taxable","15":"purchasable","16":"product-type-variable"},"tiered_pricing_type":"fixed","tiered_pricing_fixed_rules":[],"tiered_pricing_product_settings":{"layout":"table","base_unit_name":{"singular":null,"plural":null},"default_variation":null},"tiered_pricing_minimum_quantity":null,"tiered_pricing_roles_data":[],"tiered_pricing_percentage_rules":[],"tiered_pricing_maximum_quantity":null,"tiered_pricing_quantity_step":null,"_links":{"self":[{"href":"https:\/\/gretasexylingerie.com\/fi\/wp-json\/wp\/v2\/product\/50318","targetHints":{"allow":["GET"]}}],"collection":[{"href":"https:\/\/gretasexylingerie.com\/fi\/wp-json\/wp\/v2\/product"}],"about":[{"href":"https:\/\/gretasexylingerie.com\/fi\/wp-json\/wp\/v2\/types\/product"}],"wp:featuredmedia":[{"embeddable":true,"href":"https:\/\/gretasexylingerie.com\/fi\/wp-json\/wp\/v2\/media\/50313"}],"wp:attachment":[{"href":"https:\/\/gretasexylingerie.com\/fi\/wp-json\/wp\/v2\/media?parent=50318"}],"wp:term":[{"taxonomy":"product_brand","embeddable":true,"href":"https:\/\/gretasexylingerie.com\/fi\/wp-json\/wp\/v2\/product_brand?post=50318"},{"taxonomy":"product_cat","embeddable":true,"href":"https:\/\/gretasexylingerie.com\/fi\/wp-json\/wp\/v2\/product_cat?post=50318"},{"taxonomy":"product_tag","embeddable":true,"href":"https:\/\/gretasexylingerie.com\/fi\/wp-json\/wp\/v2\/product_tag?post=50318"}],"curies":[{"name":"wp","href":"https:\/\/api.w.org\/{rel}","templated":true}]}}