{"id":50310,"date":"2024-03-29T20:26:22","date_gmt":"2024-03-29T12:26:22","guid":{"rendered":"https:\/\/gretasexylingerie.com\/?post_type=product&#038;p=50310"},"modified":"2024-03-29T21:10:45","modified_gmt":"2024-03-29T13:10:45","slug":"tukku-lutkan-nunna-fantasia-alusvaatteita-puku","status":"publish","type":"product","link":"https:\/\/gretasexylingerie.com\/fi\/products\/wholesale-sluty-nun-fantasy-lingerie-costume\/","title":{"rendered":"Tukku Sluty Nun Fantasy Alusvaatteet puku"},"content":{"rendered":"<p><strong>Pyh\u00e4 viettely<\/strong>: T\u00e4m\u00e4 vieh\u00e4tt\u00e4v\u00e4 <strong>slutty nunna asu<\/strong> yhdist\u00e4\u00e4 tabuja kiusaukseen, ja siin\u00e4 on l\u00e4pin\u00e4kyv\u00e4\u00e4 kangasta ja rohkeita ristisymboleja, jotka eiv\u00e4t j\u00e4t\u00e4 vain mielikuvitukselle.<\/p>\n\n\n\n<p><strong>Pyh\u00e4 kontrasti<\/strong>: Vaikuttavuutta varten suunniteltu jyrkk\u00e4 musta verkko on kontrasti puhtaan valkoisten aksenttien kanssa luoden visuaalisesti silmiinpist\u00e4v\u00e4n <strong>tuhma nunna-asu<\/strong> joka kiehtoo ja her\u00e4tt\u00e4\u00e4 huomion.<\/p>\n\n\n\n<p><strong>Taivaallinen yksityiskohta<\/strong>: Eetterist\u00e4 hunnusta vihjailevaan p\u00e4\u00e4ntieeseen t\u00e4m\u00e4n asun jokainen pala on suunniteltu huolellisesti niille, jotka haluavat nauttia ilkikurisesta puoleensa.<\/p>\n\n\n\n<p><strong>Jumalallinen vetoomus<\/strong>: Ihanteellinen teemajuhliin tai intiimeihin kohtaamisiin, t\u00e4m\u00e4 <strong>seksik\u00e4s nunna Halloween-asu<\/strong> lupaa olla tunnustuskopin aihe pitk\u00e4\u00e4n juhlien p\u00e4\u00e4tytty\u00e4.<\/p>\n\n\n\n<p><strong>Markkinoinnin ihme<\/strong>: Osana meid\u00e4n <a href=\"https:\/\/gretasexylingerie.com\/fi\/droshpping-alusvaatepalvelu\/\">pudota toimituspalvelu<\/a>, t\u00e4m\u00e4 jumalallinen kokonaisuus on valmis siunaamaan myyntisi ilman v\u00e4himm\u00e4istilausta, mik\u00e4 varmistaa, ett\u00e4 varastosi on yht\u00e4 rajaton kuin asiakkaidesi fantasiat.<\/p>\n\n\n\n<p>Ylit\u00e4 tavallinen meid\u00e4n kanssamme <strong>slutty nunna asu<\/strong> ja kutsu asiakaskuntasi tutkimaan taivaanvartaloaan kapinan vivahduksella. Hyv\u00e4ksy tyylin synti ja anna Greta Sexy Lingerien kattavat valikoimat <a href=\"https:\/\/gretasexylingerie.com\/fi\/alusvaatteiden-tukkumyynti\/\">tukkumyyntipalvelut<\/a> ohjaa sinut pelastukseen myynnin alalla. Tee tilauksesi nyt ja anna jokaisen myynnin olla jumalanpalvelus vieh\u00e4tysalttarilla.<\/p>","protected":false},"excerpt":{"rendered":"<p>Uskalla uhmata t\u00e4m\u00e4n kanssa <strong>slutty nunna asu<\/strong>, syntinen k\u00e4\u00e4nne pyh\u00e4ss\u00e4. T\u00e4m\u00e4 <strong>tuhma nunna-asu<\/strong> on suunniteltu jumalallista ilmestyst\u00e4 varten, t\u00e4ydellinen a <strong>seksik\u00e4s nunna Halloween-asu<\/strong> joka siunaa kaikkia osapuolia l\u00e4sn\u00e4olollaan.<\/p>","protected":false},"featured_media":50304,"template":"","meta":[],"product_brand":[],"product_cat":[974],"product_tag":[992],"class_list":{"0":"post-50310","1":"product","2":"type-product","3":"status-publish","4":"has-post-thumbnail","6":"product_cat-wholesale-sexy-costumes","7":"product_tag-nun-costume","8":"pa_color-black","9":"pa_size-free","11":"first","12":"instock","13":"taxable","14":"shipping-taxable","15":"purchasable","16":"product-type-variable"},"tiered_pricing_type":"fixed","tiered_pricing_fixed_rules":[],"tiered_pricing_product_settings":{"layout":"table","base_unit_name":{"singular":null,"plural":null},"default_variation":null},"tiered_pricing_minimum_quantity":null,"tiered_pricing_roles_data":[],"tiered_pricing_percentage_rules":[],"tiered_pricing_maximum_quantity":null,"tiered_pricing_quantity_step":null,"_links":{"self":[{"href":"https:\/\/gretasexylingerie.com\/fi\/wp-json\/wp\/v2\/product\/50310","targetHints":{"allow":["GET"]}}],"collection":[{"href":"https:\/\/gretasexylingerie.com\/fi\/wp-json\/wp\/v2\/product"}],"about":[{"href":"https:\/\/gretasexylingerie.com\/fi\/wp-json\/wp\/v2\/types\/product"}],"wp:featuredmedia":[{"embeddable":true,"href":"https:\/\/gretasexylingerie.com\/fi\/wp-json\/wp\/v2\/media\/50304"}],"wp:attachment":[{"href":"https:\/\/gretasexylingerie.com\/fi\/wp-json\/wp\/v2\/media?parent=50310"}],"wp:term":[{"taxonomy":"product_brand","embeddable":true,"href":"https:\/\/gretasexylingerie.com\/fi\/wp-json\/wp\/v2\/product_brand?post=50310"},{"taxonomy":"product_cat","embeddable":true,"href":"https:\/\/gretasexylingerie.com\/fi\/wp-json\/wp\/v2\/product_cat?post=50310"},{"taxonomy":"product_tag","embeddable":true,"href":"https:\/\/gretasexylingerie.com\/fi\/wp-json\/wp\/v2\/product_tag?post=50310"}],"curies":[{"name":"wp","href":"https:\/\/api.w.org\/{rel}","templated":true}]}}