{"id":50302,"date":"2024-03-29T20:25:55","date_gmt":"2024-03-29T12:25:55","guid":{"rendered":"https:\/\/gretasexylingerie.com\/?post_type=product&#038;p=50302"},"modified":"2024-03-29T21:08:09","modified_gmt":"2024-03-29T13:08:09","slug":"tukkumyynti-punainen-keinonahka-alusvaatteita-mekko-kokonaisuus","status":"publish","type":"product","link":"https:\/\/gretasexylingerie.com\/fi\/products\/wholesale-red-leatherette-lingerie-dress-ensemble\/","title":{"rendered":"Tukkumyynti Red Leatherette Lingerie Dress Ensemble"},"content":{"rendered":"<p><strong>Rohkea eleganssi<\/strong>: T\u00e4m\u00e4 <strong>alusvaatteiden mekkosetti<\/strong> huokuu luottamusta kiilt\u00e4v\u00e4ll\u00e4 punaisella viimeistelyll\u00e4\u00e4n ja rohkealla leikkauksella, joka on suunniteltu korostamaan kaarteita ja vangitsemaan aistit.<\/p>\n\n\n\n<p><strong>Ylellinen nahkainen look<\/strong>: Valmistettu korkealaatuisesta keinonahkamateriaalista, t\u00e4m\u00e4 setti tarjoaa nahan s\u00e4rm\u00e4isen ulkon\u00e4\u00f6n ja alusvaatteiden mukavuuden, mik\u00e4 tekee siit\u00e4 sek\u00e4 ilmeen ett\u00e4 perustuotteen.<\/p>\n\n\n\n<p><strong>Ihastuttavaa punaisena<\/strong>: T\u00e4m\u00e4n kokonaisuuden eloisa punainen s\u00e4vy on upea, mik\u00e4 varmistaa, ett\u00e4 jokainen sen pukeutunut on huomion keskipisteess\u00e4.<\/p>\n\n\n\n<p><strong>Verraton monipuolisuus<\/strong>: T\u00e4m\u00e4 kaksiosainen setti on yht\u00e4 monipuolinen kuin eloisakin, t\u00e4ydellinen intiimiin kohtaamiseen tai rohkeaksi alusvaatteeksi illanviettoon.<\/p>\n\n\n\n<p><strong>Business-valmis<\/strong>: T\u00e4m\u00e4 sarja on suunniteltu j\u00e4lleenmyyji\u00e4 ajatellen, ja se on helppo varastoida ja myyd\u00e4 meid\u00e4n ansiosta <a href=\"https:\/\/gretasexylingerie.com\/fi\/droshpping-alusvaatepalvelu\/\">pudota toimituspalvelu<\/a>, jossa on henkil\u00f6kohtaiset br\u00e4nd\u00e4ysvaihtoehdot eik\u00e4 v\u00e4himm\u00e4istilausm\u00e4\u00e4r\u00e4\u00e4.<\/p>\n\n\n\n<p>Kehotus toimintaan:<br>Laajenna valikoimaasi silmiinpist\u00e4v\u00e4ll\u00e4mme <strong>nahkaiset alusvaatteet setti<\/strong> ja anna asiakkaidesi nauttia \u00e4\u00e4rimm\u00e4isest\u00e4 rohkeuden ja ilon yhdistelm\u00e4st\u00e4. Greta Sexy Lingerien avulla et myy vain asua; tarjoat kokemuksen. Hy\u00f6dynn\u00e4 vetovoimaa laadukkailla sarjoillamme ja anna meid\u00e4n olla saumaton <a href=\"https:\/\/gretasexylingerie.com\/fi\/alusvaatteiden-tukkumyynti\/\">tukkupalvelu<\/a> tukea yrityksesi kasvua. Tilaa nyt ja aseta viettelev\u00e4n eleganssin standardi.<\/p>","protected":false},"excerpt":{"rendered":"<p>Sytyt\u00e4 y\u00f6 t\u00e4ll\u00e4 tulella <strong>punainen seksik\u00e4s alusasusetti<\/strong>, rohkea sekoitus nahkamaista kiiltoa ja ylellist\u00e4 muotoilua. Pakollinen hankinta houkuttelevaan nahkaalusvaatesarjaan, joka on suunniteltu vangitsemaan ja houkuttelemaan.<\/p>","protected":false},"featured_media":50296,"template":"","meta":[],"product_brand":[],"product_cat":[368,367],"product_tag":[448],"class_list":{"0":"post-50302","1":"product","2":"type-product","3":"status-publish","4":"has-post-thumbnail","6":"product_cat-bra-panty-set","7":"product_cat-sexy-lingerie","8":"product_tag-wholesale-elegant-sexy-lingerie","9":"pa_color-red-women-sexy-lingerie","10":"pa_size-free","12":"first","13":"instock","14":"taxable","15":"shipping-taxable","16":"purchasable","17":"product-type-variable"},"tiered_pricing_type":"fixed","tiered_pricing_fixed_rules":[],"tiered_pricing_product_settings":{"layout":"table","base_unit_name":{"singular":null,"plural":null},"default_variation":null},"tiered_pricing_minimum_quantity":null,"tiered_pricing_roles_data":[],"tiered_pricing_percentage_rules":[],"tiered_pricing_maximum_quantity":null,"tiered_pricing_quantity_step":null,"_links":{"self":[{"href":"https:\/\/gretasexylingerie.com\/fi\/wp-json\/wp\/v2\/product\/50302","targetHints":{"allow":["GET"]}}],"collection":[{"href":"https:\/\/gretasexylingerie.com\/fi\/wp-json\/wp\/v2\/product"}],"about":[{"href":"https:\/\/gretasexylingerie.com\/fi\/wp-json\/wp\/v2\/types\/product"}],"wp:featuredmedia":[{"embeddable":true,"href":"https:\/\/gretasexylingerie.com\/fi\/wp-json\/wp\/v2\/media\/50296"}],"wp:attachment":[{"href":"https:\/\/gretasexylingerie.com\/fi\/wp-json\/wp\/v2\/media?parent=50302"}],"wp:term":[{"taxonomy":"product_brand","embeddable":true,"href":"https:\/\/gretasexylingerie.com\/fi\/wp-json\/wp\/v2\/product_brand?post=50302"},{"taxonomy":"product_cat","embeddable":true,"href":"https:\/\/gretasexylingerie.com\/fi\/wp-json\/wp\/v2\/product_cat?post=50302"},{"taxonomy":"product_tag","embeddable":true,"href":"https:\/\/gretasexylingerie.com\/fi\/wp-json\/wp\/v2\/product_tag?post=50302"}],"curies":[{"name":"wp","href":"https:\/\/api.w.org\/{rel}","templated":true}]}}