{"id":50286,"date":"2024-03-29T20:24:50","date_gmt":"2024-03-29T12:24:50","guid":{"rendered":"https:\/\/gretasexylingerie.com\/?post_type=product&#038;p=50286"},"modified":"2024-03-29T21:03:10","modified_gmt":"2024-03-29T13:03:10","slug":"tukkumyynti-pu-lentoemantaasusetti","status":"publish","type":"product","link":"https:\/\/gretasexylingerie.com\/fi\/products\/wholesale-pu-stewardess-costume-set\/","title":{"rendered":"Tukkumyynti PU lentoem\u00e4nt\u00e4asusetti"},"content":{"rendered":"<p><strong>Aerial Allure<\/strong>: Komenna taivasta ja huonetta t\u00e4ll\u00e4 <strong>lentoem\u00e4nt\u00e4 yhten\u00e4inen kiusaus<\/strong>. T\u00e4m\u00e4 tyylikk\u00e4\u00e4st\u00e4 PU-materiaalista valmistettu puku lupaa rohkeaa korotusta klassiseen lentoem\u00e4nt\u00e4-ulkoasuun.<\/p>\n\n\n\n<p><strong>R\u00e4\u00e4t\u00e4l\u00f6ity kiusaus<\/strong>: T\u00e4m\u00e4n bodyn jokainen sauma on suunniteltu tasaistavaksi ja kiehtovaksi. Kultainen koristelu hahmottelee siluetin, joka on yht\u00e4 hallitseva kuin valloittava, ja se sopii t\u00e4ydellisesti niille, jotka haluavat tehd\u00e4 rohkean lausunnon.<\/p>\n\n\n\n<p><strong>Hienostuneita lis\u00e4varusteita<\/strong>: Setti\u00e4 t\u00e4ydent\u00e4\u00e4 tyylik\u00e4s lentoem\u00e4nt\u00e4p\u00e4\u00e4hine ja herk\u00e4t pitsik\u00e4sineet, jotka lis\u00e4\u00e4v\u00e4t kokonaisuuteen tyylikkyytt\u00e4. Pitsisolmio tuo ajatonta lentoem\u00e4nt\u00e4eleganssia ja vihjaa leikkisist\u00e4 seikkailuista.<\/p>\n\n\n\n<p><strong>Kest\u00e4v\u00e4 muotoilu<\/strong>: Valmistettu korkealaatuisesta PU-materiaalista, t\u00e4m\u00e4 asu s\u00e4ilytt\u00e4\u00e4 muotonsa ja kiiltonsa kaikissa tapahtumissa, mik\u00e4 varmistaa, ett\u00e4 ulkon\u00e4k\u00f6si pysyy moitteettomana noususta laskeutumiseen.<\/p>\n\n\n\n<p><strong>T\u00e4ydellinen pukusarja<\/strong>: T\u00e4m\u00e4 ei ole vain body; se on t\u00e4ysi hahmosarja. Lentoem\u00e4nt\u00e4p\u00e4\u00e4hine, pitsik\u00e4sineet ja pitsinauhat yhdist\u00e4v\u00e4t vastustamattoman yhdistelm\u00e4n yhten\u00e4ist\u00e4 tarkkuutta ja houkuttelevaa paljastamista.<\/p>\n\n\n\n<p>Liity mailien huipputyyliseen kerhoon kanssamme <strong>PU lentoem\u00e4nt\u00e4 seksik\u00e4s asu<\/strong>. Varaa myym\u00e4l\u00e4\u00e4si t\u00e4ll\u00e4 vastustamattomalla kokonaisuudella ja seuraa myyntisi nousua. Ilman v\u00e4himm\u00e4istilausta ja nopeutettua toimitusta maailmanlaajuisesti, Greta Sexy Lingerie tekee ylellisyydest\u00e4 ja vieh\u00e4tt\u00e4vyydest\u00e4 helppoa tuoda asiakaskuntaasi. Kiinnit\u00e4 turvavy\u00f6si, on aika lent\u00e4\u00e4 korkealle muodissa, joka on yht\u00e4 rohkea kuin taivas.<\/p>","protected":false},"excerpt":{"rendered":"<p>Lis\u00e4\u00e4 vieh\u00e4tysvoimaasi meid\u00e4n kanssamme <strong>seksik\u00e4s lentoem\u00e4nt\u00e4asu<\/strong>. T\u00e4ss\u00e4 setiss\u00e4 yhdistyv\u00e4t klassinen vieh\u00e4tys ja moderni viettely luoden ilmeen, joka valloittaa varmasti.<\/p>","protected":false},"featured_media":50282,"template":"","meta":[],"product_brand":[],"product_cat":[974],"product_tag":[],"class_list":{"0":"post-50286","1":"product","2":"type-product","3":"status-publish","4":"has-post-thumbnail","6":"product_cat-wholesale-sexy-costumes","7":"pa_color-black","8":"pa_size-free","10":"first","11":"instock","12":"taxable","13":"shipping-taxable","14":"purchasable","15":"product-type-variable"},"tiered_pricing_type":"fixed","tiered_pricing_fixed_rules":[],"tiered_pricing_product_settings":{"layout":"table","base_unit_name":{"singular":null,"plural":null},"default_variation":null},"tiered_pricing_minimum_quantity":null,"tiered_pricing_roles_data":[],"tiered_pricing_percentage_rules":[],"tiered_pricing_maximum_quantity":null,"tiered_pricing_quantity_step":null,"_links":{"self":[{"href":"https:\/\/gretasexylingerie.com\/fi\/wp-json\/wp\/v2\/product\/50286","targetHints":{"allow":["GET"]}}],"collection":[{"href":"https:\/\/gretasexylingerie.com\/fi\/wp-json\/wp\/v2\/product"}],"about":[{"href":"https:\/\/gretasexylingerie.com\/fi\/wp-json\/wp\/v2\/types\/product"}],"wp:featuredmedia":[{"embeddable":true,"href":"https:\/\/gretasexylingerie.com\/fi\/wp-json\/wp\/v2\/media\/50282"}],"wp:attachment":[{"href":"https:\/\/gretasexylingerie.com\/fi\/wp-json\/wp\/v2\/media?parent=50286"}],"wp:term":[{"taxonomy":"product_brand","embeddable":true,"href":"https:\/\/gretasexylingerie.com\/fi\/wp-json\/wp\/v2\/product_brand?post=50286"},{"taxonomy":"product_cat","embeddable":true,"href":"https:\/\/gretasexylingerie.com\/fi\/wp-json\/wp\/v2\/product_cat?post=50286"},{"taxonomy":"product_tag","embeddable":true,"href":"https:\/\/gretasexylingerie.com\/fi\/wp-json\/wp\/v2\/product_tag?post=50286"}],"curies":[{"name":"wp","href":"https:\/\/api.w.org\/{rel}","templated":true}]}}