{"id":50258,"date":"2024-03-29T19:04:12","date_gmt":"2024-03-29T11:04:12","guid":{"rendered":"https:\/\/gretasexylingerie.com\/?post_type=product&#038;p=50258"},"modified":"2024-03-29T20:55:04","modified_gmt":"2024-03-29T12:55:04","slug":"tukku-flirttaileva-sairaanhoitaja-roolipeli-alusvaatteet-setti","status":"publish","type":"product","link":"https:\/\/gretasexylingerie.com\/fi\/products\/wholesale-flirty-nurse-roleplay-lingerie-set\/","title":{"rendered":"Tukku Flirttaileva Sairaanhoitaja Roleplay Alusvaatteet Set"},"content":{"rendered":"<p><strong>Flirttaileva fantasia<\/strong>: T\u00e4m\u00e4 kiehtova <strong>flirttaileva sairaanhoitajaasu<\/strong> setti on syd\u00e4menly\u00f6nnin p\u00e4\u00e4ss\u00e4 tyls\u00e4st\u00e4, jossa temaattinen perinne sekoittuu provosoivaan reunaan. Mukana sairaanhoitajan p\u00e4\u00e4hineet ja stetoskooppi, se on suunniteltu niille, jotka rakastavat l\u00e4\u00e4k\u00e4rin leikki\u00e4.<\/p>\n\n\n\n<p><strong>Silm\u00e4\u00e4 yksityiskohdille<\/strong>: Rintaliivi- ja hamekaksossa on herkki\u00e4 pitsi\u00e4 ja rohkeita punaisia kontrasteja, jotka ilment\u00e4v\u00e4t <strong>tuhma sairaanhoitaja tapa<\/strong>. Kyse ei ole vain ulkon\u00e4\u00f6st\u00e4; Kyse on tarinan her\u00e4tt\u00e4misest\u00e4 kaikkiin yksityiskohtiin.<\/p>\n\n\n\n<p><strong>Laadukasta k\u00e4sity\u00f6t\u00e4<\/strong>: Huolella tehty, hienot materiaalit ja tukeva rakenne takaavat, ett\u00e4 t\u00e4m\u00e4 asu kest\u00e4\u00e4 j\u00e4nnityksen illan. S\u00e4\u00e4dett\u00e4v\u00e4 istuvuus tarkoittaa, ett\u00e4 mukavuus ei j\u00e4t\u00e4 tyyli\u00e4 takapenkille.<\/p>\n\n\n\n<p><strong>Tukkukauppa Wonder<\/strong>: Kuuma myyj\u00e4 kaikkiin vuodenaikoihin, t\u00e4m\u00e4 asu on ihanteellinen yrityksille, jotka haluavat hankkia ainutlaatuisia, katseenvangitsevia asusteita. Ilman MOQ:ta ja nopeaa maailmanlaajuista toimitusta, asiakkaidesi villeimpien fantasioiden toteuttaminen ei ole koskaan ollut n\u00e4in helppoa.<\/p>\n\n\n\n<p><strong>Houkutteleva Ensemble<\/strong>: T\u00e4m\u00e4 setti ei ole vain puku; se on t\u00e4ysi hahmo laatikossa. Sis\u00e4lt\u00e4\u00e4 p\u00e4\u00e4hineet, stetoskoopin, rintaliivit, hameen ja alusvaatteet, ja se tarjoaa t\u00e4ydellisen kertomuksen, joka sopii t\u00e4ydellisesti erilaisiin leikkillisiin tilanteisiin.<\/p>\n\n\n\n<p>Varaa hauska ilta meid\u00e4n kanssa <strong>seksik\u00e4s sairaanhoitaja halloween-asu<\/strong>. Olipa kyseess\u00e4 teematapahtuma tai yksityinen tilaisuus, t\u00e4m\u00e4 puku lupaa olla l\u00e4\u00e4ke yhteisiin juhliin. Hy\u00f6dynn\u00e4 helppoa integrointiamme <a href=\"https:\/\/gretasexylingerie.com\/fi\/droshpping-alusvaatepalvelu\/\">pudota toimituspalvelut<\/a>, varmistaen, ett\u00e4 myym\u00e4l\u00e4si pysyy kaiken kiehtovan kohteena. Anna Greta Sexy Lingerien olla liittolaisesi tuottamaan j\u00e4nnityst\u00e4 ja lumoa. Varastoi jo t\u00e4n\u00e4\u00e4n \u2013 jossa pieni leikki johtaa suureen myyntiin!<\/p>","protected":false},"excerpt":{"rendered":"<p>Lis\u00e4\u00e4 annos leikkis\u00e4\u00e4 charmia Halloweeniin meid\u00e4n kanssamme <strong>seksik\u00e4s sairaanhoitaja halloween-asu<\/strong>. Flirttaileva k\u00e4\u00e4nne klassikkoon, t\u00e4m\u00e4 sarja on suunniteltu her\u00e4tt\u00e4m\u00e4\u00e4n fantasioita henkiin.<\/p>","protected":false},"featured_media":50253,"template":"","meta":[],"product_brand":[],"product_cat":[974],"product_tag":[976],"class_list":{"0":"post-50258","1":"product","2":"type-product","3":"status-publish","4":"has-post-thumbnail","6":"product_cat-wholesale-sexy-costumes","7":"product_tag-schoolgirl-costumes","8":"pa_color-red-women-sexy-lingerie","9":"pa_size-free","11":"first","12":"instock","13":"taxable","14":"shipping-taxable","15":"purchasable","16":"product-type-variable"},"tiered_pricing_type":"fixed","tiered_pricing_fixed_rules":[],"tiered_pricing_product_settings":{"layout":"table","base_unit_name":{"singular":null,"plural":null},"default_variation":null},"tiered_pricing_minimum_quantity":null,"tiered_pricing_roles_data":[],"tiered_pricing_percentage_rules":[],"tiered_pricing_maximum_quantity":null,"tiered_pricing_quantity_step":null,"_links":{"self":[{"href":"https:\/\/gretasexylingerie.com\/fi\/wp-json\/wp\/v2\/product\/50258","targetHints":{"allow":["GET"]}}],"collection":[{"href":"https:\/\/gretasexylingerie.com\/fi\/wp-json\/wp\/v2\/product"}],"about":[{"href":"https:\/\/gretasexylingerie.com\/fi\/wp-json\/wp\/v2\/types\/product"}],"wp:featuredmedia":[{"embeddable":true,"href":"https:\/\/gretasexylingerie.com\/fi\/wp-json\/wp\/v2\/media\/50253"}],"wp:attachment":[{"href":"https:\/\/gretasexylingerie.com\/fi\/wp-json\/wp\/v2\/media?parent=50258"}],"wp:term":[{"taxonomy":"product_brand","embeddable":true,"href":"https:\/\/gretasexylingerie.com\/fi\/wp-json\/wp\/v2\/product_brand?post=50258"},{"taxonomy":"product_cat","embeddable":true,"href":"https:\/\/gretasexylingerie.com\/fi\/wp-json\/wp\/v2\/product_cat?post=50258"},{"taxonomy":"product_tag","embeddable":true,"href":"https:\/\/gretasexylingerie.com\/fi\/wp-json\/wp\/v2\/product_tag?post=50258"}],"curies":[{"name":"wp","href":"https:\/\/api.w.org\/{rel}","templated":true}]}}