{"id":50143,"date":"2024-03-25T13:28:35","date_gmt":"2024-03-25T05:28:35","guid":{"rendered":"https:\/\/gretasexylingerie.com\/?post_type=product&#038;p=50143"},"modified":"2024-03-25T23:31:30","modified_gmt":"2024-03-25T15:31:30","slug":"tukkumyynti-metalliset-floggerit-strassikahvalla","status":"publish","type":"product","link":"https:\/\/gretasexylingerie.com\/fi\/products\/wholesale-metal-floggers-with-rhinestone-handle\/","title":{"rendered":"Tukkukaupan metalliset floggerit tekojalokivikahvalla"},"content":{"rendered":"<p><strong>Ylellinen tekojalokivip\u00e4\u00e4llysteinen kahva<\/strong>: T\u00e4m\u00e4n piikan kahvaa koristavat kimaltelevat strassit, jotka tarjoavat elegantin kosketuksen BDSM-peliisi. Ylellinen muotoilu ei vain lis\u00e4\u00e4 visuaalista vetovoimaa, vaan tarjoaa my\u00f6s mukavan otteen tarkan hallinnan varmistamiseksi k\u00e4yt\u00f6n aikana.<\/p>\n\n\n\n<p><strong>Kest\u00e4v\u00e4 metallipiiska rautaketjulla<\/strong>: T\u00e4m\u00e4 ty\u00f6kalu on valmistettu metallipiiskalla ja rautaketjulla, ja se on suunniteltu niille, jotka etsiv\u00e4t intensiivisyytt\u00e4 ja kest\u00e4vyytt\u00e4 leikkiess\u00e4\u00e4n. Rautaketju tarjoaa ainutlaatuisen tunteen, joka on sek\u00e4 intensiivinen ett\u00e4 tyydytt\u00e4v\u00e4, joten se on haluttu valinta <strong>aikuisten piiskausv\u00e4lineet<\/strong>.<\/p>\n\n\n\n<p><strong>Monipuolinen k\u00e4ytt\u00f6<\/strong>: Harrastatko kevytt\u00e4 leikkimist\u00e4 tai intensiivisempi\u00e4 istuntoja, t\u00e4m\u00e4 metallinen flogger tarjoaa monipuolisuutta. Sen muotoilu sopii monenlaisiin mieltymyksiin ja intensiteettiin, joten se sopii sek\u00e4 aloittelijoille ett\u00e4 kokeneille k\u00e4ytt\u00e4jille.<\/p>\n\n\n\n<p><strong>T\u00e4ydellinen BDSM-kokoelmiin<\/strong>: T\u00e4m\u00e4 piiska on olennainen lis\u00e4 mihin tahansa BDSM-kokoelmaan, ja se on ihanteellinen niille, jotka haluavat tutkia tehodynamiikkaa tyylill\u00e4 ja sis\u00e4ll\u00f6ll\u00e4. Se on ilmaisukappale, jossa yhdistyv\u00e4t toiminnallisuus ja esteettinen vieh\u00e4tys.<\/p>\n\n\n\n<p><strong>Helppo puhdistaa ja huoltaa<\/strong>: Metalli- ja tekojalokivimateriaalit eiv\u00e4t vain lis\u00e4\u00e4 piiskan kest\u00e4vyytt\u00e4, vaan tekev\u00e4t siit\u00e4 my\u00f6s helpon puhdistuksen ja huollon varmistaen, ett\u00e4 se pysyy hygieenisen\u00e4 valintana kaikissa istunnoissasi.<\/p>\n\n\n\n<p><strong>Paranna pelaamistasi<\/strong>: Silmiinpist\u00e4v\u00e4n muotoilunsa ja tehokkaan suorituskyvyn ansiosta t\u00e4m\u00e4 metallinen floggeri sopii t\u00e4ydellisesti niille, jotka haluavat parantaa leikki\u00e4\u00e4n ty\u00f6kalulla, joka on yht\u00e4 kaunis kuin tehokas. Se on pakollinen hankinta kaikille kiinnostuneille <strong>metallikeppi BDSM<\/strong> ja piiskausleikki\u00e4.<\/p>","protected":false},"excerpt":{"rendered":"<p>Korosta BDSM-kokoelmaasi meid\u00e4n avullamme <strong>metalliset floggerit<\/strong>, jossa on ylellinen tekojalokivip\u00e4\u00e4llysteinen kahva ja kest\u00e4v\u00e4 rautaketjupiiska.<\/p>","protected":false},"featured_media":50138,"template":"","meta":[],"product_brand":[],"product_cat":[1059,1067],"product_tag":[],"class_list":{"0":"post-50143","1":"product","2":"type-product","3":"status-publish","4":"has-post-thumbnail","6":"product_cat-wholesale-bondage-equipment","7":"product_cat-wholesale-spanking-whips-paddles","8":"pa_color-grey","9":"pa_size-free","11":"first","12":"instock","13":"taxable","14":"shipping-taxable","15":"purchasable","16":"product-type-variable"},"tiered_pricing_type":"fixed","tiered_pricing_fixed_rules":[],"tiered_pricing_product_settings":{"layout":"table","base_unit_name":{"singular":null,"plural":null},"default_variation":null},"tiered_pricing_minimum_quantity":null,"tiered_pricing_roles_data":[],"tiered_pricing_percentage_rules":[],"tiered_pricing_maximum_quantity":null,"tiered_pricing_quantity_step":null,"_links":{"self":[{"href":"https:\/\/gretasexylingerie.com\/fi\/wp-json\/wp\/v2\/product\/50143","targetHints":{"allow":["GET"]}}],"collection":[{"href":"https:\/\/gretasexylingerie.com\/fi\/wp-json\/wp\/v2\/product"}],"about":[{"href":"https:\/\/gretasexylingerie.com\/fi\/wp-json\/wp\/v2\/types\/product"}],"wp:featuredmedia":[{"embeddable":true,"href":"https:\/\/gretasexylingerie.com\/fi\/wp-json\/wp\/v2\/media\/50138"}],"wp:attachment":[{"href":"https:\/\/gretasexylingerie.com\/fi\/wp-json\/wp\/v2\/media?parent=50143"}],"wp:term":[{"taxonomy":"product_brand","embeddable":true,"href":"https:\/\/gretasexylingerie.com\/fi\/wp-json\/wp\/v2\/product_brand?post=50143"},{"taxonomy":"product_cat","embeddable":true,"href":"https:\/\/gretasexylingerie.com\/fi\/wp-json\/wp\/v2\/product_cat?post=50143"},{"taxonomy":"product_tag","embeddable":true,"href":"https:\/\/gretasexylingerie.com\/fi\/wp-json\/wp\/v2\/product_tag?post=50143"}],"curies":[{"name":"wp","href":"https:\/\/api.w.org\/{rel}","templated":true}]}}