{"id":50135,"date":"2024-03-25T13:28:13","date_gmt":"2024-03-25T05:28:13","guid":{"rendered":"https:\/\/gretasexylingerie.com\/?post_type=product&#038;p=50135"},"modified":"2024-03-25T23:29:35","modified_gmt":"2024-03-25T15:29:35","slug":"tukkumyynti-musta-nahka-bondage-ketju-kaulus","status":"publish","type":"product","link":"https:\/\/gretasexylingerie.com\/fi\/products\/wholesale-black-leather-bondage-chain-collar\/","title":{"rendered":"Tukkumusta nahkainen bondage-ketjupanta alistuville"},"content":{"rendered":"<p><strong>Love Neck Design<\/strong>: Suunniteltu keskittyen sek\u00e4 estetiikkaan ett\u00e4 toimivuuteen, kauluksemme ilment\u00e4\u00e4 alistumisen olemusta ripauksella eleganssia. Rakkauskaulan muotoilu merkitsee sitoutumista ja huolenpitoa, mik\u00e4 tekee siit\u00e4 mielekk\u00e4\u00e4n valinnan BDSM-yhteis\u00f6n j\u00e4senille.<\/p>\n\n\n\n<p><strong>PU-nahkarakenne<\/strong>: Valmistettu korkealaatuisesta PU-nahasta, t\u00e4m\u00e4 <strong>alistuva kaulakoru<\/strong> tarjoaa kest\u00e4vyytt\u00e4 ja mukavuutta. Sen tyylik\u00e4s musta ulkon\u00e4k\u00f6 tarjoaa klassisen ilmeen, kun taas materiaali varmistaa pitk\u00e4ik\u00e4isyyden ja helpon huollon.<\/p>\n\n\n\n<p><strong>Ketjun vetoominaisuus<\/strong>: Ketjun vetopanta lis\u00e4\u00e4 k\u00e4yt\u00e4nn\u00f6llisen hallintaelementin, mik\u00e4 mahdollistaa ohjatut liikkeet ja paremman dynamiikan pelin aikana. T\u00e4m\u00e4 ominaisuus on v\u00e4ltt\u00e4m\u00e4t\u00f6n niille, jotka haluavat tutkia s\u00e4hk\u00f6nvaihtoa luottavaisesti ja turvallisesti.<\/p>\n\n\n\n<p><strong>Monipuolinen k\u00e4ytt\u00f6<\/strong>: T\u00e4m\u00e4 kaulus on riitt\u00e4v\u00e4n monipuolinen vastaamaan erilaisiin tarpeisiin, k\u00e4ytettiinp\u00e4 sitten ilmaisukappaleena tai osana laajempaa bondage-kokoonpanoa. Se sopii sek\u00e4 aloittelijoille ett\u00e4 kokeneille k\u00e4ytt\u00e4jille, ja se tarjoaa turvallisen istuvuuden ja luotettavan suorituskyvyn.<\/p>\n\n\n\n<p><strong>S\u00e4\u00e4dett\u00e4v\u00e4 mukavuutta varten<\/strong>: Suunniteltu sopimaan erilaisiin kaulakokoihin, s\u00e4\u00e4dett\u00e4v\u00e4 kaulus varmistaa tiukan ja mukavan istuvuuden. T\u00e4m\u00e4 s\u00e4\u00e4dett\u00e4vyys on ratkaisevan t\u00e4rke\u00e4 pitkien istuntojen aikana, mik\u00e4 tarjoaa k\u00e4ytt\u00e4j\u00e4lle turvallisuuden tunteen mukavuudesta tinkim\u00e4tt\u00e4.<\/p>\n\n\n\n<p><strong>T\u00e4ydellinen teemakokoelmiin<\/strong>: T\u00e4m\u00e4 on erinomainen lis\u00e4 mihin tahansa BDSM-varustekokoelmaan <strong>bondage ketju kaulus<\/strong> vetoaa niihin, jotka haluavat ilmaista alistuvan tai hallitsevan puolensa tyylill\u00e4. Se on pakollinen tavara j\u00e4lleenmyyjille, jotka palvelevat seikkailunhaluisia ja muodin edell\u00e4k\u00e4vij\u00f6it\u00e4.<\/p>","protected":false},"excerpt":{"rendered":"<p>Korosta BDSM-kokoelmaasi meid\u00e4n avullamme <strong>musta nahkainen bondage-kaulus<\/strong>, jossa on rakkauskaulan muotoilu ja ketjun veto \u00e4\u00e4rimm\u00e4iseen hallintaan ja alistumiseen.<\/p>","protected":false},"featured_media":50130,"template":"","meta":[],"product_brand":[],"product_cat":[1059,1066],"product_tag":[],"class_list":{"0":"post-50135","1":"product","2":"type-product","3":"status-publish","4":"has-post-thumbnail","6":"product_cat-wholesale-bondage-equipment","7":"product_cat-handcuffs-bondage-collars-ankle-strap","8":"pa_color-black","9":"pa_size-free","11":"first","12":"instock","13":"taxable","14":"shipping-taxable","15":"purchasable","16":"product-type-variable"},"tiered_pricing_type":"fixed","tiered_pricing_fixed_rules":[],"tiered_pricing_product_settings":{"layout":"table","base_unit_name":{"singular":null,"plural":null},"default_variation":null},"tiered_pricing_minimum_quantity":null,"tiered_pricing_roles_data":[],"tiered_pricing_percentage_rules":[],"tiered_pricing_maximum_quantity":null,"tiered_pricing_quantity_step":null,"_links":{"self":[{"href":"https:\/\/gretasexylingerie.com\/fi\/wp-json\/wp\/v2\/product\/50135","targetHints":{"allow":["GET"]}}],"collection":[{"href":"https:\/\/gretasexylingerie.com\/fi\/wp-json\/wp\/v2\/product"}],"about":[{"href":"https:\/\/gretasexylingerie.com\/fi\/wp-json\/wp\/v2\/types\/product"}],"wp:featuredmedia":[{"embeddable":true,"href":"https:\/\/gretasexylingerie.com\/fi\/wp-json\/wp\/v2\/media\/50130"}],"wp:attachment":[{"href":"https:\/\/gretasexylingerie.com\/fi\/wp-json\/wp\/v2\/media?parent=50135"}],"wp:term":[{"taxonomy":"product_brand","embeddable":true,"href":"https:\/\/gretasexylingerie.com\/fi\/wp-json\/wp\/v2\/product_brand?post=50135"},{"taxonomy":"product_cat","embeddable":true,"href":"https:\/\/gretasexylingerie.com\/fi\/wp-json\/wp\/v2\/product_cat?post=50135"},{"taxonomy":"product_tag","embeddable":true,"href":"https:\/\/gretasexylingerie.com\/fi\/wp-json\/wp\/v2\/product_tag?post=50135"}],"curies":[{"name":"wp","href":"https:\/\/api.w.org\/{rel}","templated":true}]}}