{"id":50113,"date":"2024-03-25T13:27:00","date_gmt":"2024-03-25T05:27:00","guid":{"rendered":"https:\/\/gretasexylingerie.com\/?post_type=product&#038;p=50113"},"modified":"2024-03-25T23:22:49","modified_gmt":"2024-03-25T15:22:49","slug":"tukku-seksikas-bondage-naamio-nahkaisella-dominatrix-hupulla","status":"publish","type":"product","link":"https:\/\/gretasexylingerie.com\/fi\/products\/wholesale-sexy-bondage-mask-with-leather-dominatrix-hood\/","title":{"rendered":"Tukkukaupan seksik\u00e4s Bondage-naamio nahkaisella Dominatrix-hupulla"},"content":{"rendered":"<p><strong>Musta nahkainen sokkohuppu<\/strong>: Valmistettu ensiluokkaisesta mustasta nahasta, t\u00e4m\u00e4 huppu tarjoaa mukaansatempaavan aistinvaraisen kokemuksen. Sen tyylik\u00e4s muotoilu ei vain korosta aisteja, vaan lis\u00e4\u00e4 my\u00f6s ripauksen eleganssia <strong>nahkainen dominatrix maski<\/strong> kokoelma.<\/p>\n\n\n\n<p><strong>Irrotettava silm\u00e4naamio<\/strong>: Sarja sis\u00e4lt\u00e4\u00e4 irrotettavan silm\u00e4naamion, joka mahdollistaa mukautettavan sensorisen hallinnan. T\u00e4m\u00e4 monipuolinen ominaisuus on t\u00e4ydellinen niille, jotka haluavat joustavuutta leikkiess\u00e4\u00e4n, joten se on erinomainen valinta <strong>seksik\u00e4s bondage-naamio<\/strong> harrastajat.<\/p>\n\n\n\n<p><strong>S\u00e4\u00e4dett\u00e4v\u00e4 kaulus<\/strong>: S\u00e4\u00e4dett\u00e4v\u00e4 kaulus varmistaa tiukan ja turvallisen istuvuuden, mik\u00e4 parantaa yleist\u00e4 kokemusta. Niiteill\u00e4 koristeltu se lis\u00e4\u00e4 kokonaisuuteen rohkean ilmeen ja ilment\u00e4\u00e4 sen olemusta <strong>kaasunaamarin orjuus<\/strong> estetiikka.<\/p>\n\n\n\n<p><strong>Niitit koristeltu py\u00f6re\u00e4suuhuuhtelu<\/strong>: Niiteill\u00e4 koristeltu py\u00f6re\u00e4 suuaukko tarjoaa sek\u00e4 esteettist\u00e4 vetovoimaa ett\u00e4 toimivuutta. Se on suunniteltu pit\u00e4m\u00e4\u00e4n k\u00e4ytt\u00e4j\u00e4n suun auki ja lis\u00e4\u00e4m\u00e4\u00e4n kokemukseen dominanssia ja alistumista.<\/p>\n\n\n\n<p><strong>Kest\u00e4v\u00e4 ja mukava<\/strong>: Valmistettu kest\u00e4vyytt\u00e4 ja mukavuutta ajatellen, t\u00e4m\u00e4 setti sopii pitk\u00e4aikaiseen k\u00e4ytt\u00f6\u00f6n istuntojen aikana. Laadukas nahkamateriaali takaa pitk\u00e4ik\u00e4isyyden ja helpon huollon.<\/p>\n\n\n\n<p><strong>T\u00e4ydellinen BDSM-harrastajille<\/strong>: T\u00e4m\u00e4 kattava sarja on ihanteellinen BDSM-harrastajille, jotka haluavat tutkia ylivaltaa ja alistumista. Se on pakollinen hankinta jokaiseen kokoelmaan, ja se tarjoaa hienostuneen ja intensiivisen kokemuksen.<\/p>","protected":false},"excerpt":{"rendered":"<p>Ota haltuun meid\u00e4n synkk\u00e4 vieh\u00e4tys <strong>seksik\u00e4s bondage-naamio<\/strong>, kattava setti, johon kuuluu musta nahkainen sokeahuppu, silm\u00e4naamari, kaulus ja niiteill\u00e4 koristeltu py\u00f6re\u00e4 suuhuppu.<\/p>","protected":false},"featured_media":50106,"template":"","meta":[],"product_brand":[],"product_cat":[1063,1059],"product_tag":[],"class_list":{"0":"post-50113","1":"product","2":"type-product","3":"status-publish","4":"has-post-thumbnail","6":"product_cat-wholesale-bdsm-mask-blindfold","7":"product_cat-wholesale-bondage-equipment","8":"pa_color-black","9":"pa_size-free","11":"first","12":"instock","13":"taxable","14":"shipping-taxable","15":"purchasable","16":"product-type-variable"},"tiered_pricing_type":"fixed","tiered_pricing_fixed_rules":[],"tiered_pricing_product_settings":{"layout":"table","base_unit_name":{"singular":null,"plural":null},"default_variation":null},"tiered_pricing_minimum_quantity":null,"tiered_pricing_roles_data":[],"tiered_pricing_percentage_rules":[],"tiered_pricing_maximum_quantity":null,"tiered_pricing_quantity_step":null,"_links":{"self":[{"href":"https:\/\/gretasexylingerie.com\/fi\/wp-json\/wp\/v2\/product\/50113","targetHints":{"allow":["GET"]}}],"collection":[{"href":"https:\/\/gretasexylingerie.com\/fi\/wp-json\/wp\/v2\/product"}],"about":[{"href":"https:\/\/gretasexylingerie.com\/fi\/wp-json\/wp\/v2\/types\/product"}],"wp:featuredmedia":[{"embeddable":true,"href":"https:\/\/gretasexylingerie.com\/fi\/wp-json\/wp\/v2\/media\/50106"}],"wp:attachment":[{"href":"https:\/\/gretasexylingerie.com\/fi\/wp-json\/wp\/v2\/media?parent=50113"}],"wp:term":[{"taxonomy":"product_brand","embeddable":true,"href":"https:\/\/gretasexylingerie.com\/fi\/wp-json\/wp\/v2\/product_brand?post=50113"},{"taxonomy":"product_cat","embeddable":true,"href":"https:\/\/gretasexylingerie.com\/fi\/wp-json\/wp\/v2\/product_cat?post=50113"},{"taxonomy":"product_tag","embeddable":true,"href":"https:\/\/gretasexylingerie.com\/fi\/wp-json\/wp\/v2\/product_tag?post=50113"}],"curies":[{"name":"wp","href":"https:\/\/api.w.org\/{rel}","templated":true}]}}