{"id":50075,"date":"2024-03-25T13:25:04","date_gmt":"2024-03-25T05:25:04","guid":{"rendered":"https:\/\/gretasexylingerie.com\/?post_type=product&#038;p=50075"},"modified":"2024-03-25T23:12:14","modified_gmt":"2024-03-25T15:12:14","slug":"tukkumyynti-sm-nahkainen-ruoskalelu","status":"publish","type":"product","link":"https:\/\/gretasexylingerie.com\/fi\/products\/wholesale-sm-leather-whip-flogger-toy\/","title":{"rendered":"Tukkumyynti SM-nahkainen Flogger-lelu"},"content":{"rendered":"<p><strong>Punottu kahva parantaa pitoa<\/strong>: Huolellisesti punottu kahva ei vain lis\u00e4\u00e4 piiskamme esteettist\u00e4 vetovoimaa, vaan tarjoaa my\u00f6s paremman otteen tarkan hallinnan takaamiseksi. T\u00e4m\u00e4 design-elementti on t\u00e4rke\u00e4 niille, jotka etsiv\u00e4t <strong>parhaat piiskaavat lelut<\/strong> jotka tarjoavat sek\u00e4 tyyli\u00e4 ett\u00e4 toimivuutta.<\/p>\n\n\n\n<p><strong>Tupsupiiskamuotoilu dynaamiseen k\u00e4ytt\u00f6\u00f6n<\/strong>: Tupsupiikan p\u00e4\u00e4 tuo dynaamisen ja monipuolisen k\u00e4yt\u00f6n mahdollistaen erilaisia tuntemuksia pehmeist\u00e4 hyv\u00e4ilyist\u00e4 voimakkaampiin iskuihin. T\u00e4m\u00e4 ominaisuus tekee siit\u00e4 suositun valinnan sit\u00e4 etsivien harrastajien keskuudessa <strong>flogger leluja<\/strong> joka pystyy vastaamaan erilaisiin mieltymyksiin.<\/p>\n\n\n\n<p><strong>Ensiluokkainen PU-nahka kest\u00e4vyytt\u00e4 varten<\/strong>: Valmistettu korkealaatuisesta PU-nahasta, t\u00e4m\u00e4 piiska on suunniteltu kest\u00e4viksi ja pitk\u00e4ik\u00e4iseksi. Materiaalivalinnalla varmistetaan, ett\u00e4 piiska kest\u00e4\u00e4 tiukkaa k\u00e4ytt\u00f6\u00e4 s\u00e4ilytt\u00e4en samalla eheyden ja ulkon\u00e4\u00f6n, mik\u00e4 houkuttelee luotettavia <strong>piiskanahkaa<\/strong> Tuotteet.<\/p>\n\n\n\n<p><strong>Saatavana lihavoituina v\u00e4rein\u00e4<\/strong>: T\u00e4m\u00e4 piiskata tarjotaan silmiinpist\u00e4v\u00e4n mustana sek\u00e4 rohkeana punaisen ja mustan yhdistelm\u00e4n\u00e4, joten se sopii erilaisiin makuihin ja tyyleihin. V\u00e4rivaihtoehdot lis\u00e4\u00e4v\u00e4t visuaalisen elementin aistikokemukseen, mik\u00e4 tekee jokaisesta istunnosta ainutlaatuisen ikimuistoisen.<\/p>\n\n\n\n<p><strong>T\u00e4ydellinen monipuoliseen pelaamiseen<\/strong>: Olipa kyseess\u00e4 uusia kokemuksia tutkiville aloittelijoille tai kokoelmaansa lis\u00e4\u00e4ville kokeneille harrastajille, t\u00e4m\u00e4 nahkapiiska sopii monenlaisiin leikkiin. Sen monipuolisuus ja laatu tekev\u00e4t siit\u00e4 v\u00e4ltt\u00e4m\u00e4tt\u00f6m\u00e4n jokaisessa kokoelmassa <strong>ly\u00f6v\u00e4t lelut<\/strong>.<\/p>\n\n\n\n<p>Astu j\u00e4nnitt\u00e4vien el\u00e4mysten maailmaan SM-nahkapiiskallamme. Sen tyylin, toimivuuden ja laadukkaan k\u00e4sity\u00f6taidon yhdistelm\u00e4 tekee siit\u00e4 erottuvan lis\u00e4yksen mihin tahansa kokoelmaan. Tilaa nyt ja tarjoa asiakkaillesi paras ty\u00f6kalu tutkimiseen ja nautintoon!<\/p>","protected":false},"excerpt":{"rendered":"<p>P\u00e4\u00e4st\u00e4 j\u00e4nnitys valloilleen kanssamme <strong>SM nahkainen piiska<\/strong>, jossa on punottu kahva ja tupsupiiska. Se on valmistettu korkealaatuisesta PU-nahasta, lihavoitu musta sek\u00e4 punainen ja musta vaihtoehto.<\/p>","protected":false},"featured_media":50067,"template":"","meta":[],"product_brand":[],"product_cat":[1059,1067],"product_tag":[],"class_list":{"0":"post-50075","1":"product","2":"type-product","3":"status-publish","4":"has-post-thumbnail","6":"product_cat-wholesale-bondage-equipment","7":"product_cat-wholesale-spanking-whips-paddles","8":"pa_color-black","9":"pa_color-red-women-sexy-lingerie","10":"pa_size-free","12":"first","13":"instock","14":"taxable","15":"shipping-taxable","16":"purchasable","17":"product-type-variable"},"tiered_pricing_type":"fixed","tiered_pricing_fixed_rules":[],"tiered_pricing_product_settings":{"layout":"table","base_unit_name":{"singular":null,"plural":null},"default_variation":null},"tiered_pricing_minimum_quantity":null,"tiered_pricing_roles_data":[],"tiered_pricing_percentage_rules":[],"tiered_pricing_maximum_quantity":null,"tiered_pricing_quantity_step":null,"_links":{"self":[{"href":"https:\/\/gretasexylingerie.com\/fi\/wp-json\/wp\/v2\/product\/50075","targetHints":{"allow":["GET"]}}],"collection":[{"href":"https:\/\/gretasexylingerie.com\/fi\/wp-json\/wp\/v2\/product"}],"about":[{"href":"https:\/\/gretasexylingerie.com\/fi\/wp-json\/wp\/v2\/types\/product"}],"wp:featuredmedia":[{"embeddable":true,"href":"https:\/\/gretasexylingerie.com\/fi\/wp-json\/wp\/v2\/media\/50067"}],"wp:attachment":[{"href":"https:\/\/gretasexylingerie.com\/fi\/wp-json\/wp\/v2\/media?parent=50075"}],"wp:term":[{"taxonomy":"product_brand","embeddable":true,"href":"https:\/\/gretasexylingerie.com\/fi\/wp-json\/wp\/v2\/product_brand?post=50075"},{"taxonomy":"product_cat","embeddable":true,"href":"https:\/\/gretasexylingerie.com\/fi\/wp-json\/wp\/v2\/product_cat?post=50075"},{"taxonomy":"product_tag","embeddable":true,"href":"https:\/\/gretasexylingerie.com\/fi\/wp-json\/wp\/v2\/product_tag?post=50075"}],"curies":[{"name":"wp","href":"https:\/\/api.w.org\/{rel}","templated":true}]}}