{"id":50063,"date":"2024-03-25T13:24:23","date_gmt":"2024-03-25T05:24:23","guid":{"rendered":"https:\/\/gretasexylingerie.com\/?post_type=product&#038;p=50063"},"modified":"2024-03-25T23:07:25","modified_gmt":"2024-03-25T15:07:25","slug":"tukku-naamio-pallo-gag-valjaiden-nenakoukku","status":"publish","type":"product","link":"https:\/\/gretasexylingerie.com\/fi\/products\/wholesale-mask-ball-gag-with-harness-nose-hook\/","title":{"rendered":"Tukkumyynti Mask Ball Gag valjaat nen\u00e4koukku"},"content":{"rendered":"<p><strong>Maskin tyyppinen muotoilu<\/strong>: T\u00e4ss\u00e4 innovatiivisessa naamiopallohuumassa yhdistyv\u00e4t toiminnallisuus ja \u00e4rtyis\u00e4 estetiikka. Maskin muotoilu ei ainoastaan takaa k\u00e4ytt\u00e4j\u00e4n mukavuutta, vaan lis\u00e4\u00e4 my\u00f6s salaper\u00e4ist\u00e4 vieh\u00e4tyst\u00e4 SM-peliin, mik\u00e4 tekee siit\u00e4 vakuuttavan valinnan niille, jotka ovat kiinnostuneita <strong>hengitt\u00e4v\u00e4 pallon suutin<\/strong> vaihtoehtoja.<\/p>\n\n\n\n<p><strong>Valjaiden muotoinen nen\u00e4koukku<\/strong>: Valjaiden muotoisen nokkakoukun sis\u00e4llytt\u00e4minen nostaa perinteist\u00e4 palloa lis\u00e4\u00e4m\u00e4ll\u00e4 ylim\u00e4\u00e4r\u00e4ist\u00e4 rajoitustasoa. T\u00e4m\u00e4 ominaisuus on t\u00e4ydellinen k\u00e4ytt\u00e4jille, jotka haluavat tutkia intensiivisempi\u00e4 skenaarioita turvallisten rajojen sis\u00e4ll\u00e4.<\/p>\n\n\n\n<p><strong>Sakkeli riippuva nen\u00e4koukku<\/strong>: Sakkeliin riippuva nen\u00e4koukku integroituu saumattomasti maskiin, mik\u00e4 tarjoaa turvallisen istuvuuden ja parantaa yleist\u00e4 kokemusta. Se on suunniteltu niille, jotka arvostavat a <strong>mutkainen pallo gag<\/strong> lis\u00e4tyll\u00e4 toiminnallisuudella.<\/p>\n\n\n\n<p><strong>Kolme kokoa t\u00e4ydelliseen istuvuuteen<\/strong>: Saatavana kolmessa koossa, t\u00e4m\u00e4 naamiopallon gag sopii monenlaisiin mieltymyksiin ja anatomioihin ja varmistaa mukavan mutta turvallisen istuvuuden kaikille k\u00e4ytt\u00e4jille.<\/p>\n\n\n\n<p><strong>El\u00e4v\u00e4t v\u00e4rivaihtoehdot<\/strong>: Mustan, punaisen ja vaaleanpunaisen vaihtoehdon ansiosta t\u00e4m\u00e4 gag mahdollistaa personoinnin ja tyylin mieltymyksen, mik\u00e4 tekee siit\u00e4 monipuolisen lis\u00e4yksen mihin tahansa BDSM-kokoelmaan.<\/p>\n\n\n\n<p><strong>Ihanteellinen monipuoliseen pelaamiseen<\/strong>: Olipa kyseess\u00e4 aloittelijoille tai kokeneemmille harrastajille, t\u00e4m\u00e4 nen\u00e4koukulla varustettu naamiopallovaippa sopii eritasoisiin BDSM-peleihin tarjoten sek\u00e4 esteettist\u00e4 vetovoimaa ett\u00e4 k\u00e4yt\u00e4nn\u00f6llisi\u00e4 toimintoja.<\/p>\n\n\n\n<p>Tuo BDSM-varusteidesi uusi taso hienostuneisuutta ja hallintaa maskipallovaimentimellamme. Sen ainutlaatuinen muotoilu yhdistettyn\u00e4 mukavuuteen ja monipuolisuuteen tekev\u00e4t siit\u00e4 v\u00e4ltt\u00e4m\u00e4tt\u00f6m\u00e4n niille, jotka haluavat parantaa kokemuksiaan korkealaatuisilla, innovatiivisilla lis\u00e4varusteilla. Tilaa nyt ja valloita asiakaskuntasi t\u00e4ll\u00e4 ainutlaatuisella esineell\u00e4!<\/p>","protected":false},"excerpt":{"rendered":"<p>Korosta kokoelmaasi meid\u00e4n avullamme <strong>naamiopallo gag<\/strong>, jossa on ainutlaatuinen valjaiden muotoinen nen\u00e4koukku. T\u00e4m\u00e4 mustana, punaisena ja vaaleanpunaisena saatavilla oleva mutkikas lis\u00e4varuste tarjoaa erottuvan yhdistelm\u00e4n hallintaa ja mukavuutta.<\/p>","protected":false},"featured_media":50061,"template":"","meta":[],"product_brand":[],"product_cat":[1059,1064],"product_tag":[],"class_list":{"0":"post-50063","1":"product","2":"type-product","3":"status-publish","4":"has-post-thumbnail","6":"product_cat-wholesale-bondage-equipment","7":"product_cat-wholesale-gag-gifts","8":"pa_color-black","9":"pa_color-pink-women-sexy-lingerie","10":"pa_color-red-women-sexy-lingerie","11":"pa_size-wholesale-large-size-women-sexy-lingerie","12":"pa_size-wholesale-medium-size-women-sexy-lingerie","13":"pa_size-wholesale-small-size-sexy-lingerie","15":"first","16":"instock","17":"taxable","18":"shipping-taxable","19":"purchasable","20":"product-type-variable"},"tiered_pricing_type":"fixed","tiered_pricing_fixed_rules":[],"tiered_pricing_product_settings":{"layout":"table","base_unit_name":{"singular":null,"plural":null},"default_variation":null},"tiered_pricing_minimum_quantity":null,"tiered_pricing_roles_data":[],"tiered_pricing_percentage_rules":[],"tiered_pricing_maximum_quantity":null,"tiered_pricing_quantity_step":null,"_links":{"self":[{"href":"https:\/\/gretasexylingerie.com\/fi\/wp-json\/wp\/v2\/product\/50063","targetHints":{"allow":["GET"]}}],"collection":[{"href":"https:\/\/gretasexylingerie.com\/fi\/wp-json\/wp\/v2\/product"}],"about":[{"href":"https:\/\/gretasexylingerie.com\/fi\/wp-json\/wp\/v2\/types\/product"}],"wp:featuredmedia":[{"embeddable":true,"href":"https:\/\/gretasexylingerie.com\/fi\/wp-json\/wp\/v2\/media\/50061"}],"wp:attachment":[{"href":"https:\/\/gretasexylingerie.com\/fi\/wp-json\/wp\/v2\/media?parent=50063"}],"wp:term":[{"taxonomy":"product_brand","embeddable":true,"href":"https:\/\/gretasexylingerie.com\/fi\/wp-json\/wp\/v2\/product_brand?post=50063"},{"taxonomy":"product_cat","embeddable":true,"href":"https:\/\/gretasexylingerie.com\/fi\/wp-json\/wp\/v2\/product_cat?post=50063"},{"taxonomy":"product_tag","embeddable":true,"href":"https:\/\/gretasexylingerie.com\/fi\/wp-json\/wp\/v2\/product_tag?post=50063"}],"curies":[{"name":"wp","href":"https:\/\/api.w.org\/{rel}","templated":true}]}}