{"id":50049,"date":"2024-03-25T13:23:48","date_gmt":"2024-03-25T05:23:48","guid":{"rendered":"https:\/\/gretasexylingerie.com\/?post_type=product&#038;p=50049"},"modified":"2024-03-25T23:01:33","modified_gmt":"2024-03-25T15:01:33","slug":"tukku-nannipuristimet-jousella","status":"publish","type":"product","link":"https:\/\/gretasexylingerie.com\/fi\/products\/wholesale-nipple-clamps-with-bow\/","title":{"rendered":"Tukku n\u00e4nnikiinnikkeet jousinauhalla"},"content":{"rendered":"<p><strong>Tyylik\u00e4s rusetin nauhakoristelu<\/strong>: Jokainen n\u00e4nnipuristin on koristeltu herk\u00e4ll\u00e4 rusettinauhalla, joka lis\u00e4\u00e4 muotoiluun ripauksen eleganssia ja naisellisuutta. T\u00e4m\u00e4 ominaisuus vetoaa etsiviin <strong>n\u00e4nnikiinnityslelut<\/strong> jotka eiv\u00e4t ole vain toiminnallisia vaan my\u00f6s esteettisesti miellytt\u00e4vi\u00e4.<\/p>\n\n\n\n<p><strong>Leikkis\u00e4 kellariipus<\/strong>: Kellariipus lis\u00e4\u00e4 n\u00e4ihin kiinnikkeisiin ainutlaatuisen ja leikkis\u00e4n elementin. Kellojen lempe\u00e4 \u00e4\u00e4ni parantaa aistikokemusta, mik\u00e4 tekee n\u00e4ist\u00e4 puristimista suosikin k\u00e4ytt\u00e4jien keskuudessa, jotka etsiv\u00e4t leikkiess\u00e4\u00e4n kuulo\u00e4rsykkeit\u00e4.<\/p>\n\n\n\n<p><strong>Vaihtoehdot musta ja pinkki<\/strong>: Saatavana sek\u00e4 mustana ett\u00e4 vaaleanpunaisena, n\u00e4m\u00e4 n\u00e4nnipuristimet tarjoavat monipuolisuutta vastaamaan henkil\u00f6kohtaisia mieltymyksi\u00e4 tai tunnelmia. V\u00e4rivaihtoehdot mahdollistavat yksil\u00f6llisyyden ja monipuolisuuden <strong>kova n\u00e4nnipuristin<\/strong> kokoelma.<\/p>\n\n\n\n<p><strong>Suunniteltu nautinnolle ja mukavuudelle<\/strong>: Vaikka n\u00e4m\u00e4 puristimet on suunniteltu tarjoamaan tukeva ote, ne on luotu my\u00f6s mukavuutta ajatellen. Ne sopivat sek\u00e4 aloittelijoille ett\u00e4 kokeneille k\u00e4ytt\u00e4jille tarjoten s\u00e4\u00e4dett\u00e4v\u00e4n kokemuksen, joka voi vaihdella kevyest\u00e4 voimakkaampaan paineeseen.<\/p>\n\n\n\n<p><strong>T\u00e4ydellinen monipuoliseen pelaamiseen<\/strong>: N\u00e4m\u00e4 n\u00e4nnikiinnikkeet sopivat monenlaisiin peliskenaarioihin kevyest\u00e4 kiusoituksesta intensiivisemp\u00e4\u00e4n harjoitukseen. Ne ovat monipuolinen lis\u00e4 mihin tahansa kokoelmaan, mik\u00e4 parantaa k\u00e4ytt\u00f6kokemusta k\u00e4ytt\u00e4jille, jotka haluavat tutkia eri tasoisia tuntemuksia.<\/p>\n\n\n\n<p>Esittele asiakkaasi sekoitus eleganssia ja leikkis\u00e4\u00e4 stimulaatiota n\u00e4nninkiinnittimiemme avulla. Niiden ainutlaatuinen muotoilu yhdistettyn\u00e4 toiminnallisiin ominaisuuksiin tekee niist\u00e4 v\u00e4ltt\u00e4m\u00e4tt\u00f6mi\u00e4 kaikille, jotka haluavat lis\u00e4t\u00e4 tyyli\u00e4 aistipeleihins\u00e4. Tilaa nyt ja tarjoa asiakkaillesi hienostunut ja nautinnollinen kokemus!<\/p>","protected":false},"excerpt":{"rendered":"<p>Korosta kokoelmaasi meid\u00e4n avullamme <strong>n\u00e4nnikiinnikkeet<\/strong>, jossa on tyylikk\u00e4\u00e4t rusettinauhakoristeet ja leikkis\u00e4t kellariipukset mustana ja vaaleanpunaisena, yhdist\u00e4en tyylin tunteeseen.<\/p>","protected":false},"featured_media":50044,"template":"","meta":[],"product_brand":[],"product_cat":[1059,1062],"product_tag":[],"class_list":{"0":"post-50049","1":"product","2":"type-product","3":"status-publish","4":"has-post-thumbnail","6":"product_cat-wholesale-bondage-equipment","7":"product_cat-wholesale-labia-nipple-clamps","8":"pa_color-black","9":"pa_color-pink-women-sexy-lingerie","10":"pa_size-free","12":"first","13":"instock","14":"taxable","15":"shipping-taxable","16":"purchasable","17":"product-type-variable"},"tiered_pricing_type":"fixed","tiered_pricing_fixed_rules":[],"tiered_pricing_product_settings":{"layout":"table","base_unit_name":{"singular":null,"plural":null},"default_variation":null},"tiered_pricing_minimum_quantity":null,"tiered_pricing_roles_data":[],"tiered_pricing_percentage_rules":[],"tiered_pricing_maximum_quantity":null,"tiered_pricing_quantity_step":null,"_links":{"self":[{"href":"https:\/\/gretasexylingerie.com\/fi\/wp-json\/wp\/v2\/product\/50049","targetHints":{"allow":["GET"]}}],"collection":[{"href":"https:\/\/gretasexylingerie.com\/fi\/wp-json\/wp\/v2\/product"}],"about":[{"href":"https:\/\/gretasexylingerie.com\/fi\/wp-json\/wp\/v2\/types\/product"}],"wp:featuredmedia":[{"embeddable":true,"href":"https:\/\/gretasexylingerie.com\/fi\/wp-json\/wp\/v2\/media\/50044"}],"wp:attachment":[{"href":"https:\/\/gretasexylingerie.com\/fi\/wp-json\/wp\/v2\/media?parent=50049"}],"wp:term":[{"taxonomy":"product_brand","embeddable":true,"href":"https:\/\/gretasexylingerie.com\/fi\/wp-json\/wp\/v2\/product_brand?post=50049"},{"taxonomy":"product_cat","embeddable":true,"href":"https:\/\/gretasexylingerie.com\/fi\/wp-json\/wp\/v2\/product_cat?post=50049"},{"taxonomy":"product_tag","embeddable":true,"href":"https:\/\/gretasexylingerie.com\/fi\/wp-json\/wp\/v2\/product_tag?post=50049"}],"curies":[{"name":"wp","href":"https:\/\/api.w.org\/{rel}","templated":true}]}}